

{"id":2341,"date":"2025-02-10T19:59:24","date_gmt":"2025-02-10T18:59:24","guid":{"rendered":"https:\/\/alaska-france.fr\/boutique\/?post_type=product&#038;p=2341"},"modified":"2026-03-20T19:00:49","modified_gmt":"2026-03-20T18:00:49","slug":"pupitre-lateral-exterieur","status":"publish","type":"product","link":"https:\/\/alaska-france.fr\/boutique\/shop\/non-classe\/pupitre-lateral-exterieur\/","title":{"rendered":"Pupitre lat\u00e9ral ext\u00e9rieur"},"content":{"rendered":"<p><strong>Pupitre lat\u00e9ral ext\u00e9rieur<\/strong><\/p>\n<ul>\n<li>Transport de fen\u00eatres, portes, vitrages, portails<\/li>\n<li>Montage et d\u00e9montage sans outil<\/li>\n<li>Optimisation du parc de v\u00e9hicule<\/li>\n<\/ul>\n<p><strong>Le pupitre lat\u00e9ral est compos\u00e9 de<\/strong>\u00a0:<\/p>\n<ul>\n<li>Montant vertical avec joint de protection anti-glissement<\/li>\n<li>Sangle d&rsquo;arrimage de longueur 800 mm<\/li>\n<li>Fixations hautes sur pivot qui permettent d&rsquo;incliner le porte-charge lat\u00e9ral ext\u00e9rieur\u00a0pour un acc\u00e8s simplifi\u00e9 aux roues du v\u00e9hicule<\/li>\n<li>Sangle horizontale de s\u00e9rie<\/li>\n<li>Barre de maintien<\/li>\n<li>Pare-boue de s\u00e9rie<\/li>\n<li>Base de chargement rabattable<\/li>\n<li>Fixation basse avec goupille<\/li>\n<li>Pi\u00e8ce d&rsquo;appui basse (PAB) avec joint de protection anti glissement<\/li>\n<li>Pour plus de praticit\u00e9 la partie basse du porte-charge lat\u00e9ral ext\u00e9rieur\u00a0est relevable quand il n&rsquo;est pas utilis\u00e9<\/li>\n<\/ul>\n<p><strong>MEMO<\/strong><\/p>\n<ul>\n<li>Structure 100% aluminium<\/li>\n<li>D\u00e9montable en 3 min sans outil<\/li>\n<li>Equip\u00e9 de s\u00e9rie d&rsquo;une sangle d&rsquo;arrimage horizontale pour une s\u00e9curit\u00e9 renforc\u00e9e<\/li>\n<li>R\u00e9pond aux exigences de la norme ISO\/PAS 11154-E\/2006 et conforme au r\u00e9glement ONU n\u00b048<\/li>\n<li>Garantie 3 ans<\/li>\n<li>Montage 2h30 \/ 2 personnes<\/li>\n<li>Visserie 100% INOX<\/li>\n<\/ul>\n<p><a href=\"https:\/\/alaska-france.fr\/boutique\/wp-content\/uploads\/2025\/02\/Fiche-produit-Porte-charge-lateral-exterieur-RSM.pdf\" target=\"_blank\" rel=\"noopener\">Voir la fiche technique du pupitre lat\u00e9ral ext\u00e9rieur<\/a><\/p>\n","protected":false},"excerpt":{"rendered":"<p>Ce pupitre lat\u00e9ral en aluminium, id\u00e9al pour transporter fen\u00eatres et vitrages, se monte et se d\u00e9monte en 3 minutes sans aucun outil. Conforme aux normes de s\u00e9curit\u00e9, il est dot\u00e9 d&rsquo;une base rabattable, de protections anti-glissement et est garanti 3 ans.<\/p>\n","protected":false},"featured_media":12934,"comment_status":"open","ping_status":"closed","template":"","meta":[],"product_brand":[],"product_cat":[15],"product_tag":[],"class_list":{"0":"post-2341","1":"product","2":"type-product","3":"status-publish","4":"has-post-thumbnail","6":"product_cat-non-classe","8":"first","9":"instock","10":"taxable","11":"shipping-taxable","12":"product-type-simple"},"_links":{"self":[{"href":"https:\/\/alaska-france.fr\/boutique\/wp-json\/wp\/v2\/product\/2341","targetHints":{"allow":["GET"]}}],"collection":[{"href":"https:\/\/alaska-france.fr\/boutique\/wp-json\/wp\/v2\/product"}],"about":[{"href":"https:\/\/alaska-france.fr\/boutique\/wp-json\/wp\/v2\/types\/product"}],"replies":[{"embeddable":true,"href":"https:\/\/alaska-france.fr\/boutique\/wp-json\/wp\/v2\/comments?post=2341"}],"wp:featuredmedia":[{"embeddable":true,"href":"https:\/\/alaska-france.fr\/boutique\/wp-json\/wp\/v2\/media\/12934"}],"wp:attachment":[{"href":"https:\/\/alaska-france.fr\/boutique\/wp-json\/wp\/v2\/media?parent=2341"}],"wp:term":[{"taxonomy":"product_brand","embeddable":true,"href":"https:\/\/alaska-france.fr\/boutique\/wp-json\/wp\/v2\/product_brand?post=2341"},{"taxonomy":"product_cat","embeddable":true,"href":"https:\/\/alaska-france.fr\/boutique\/wp-json\/wp\/v2\/product_cat?post=2341"},{"taxonomy":"product_tag","embeddable":true,"href":"https:\/\/alaska-france.fr\/boutique\/wp-json\/wp\/v2\/product_tag?post=2341"}],"curies":[{"name":"wp","href":"https:\/\/api.w.org\/{rel}","templated":true}]}}