

{"id":2338,"date":"2025-02-10T19:56:32","date_gmt":"2025-02-10T18:56:32","guid":{"rendered":"https:\/\/alaska-france.fr\/boutique\/?post_type=product&#038;p=2338"},"modified":"2026-03-20T19:00:48","modified_gmt":"2026-03-20T18:00:48","slug":"butee-amovible","status":"publish","type":"product","link":"https:\/\/alaska-france.fr\/boutique\/shop\/non-classe\/butee-amovible\/","title":{"rendered":"But\u00e9e amovible"},"content":{"rendered":"<div class=\"product-desc mb-4\">\n<p><strong>But\u00e9e amovible<\/strong><\/p>\n<ul>\n<li>Solution additionnelle pour retenir et fixer des charges sur votre galerie<\/li>\n<li>Syst\u00e8me astucieux de rabattement \u00e0 90\u00b0<\/li>\n<li>Compos\u00e9e de profil\u00e9s aluminium et inox, joints en caoutchouc de protection et passage de sangles<\/li>\n<li>Positionnement \u00e0 l\u2019avant ou sur le c\u00f4t\u00e9 de la galerie<\/li>\n<\/ul>\n<p>Disponible aussi en:<\/p>\n<\/div>\n<div class=\"mt-5 mb-2\">\n<div class=\"d-flex flex-column flex-md-row flex-lg-column flex-xxl-row gap-0 gap-md-4 gap-lg-0 gap-xxl-4 characteristics\">\n<div class=\"w-100\">\n<div class=\"d-flex justify-content-between mb-3\">\n<div class=\"product-desc mb-4\"><strong>Kit But\u00e9es amovibles (2 but\u00e9es + 1 barre 35&#215;25 lg selon v\u00e9hicule)<\/strong><\/div>\n<div><strong>Kit But\u00e9es amovibles (4 but\u00e9es + 1 barre 35&#215;25 lg selon v\u00e9hicule)<\/strong><\/div>\n<\/div>\n<div><\/div>\n<div class=\"d-flex justify-content-between mb-3\">Compatible avec les galeries ALUMINIUM<\/div>\n<\/div>\n<\/div>\n<\/div>\n","protected":false},"excerpt":{"rendered":"<p>Cette but\u00e9e amovible, con\u00e7ue pour les galeries en aluminium, est une solution additionnelle pour retenir et fixer vos charges.<br \/>\nDot\u00e9e d&rsquo;un syst\u00e8me astucieux de rabattement \u00e0 90\u00b0, elle est disponible seule ou en kit avec une barre de maintien.<\/p>\n","protected":false},"featured_media":2339,"comment_status":"open","ping_status":"closed","template":"","meta":[],"product_brand":[],"product_cat":[15],"product_tag":[],"class_list":{"0":"post-2338","1":"product","2":"type-product","3":"status-publish","4":"has-post-thumbnail","6":"product_cat-non-classe","8":"first","9":"instock","10":"taxable","11":"shipping-taxable","12":"product-type-simple"},"_links":{"self":[{"href":"https:\/\/alaska-france.fr\/boutique\/wp-json\/wp\/v2\/product\/2338","targetHints":{"allow":["GET"]}}],"collection":[{"href":"https:\/\/alaska-france.fr\/boutique\/wp-json\/wp\/v2\/product"}],"about":[{"href":"https:\/\/alaska-france.fr\/boutique\/wp-json\/wp\/v2\/types\/product"}],"replies":[{"embeddable":true,"href":"https:\/\/alaska-france.fr\/boutique\/wp-json\/wp\/v2\/comments?post=2338"}],"wp:featuredmedia":[{"embeddable":true,"href":"https:\/\/alaska-france.fr\/boutique\/wp-json\/wp\/v2\/media\/2339"}],"wp:attachment":[{"href":"https:\/\/alaska-france.fr\/boutique\/wp-json\/wp\/v2\/media?parent=2338"}],"wp:term":[{"taxonomy":"product_brand","embeddable":true,"href":"https:\/\/alaska-france.fr\/boutique\/wp-json\/wp\/v2\/product_brand?post=2338"},{"taxonomy":"product_cat","embeddable":true,"href":"https:\/\/alaska-france.fr\/boutique\/wp-json\/wp\/v2\/product_cat?post=2338"},{"taxonomy":"product_tag","embeddable":true,"href":"https:\/\/alaska-france.fr\/boutique\/wp-json\/wp\/v2\/product_tag?post=2338"}],"curies":[{"name":"wp","href":"https:\/\/api.w.org\/{rel}","templated":true}]}}