

{"id":2329,"date":"2025-02-10T19:47:30","date_gmt":"2025-02-10T18:47:30","guid":{"rendered":"https:\/\/alaska-france.fr\/boutique\/?post_type=product&#038;p=2329"},"modified":"2026-03-20T19:00:49","modified_gmt":"2026-03-20T18:00:49","slug":"protection-camera-de-recul","status":"publish","type":"product","link":"https:\/\/alaska-france.fr\/boutique\/shop\/non-classe\/protection-camera-de-recul\/","title":{"rendered":"Protection cam\u00e9ra de recul"},"content":{"rendered":"<div class=\"product-desc mb-4\">\n<p><strong>Kit cam\u00e9ra de recul = jeu de 2 support barre \u00e0 rouleau + 100 mm<\/strong><\/p>\n<ul>\n<li>D\u00e9port de la barre \u00e0 rouleau + 100mm<\/li>\n<li>Prot\u00e8ge la cam\u00e9ra de recul et facilite le chargement<\/li>\n<\/ul>\n<\/div>\n<div class=\"mt-5 mb-2\">\n<div class=\"d-flex flex-column flex-md-row flex-lg-column flex-xxl-row gap-0 gap-md-4 gap-lg-0 gap-xxl-4 characteristics\">\n<div class=\"w-100\">\n<div class=\"d-flex justify-content-between mb-3\">\n<div class=\"product-desc mb-4\"><\/div>\n<\/div>\n<div class=\"d-flex justify-content-between mb-3\">Compatible avec les galeries ALUMINIUM<\/div>\n<\/div>\n<\/div>\n<\/div>\n","protected":false},"excerpt":{"rendered":"<p>Ce kit de 2 supports est con\u00e7u pour d\u00e9caler la barre \u00e0 rouleau de votre galerie en aluminium de 100 mm.<br \/>\nCe d\u00e9port prot\u00e8ge efficacement votre cam\u00e9ra de recul lors des man\u0153uvres et facilite le chargement.<\/p>\n","protected":false},"featured_media":2331,"comment_status":"open","ping_status":"closed","template":"","meta":[],"product_brand":[],"product_cat":[15],"product_tag":[],"class_list":{"0":"post-2329","1":"product","2":"type-product","3":"status-publish","4":"has-post-thumbnail","6":"product_cat-non-classe","8":"first","9":"instock","10":"taxable","11":"shipping-taxable","12":"product-type-simple"},"_links":{"self":[{"href":"https:\/\/alaska-france.fr\/boutique\/wp-json\/wp\/v2\/product\/2329","targetHints":{"allow":["GET"]}}],"collection":[{"href":"https:\/\/alaska-france.fr\/boutique\/wp-json\/wp\/v2\/product"}],"about":[{"href":"https:\/\/alaska-france.fr\/boutique\/wp-json\/wp\/v2\/types\/product"}],"replies":[{"embeddable":true,"href":"https:\/\/alaska-france.fr\/boutique\/wp-json\/wp\/v2\/comments?post=2329"}],"wp:featuredmedia":[{"embeddable":true,"href":"https:\/\/alaska-france.fr\/boutique\/wp-json\/wp\/v2\/media\/2331"}],"wp:attachment":[{"href":"https:\/\/alaska-france.fr\/boutique\/wp-json\/wp\/v2\/media?parent=2329"}],"wp:term":[{"taxonomy":"product_brand","embeddable":true,"href":"https:\/\/alaska-france.fr\/boutique\/wp-json\/wp\/v2\/product_brand?post=2329"},{"taxonomy":"product_cat","embeddable":true,"href":"https:\/\/alaska-france.fr\/boutique\/wp-json\/wp\/v2\/product_cat?post=2329"},{"taxonomy":"product_tag","embeddable":true,"href":"https:\/\/alaska-france.fr\/boutique\/wp-json\/wp\/v2\/product_tag?post=2329"}],"curies":[{"name":"wp","href":"https:\/\/api.w.org\/{rel}","templated":true}]}}