

{"id":2320,"date":"2025-02-10T19:38:30","date_gmt":"2025-02-10T18:38:30","guid":{"rendered":"https:\/\/alaska-france.fr\/boutique\/?post_type=product&#038;p=2320"},"modified":"2026-04-21T14:10:38","modified_gmt":"2026-04-21T12:10:38","slug":"bloque-echelle","status":"publish","type":"product","link":"https:\/\/alaska-france.fr\/boutique\/shop\/non-classe\/bloque-echelle\/","title":{"rendered":"Bloque \u00e9chelle"},"content":{"rendered":"<div class=\"product-desc mb-4\">\n<p><strong>Bloque-echelles de galerie Premium &#8211; installation en 3 secondes<\/strong><\/p>\n<p><strong>Gagnez en efficacit\u00e9 avec le fixe-\u00e9chelles de galerie PREMIUM II.<br \/>\n100% des utilisateurs le trouvent:<\/strong><\/p>\n<table style=\"border-collapse: collapse; width: 100%; height: 10px;\">\n<tbody>\n<tr style=\"height: 10px;\">\n<td style=\"width: 3.89134%; height: 10px;\"><\/td>\n<td style=\"width: 96.1087%; height: 10px;\">\n<ul style=\"list-style-type: disc;\">\n<li>Plus s\u00fbr<\/li>\n<li>Plus ergonomique<\/li>\n<li>Et surtout plus pratique<\/li>\n<li>Fixation et d\u00e9montage d&rsquo;1 main<\/li>\n<li>100% made in France<\/li>\n<li>Compatible pour des traverses jusqu&rsquo;\u00e0 70mm<\/li>\n<\/ul>\n<\/td>\n<\/tr>\n<\/tbody>\n<\/table>\n<p>&nbsp;<\/p>\n<p><strong>Ne n\u00e9gligez pas votre s\u00e9curit\u00e9 et celle des autres usagers de la route<\/strong>: Le fixe-\u00e9chelle SECURIBAT est robuste et fiable pour garantir le transport de vos \u00e9chelles en toute s\u00e9curit\u00e9.<\/p>\n<p>Le fixe-\u00e9chelles pr\u00e9mium est fabriqu\u00e9 \u00e0 partir de barres en composite et le crochet d&rsquo;arrimage en acier inoxydable. Sa composition rend l&rsquo;ensemble robuste et r\u00e9sistant \u00e0 la corrosion.<\/p>\n<p><strong>FACILE A INSTALLER : <\/strong>5 fois plus rapide que les blocages d&rsquo;\u00e9chelles standards<\/p>\n<p><strong>CAPACITE:<\/strong> S&rsquo;adapte aux \u00e9chelles compos\u00e9es jusqu&rsquo;\u00e0 4 parties.<\/p>\n<p><strong>SECURITE: <\/strong>Syst\u00e8me de verrouillage avec une cl\u00e9 pour s\u00e9curiser et prot\u00e9ger votre mat\u00e9riel contre le vol<\/p>\n<\/div>\n<div class=\"mt-5 mb-2\">\n<div class=\"d-flex flex-column flex-md-row flex-lg-column flex-xxl-row gap-0 gap-md-4 gap-lg-0 gap-xxl-4 characteristics\">\n<div class=\"w-100\">\n<div class=\"d-flex justify-content-between mb-3\"><\/div>\n<\/div>\n<\/div>\n<\/div>\n","protected":false},"excerpt":{"rendered":"<p>Cette paire de bloque-\u00e9chelles s&rsquo;installe simplement et rapidement sur les galeries en aluminium pour fixer tout type d&rsquo;\u00e9chelle.<br \/>\nLeur syst\u00e8me de verrouillage par cl\u00e9 offre une solution efficace pour s\u00e9curiser votre mat\u00e9riel contre le vol.<\/p>\n","protected":false},"featured_media":8228,"comment_status":"open","ping_status":"closed","template":"","meta":[],"product_brand":[],"product_cat":[15],"product_tag":[],"class_list":{"0":"post-2320","1":"product","2":"type-product","3":"status-publish","4":"has-post-thumbnail","6":"product_cat-non-classe","8":"first","9":"instock","10":"taxable","11":"shipping-taxable","12":"product-type-simple"},"_links":{"self":[{"href":"https:\/\/alaska-france.fr\/boutique\/wp-json\/wp\/v2\/product\/2320","targetHints":{"allow":["GET"]}}],"collection":[{"href":"https:\/\/alaska-france.fr\/boutique\/wp-json\/wp\/v2\/product"}],"about":[{"href":"https:\/\/alaska-france.fr\/boutique\/wp-json\/wp\/v2\/types\/product"}],"replies":[{"embeddable":true,"href":"https:\/\/alaska-france.fr\/boutique\/wp-json\/wp\/v2\/comments?post=2320"}],"wp:featuredmedia":[{"embeddable":true,"href":"https:\/\/alaska-france.fr\/boutique\/wp-json\/wp\/v2\/media\/8228"}],"wp:attachment":[{"href":"https:\/\/alaska-france.fr\/boutique\/wp-json\/wp\/v2\/media?parent=2320"}],"wp:term":[{"taxonomy":"product_brand","embeddable":true,"href":"https:\/\/alaska-france.fr\/boutique\/wp-json\/wp\/v2\/product_brand?post=2320"},{"taxonomy":"product_cat","embeddable":true,"href":"https:\/\/alaska-france.fr\/boutique\/wp-json\/wp\/v2\/product_cat?post=2320"},{"taxonomy":"product_tag","embeddable":true,"href":"https:\/\/alaska-france.fr\/boutique\/wp-json\/wp\/v2\/product_tag?post=2320"}],"curies":[{"name":"wp","href":"https:\/\/api.w.org\/{rel}","templated":true}]}}