

{"id":2314,"date":"2025-02-10T19:24:00","date_gmt":"2025-02-10T18:24:00","guid":{"rendered":"https:\/\/alaska-france.fr\/boutique\/?post_type=product&#038;p=2314"},"modified":"2026-03-20T19:00:48","modified_gmt":"2026-03-20T18:00:48","slug":"echelle-aluminium-amovible","status":"publish","type":"product","link":"https:\/\/alaska-france.fr\/boutique\/shop\/non-classe\/echelle-aluminium-amovible\/","title":{"rendered":"Echelle aluminium amovible"},"content":{"rendered":"<div class=\"product-desc mb-4\">\n<p><strong>Echelle ALU amovible \u00e0 ranger \u00e0 l&rsquo;int\u00e9rieur du v\u00e9hicule<\/strong><\/p>\n<p>&nbsp;<\/p>\n<ul>\n<li>L&rsquo; \u00e9chelle se pose au sol et peut \u00eatre accroch\u00e9e soit \u00e0 la barre \u00e0 rouleau soit \u00e0 la barri\u00e8re lat\u00e9rale<\/li>\n<li>Elle se range \u00e0 l&rsquo;int\u00e9rieur du v\u00e9hicule<\/li>\n<\/ul>\n<\/div>\n<div class=\"mt-5 mb-2\">\n<div class=\"d-flex flex-column flex-md-row flex-lg-column flex-xxl-row gap-0 gap-md-4 gap-lg-0 gap-xxl-4 characteristics\">\n<div class=\"w-100\">\n<div class=\"d-flex justify-content-between mb-3\">\n<div class=\"product-desc mb-4\"><\/div>\n<\/div>\n<div class=\"d-flex justify-content-between mb-3\">Compatible avec les galeries ALUMINIUM<\/div>\n<\/div>\n<\/div>\n<\/div>\n","protected":false},"excerpt":{"rendered":"<p>Cette \u00e9chelle amovible en aluminium est con\u00e7ue pour \u00eatre facilement rang\u00e9e \u00e0 l&rsquo;int\u00e9rieur de votre v\u00e9hicule.<br \/>\nPour l&rsquo;utiliser, il suffit de la poser au sol et de l&rsquo;accrocher soit \u00e0 la barre \u00e0 rouleau, soit \u00e0 la barri\u00e8re lat\u00e9rale de votre galerie.<\/p>\n","protected":false},"featured_media":8230,"comment_status":"open","ping_status":"closed","template":"","meta":[],"product_brand":[],"product_cat":[15],"product_tag":[],"class_list":{"0":"post-2314","1":"product","2":"type-product","3":"status-publish","4":"has-post-thumbnail","6":"product_cat-non-classe","8":"first","9":"instock","10":"taxable","11":"shipping-taxable","12":"product-type-simple"},"_links":{"self":[{"href":"https:\/\/alaska-france.fr\/boutique\/wp-json\/wp\/v2\/product\/2314","targetHints":{"allow":["GET"]}}],"collection":[{"href":"https:\/\/alaska-france.fr\/boutique\/wp-json\/wp\/v2\/product"}],"about":[{"href":"https:\/\/alaska-france.fr\/boutique\/wp-json\/wp\/v2\/types\/product"}],"replies":[{"embeddable":true,"href":"https:\/\/alaska-france.fr\/boutique\/wp-json\/wp\/v2\/comments?post=2314"}],"wp:featuredmedia":[{"embeddable":true,"href":"https:\/\/alaska-france.fr\/boutique\/wp-json\/wp\/v2\/media\/8230"}],"wp:attachment":[{"href":"https:\/\/alaska-france.fr\/boutique\/wp-json\/wp\/v2\/media?parent=2314"}],"wp:term":[{"taxonomy":"product_brand","embeddable":true,"href":"https:\/\/alaska-france.fr\/boutique\/wp-json\/wp\/v2\/product_brand?post=2314"},{"taxonomy":"product_cat","embeddable":true,"href":"https:\/\/alaska-france.fr\/boutique\/wp-json\/wp\/v2\/product_cat?post=2314"},{"taxonomy":"product_tag","embeddable":true,"href":"https:\/\/alaska-france.fr\/boutique\/wp-json\/wp\/v2\/product_tag?post=2314"}],"curies":[{"name":"wp","href":"https:\/\/api.w.org\/{rel}","templated":true}]}}