

{"id":2310,"date":"2025-02-10T19:16:22","date_gmt":"2025-02-10T18:16:22","guid":{"rendered":"https:\/\/alaska-france.fr\/boutique\/?post_type=product&#038;p=2310"},"modified":"2026-03-20T19:00:48","modified_gmt":"2026-03-20T18:00:48","slug":"echelle-aluminium-plate","status":"publish","type":"product","link":"https:\/\/alaska-france.fr\/boutique\/shop\/non-classe\/echelle-aluminium-plate\/","title":{"rendered":"Echelle aluminium plate"},"content":{"rendered":"<div class=\"product-desc mb-4\">\n<p><strong>\u00c9chelle alu plate (Galerie acier)<\/strong><\/p>\n<p>\u2022 Montants : tube carr\u00e9 30 x 20 mm<br \/>\n\u2022 Barreaux : profils 50 x 25 mm<\/p>\n<\/div>\n<div class=\"mt-5 mb-2\">\n<div class=\"d-flex flex-column flex-md-row flex-lg-column flex-xxl-row gap-0 gap-md-4 gap-lg-0 gap-xxl-4 characteristics\">\n<div class=\"w-100\">\n<div class=\"d-flex justify-content-between mb-3\">\n<div class=\"product-desc mb-4\"><\/div>\n<\/div>\n<div class=\"d-flex justify-content-between mb-3\">Compatible avec les galeries ACIER<\/div>\n<\/div>\n<\/div>\n<\/div>\n","protected":false},"excerpt":{"rendered":"<p>Cette \u00e9chelle plate en aluminium est con\u00e7ue pour s&rsquo;adapter parfaitement aux galeries de toit en acier.<br \/>\nElle est fabriqu\u00e9e avec des montants et des barreaux robustes, garantissant fiabilit\u00e9 et durabilit\u00e9<\/p>\n","protected":false},"featured_media":2311,"comment_status":"open","ping_status":"closed","template":"","meta":[],"product_brand":[],"product_cat":[15],"product_tag":[],"class_list":{"0":"post-2310","1":"product","2":"type-product","3":"status-publish","4":"has-post-thumbnail","6":"product_cat-non-classe","8":"first","9":"instock","10":"taxable","11":"shipping-taxable","12":"product-type-simple"},"_links":{"self":[{"href":"https:\/\/alaska-france.fr\/boutique\/wp-json\/wp\/v2\/product\/2310","targetHints":{"allow":["GET"]}}],"collection":[{"href":"https:\/\/alaska-france.fr\/boutique\/wp-json\/wp\/v2\/product"}],"about":[{"href":"https:\/\/alaska-france.fr\/boutique\/wp-json\/wp\/v2\/types\/product"}],"replies":[{"embeddable":true,"href":"https:\/\/alaska-france.fr\/boutique\/wp-json\/wp\/v2\/comments?post=2310"}],"wp:featuredmedia":[{"embeddable":true,"href":"https:\/\/alaska-france.fr\/boutique\/wp-json\/wp\/v2\/media\/2311"}],"wp:attachment":[{"href":"https:\/\/alaska-france.fr\/boutique\/wp-json\/wp\/v2\/media?parent=2310"}],"wp:term":[{"taxonomy":"product_brand","embeddable":true,"href":"https:\/\/alaska-france.fr\/boutique\/wp-json\/wp\/v2\/product_brand?post=2310"},{"taxonomy":"product_cat","embeddable":true,"href":"https:\/\/alaska-france.fr\/boutique\/wp-json\/wp\/v2\/product_cat?post=2310"},{"taxonomy":"product_tag","embeddable":true,"href":"https:\/\/alaska-france.fr\/boutique\/wp-json\/wp\/v2\/product_tag?post=2310"}],"curies":[{"name":"wp","href":"https:\/\/api.w.org\/{rel}","templated":true}]}}