

{"id":2285,"date":"2025-02-10T17:53:40","date_gmt":"2025-02-10T16:53:40","guid":{"rendered":"https:\/\/alaska-france.fr\/boutique\/?post_type=product&#038;p=2285"},"modified":"2026-03-20T19:00:48","modified_gmt":"2026-03-20T18:00:48","slug":"echelle-coulissante-sous-passerelle-sur-galerie","status":"publish","type":"product","link":"https:\/\/alaska-france.fr\/boutique\/shop\/non-classe\/echelle-coulissante-sous-passerelle-sur-galerie\/","title":{"rendered":"Echelle coulissante sous passerelle"},"content":{"rendered":"<div class=\"product-desc mb-4\">\n<p><strong>Echelle coulissante sous passerelle (sur galerie) hauteur 80 mm<\/strong><\/p>\n<ul>\n<li>Se fixe sur la galerie et remplace la combinaison passerelle et \u00e9chelle fixe<\/li>\n<li>S\u00e9curise l&rsquo;acc\u00e8s \u00e0 la galerie et prend peu de place du fait qu&rsquo;elle se coulisse facilement sous la passerelle<\/li>\n<\/ul>\n<\/div>\n<div class=\"mt-5 mb-2\">\n<div class=\"d-flex flex-column flex-md-row flex-lg-column flex-xxl-row gap-0 gap-md-4 gap-lg-0 gap-xxl-4 characteristics\">\n<div class=\"w-100\">\n<div class=\"d-flex justify-content-between mb-3\">\n<div class=\"product-desc mb-4\"><\/div>\n<\/div>\n<div class=\"d-flex justify-content-between mb-3\">Compatible avec les galeries ALUMINIUM<\/div>\n<\/div>\n<\/div>\n<\/div>\n","protected":false},"excerpt":{"rendered":"<p>Cette solution 2-en-1, pour galeries en aluminium, combine une \u00e9chelle et une passerelle en un seul \u00e9l\u00e9ment.<br \/>\nL&rsquo;\u00e9chelle coulisse facilement sous la passerelle, garantissant un gain de place optimal et un acc\u00e8s s\u00e9curis\u00e9 \u00e0 votre chargement.<\/p>\n","protected":false},"featured_media":4880,"comment_status":"open","ping_status":"closed","template":"","meta":[],"product_brand":[],"product_cat":[15],"product_tag":[],"class_list":{"0":"post-2285","1":"product","2":"type-product","3":"status-publish","4":"has-post-thumbnail","6":"product_cat-non-classe","8":"first","9":"instock","10":"taxable","11":"shipping-taxable","12":"product-type-simple"},"_links":{"self":[{"href":"https:\/\/alaska-france.fr\/boutique\/wp-json\/wp\/v2\/product\/2285","targetHints":{"allow":["GET"]}}],"collection":[{"href":"https:\/\/alaska-france.fr\/boutique\/wp-json\/wp\/v2\/product"}],"about":[{"href":"https:\/\/alaska-france.fr\/boutique\/wp-json\/wp\/v2\/types\/product"}],"replies":[{"embeddable":true,"href":"https:\/\/alaska-france.fr\/boutique\/wp-json\/wp\/v2\/comments?post=2285"}],"wp:featuredmedia":[{"embeddable":true,"href":"https:\/\/alaska-france.fr\/boutique\/wp-json\/wp\/v2\/media\/4880"}],"wp:attachment":[{"href":"https:\/\/alaska-france.fr\/boutique\/wp-json\/wp\/v2\/media?parent=2285"}],"wp:term":[{"taxonomy":"product_brand","embeddable":true,"href":"https:\/\/alaska-france.fr\/boutique\/wp-json\/wp\/v2\/product_brand?post=2285"},{"taxonomy":"product_cat","embeddable":true,"href":"https:\/\/alaska-france.fr\/boutique\/wp-json\/wp\/v2\/product_cat?post=2285"},{"taxonomy":"product_tag","embeddable":true,"href":"https:\/\/alaska-france.fr\/boutique\/wp-json\/wp\/v2\/product_tag?post=2285"}],"curies":[{"name":"wp","href":"https:\/\/api.w.org\/{rel}","templated":true}]}}