

{"id":2275,"date":"2025-02-10T17:09:37","date_gmt":"2025-02-10T16:09:37","guid":{"rendered":"https:\/\/alaska-france.fr\/boutique\/?post_type=product&#038;p=2275"},"modified":"2026-03-20T19:00:48","modified_gmt":"2026-03-20T18:00:48","slug":"echelle-standard-sur-portes-arriere","status":"publish","type":"product","link":"https:\/\/alaska-france.fr\/boutique\/shop\/non-classe\/echelle-standard-sur-portes-arriere\/","title":{"rendered":"Echelle standard sur portes arri\u00e8re"},"content":{"rendered":"<div class=\"product-desc mb-4\"><\/div>\n<div class=\"mt-5 mb-2\">\n<div class=\"d-flex flex-column flex-md-row flex-lg-column flex-xxl-row gap-0 gap-md-4 gap-lg-0 gap-xxl-4 characteristics\">\n<div class=\"w-100\">\n<div class=\"d-flex justify-content-between mb-3\">\n<div class=\"product-desc mb-4\">\n<p><strong>\u00c9chelle Standard Aluminium<\/strong><\/p>\n<p><strong>Montants:\u00a0<\/strong><\/p>\n<ul>\n<li>Tube carr\u00e9 : 25x25x2 mm<\/li>\n<\/ul>\n<p><strong>Barreaux :<\/strong><\/p>\n<ul>\n<li>Profils cannel\u00e9s : \u00d825mm<\/li>\n<\/ul>\n<\/div>\n<div><\/div>\n<div class=\"product-documents d-flex gap-2 mb-4\"><span style=\"font-size: 14pt; color: inherit; font-family: inherit; font-weight: bold; letter-spacing: -0.02em;\">Caract\u00e9ristiques<\/span><\/div>\n<div class=\"mt-5 mb-2\">\n<div class=\"d-flex flex-column flex-md-row flex-lg-column flex-xxl-row gap-0 gap-md-4 gap-lg-0 gap-xxl-4 characteristics\">\n<div class=\"w-100\">\n<div class=\"d-flex justify-content-between mb-3\">Largeur <strong>1600mm<\/strong><\/div>\n<\/div>\n<div class=\"w-100\">\n<div class=\"d-flex justify-content-between mb-3\">Longueur <strong>2385mm<\/strong><\/div>\n<\/div>\n<\/div>\n<\/div>\n<\/div>\n<div class=\"d-flex justify-content-between mb-3\"><\/div>\n<\/div>\n<\/div>\n<\/div>\n","protected":false},"excerpt":{"rendered":"<p>Cette \u00e9chelle standard en aluminium est fabriqu\u00e9e avec des montants robustes en tube carr\u00e9 de 25&#215;25 mm.<br \/>\nD&rsquo;une dimension de 1600&#215;2385 mm, ses barreaux ronds et cannel\u00e9s garantissent un appui s\u00e9curis\u00e9 et antid\u00e9rapant.<\/p>\n","protected":false},"featured_media":2276,"comment_status":"open","ping_status":"closed","template":"","meta":[],"product_brand":[],"product_cat":[15],"product_tag":[],"class_list":{"0":"post-2275","1":"product","2":"type-product","3":"status-publish","4":"has-post-thumbnail","6":"product_cat-non-classe","8":"first","9":"instock","10":"taxable","11":"shipping-taxable","12":"product-type-simple"},"_links":{"self":[{"href":"https:\/\/alaska-france.fr\/boutique\/wp-json\/wp\/v2\/product\/2275","targetHints":{"allow":["GET"]}}],"collection":[{"href":"https:\/\/alaska-france.fr\/boutique\/wp-json\/wp\/v2\/product"}],"about":[{"href":"https:\/\/alaska-france.fr\/boutique\/wp-json\/wp\/v2\/types\/product"}],"replies":[{"embeddable":true,"href":"https:\/\/alaska-france.fr\/boutique\/wp-json\/wp\/v2\/comments?post=2275"}],"wp:featuredmedia":[{"embeddable":true,"href":"https:\/\/alaska-france.fr\/boutique\/wp-json\/wp\/v2\/media\/2276"}],"wp:attachment":[{"href":"https:\/\/alaska-france.fr\/boutique\/wp-json\/wp\/v2\/media?parent=2275"}],"wp:term":[{"taxonomy":"product_brand","embeddable":true,"href":"https:\/\/alaska-france.fr\/boutique\/wp-json\/wp\/v2\/product_brand?post=2275"},{"taxonomy":"product_cat","embeddable":true,"href":"https:\/\/alaska-france.fr\/boutique\/wp-json\/wp\/v2\/product_cat?post=2275"},{"taxonomy":"product_tag","embeddable":true,"href":"https:\/\/alaska-france.fr\/boutique\/wp-json\/wp\/v2\/product_tag?post=2275"}],"curies":[{"name":"wp","href":"https:\/\/api.w.org\/{rel}","templated":true}]}}