

{"id":2270,"date":"2025-02-10T16:59:25","date_gmt":"2025-02-10T15:59:25","guid":{"rendered":"https:\/\/alaska-france.fr\/boutique\/?post_type=product&#038;p=2270"},"modified":"2026-03-20T19:00:48","modified_gmt":"2026-03-20T18:00:48","slug":"chassis-de-toit-pour-pupitre-lateral","status":"publish","type":"product","link":"https:\/\/alaska-france.fr\/boutique\/shop\/non-classe\/chassis-de-toit-pour-pupitre-lateral\/","title":{"rendered":"Chassis de toit (pour pupitre lat\u00e9ral)"},"content":{"rendered":"<div class=\"product-desc mb-4\">\n<p><strong>Chassis de toit (jeu de barres)<\/strong><\/p>\n<ul>\n<li>Economique<\/li>\n<li>Limite la hauteur<\/li>\n<li>L\u00e9g\u00e8re<\/li>\n<\/ul>\n<p>&nbsp;<\/p>\n<ul>\n<li>Assemblage et pose\n<ul>\n<li>Fourgon : 1h30 \/2 pers<\/li>\n<li>Fourgonnette : 45min \/1\u00a0pers<\/li>\n<\/ul>\n<\/li>\n<\/ul>\n<p><strong>Galerie compos\u00e9e de :\u00a0<\/strong><\/p>\n<ul>\n<li>Longeron aluminium<\/li>\n<li>Traverse : Tube rectangle 30&#215;20<\/li>\n<li>D\u00e9flecteur d&rsquo;air aluminium : Permet de r\u00e9duire les turbulences a\u00e9rodynamique<\/li>\n<li>Barri\u00e8res soud\u00e9es<\/li>\n<\/ul>\n<\/div>\n<div class=\"product-documents d-flex gap-2 mb-4\"><\/div>\n<div class=\"mt-5 mb-2\">\n<h2 class=\"mb-4\"><span style=\"font-size: 14pt;\">Caract\u00e9ristiques :<\/span><\/h2>\n<div class=\"d-flex flex-column flex-md-row flex-lg-column flex-xxl-row gap-0 gap-md-4 gap-lg-0 gap-xxl-4 characteristics\">\n<div class=\"w-100\">\n<div class=\"d-flex justify-content-between mb-3\">Poids <strong>23kg<\/strong><\/div>\n<div class=\"d-flex justify-content-between mb-3\">Largeur <strong>1600mm<\/strong><\/div>\n<\/div>\n<div class=\"w-100\">\n<div class=\"d-flex justify-content-between mb-3\">Longueur <strong>3200mm<\/strong><\/div>\n<div class=\"d-flex justify-content-between mb-3\"><\/div>\n<\/div>\n<\/div>\n<\/div>\n","protected":false},"excerpt":{"rendered":"<p>Ce ch\u00e2ssis de toit en aluminium est une solution de portage \u00e9conomique, l\u00e9g\u00e8re et qui limite la hauteur du v\u00e9hicule.<br \/>\nIl est livr\u00e9 complet avec des barri\u00e8res soud\u00e9es et un d\u00e9flecteur d&rsquo;air, pour des dimensions de 3200&#215;1600 mm.<\/p>\n","protected":false},"featured_media":2272,"comment_status":"open","ping_status":"closed","template":"","meta":[],"product_brand":[],"product_cat":[15],"product_tag":[],"class_list":{"0":"post-2270","1":"product","2":"type-product","3":"status-publish","4":"has-post-thumbnail","6":"product_cat-non-classe","8":"first","9":"instock","10":"taxable","11":"shipping-taxable","12":"product-type-simple"},"_links":{"self":[{"href":"https:\/\/alaska-france.fr\/boutique\/wp-json\/wp\/v2\/product\/2270","targetHints":{"allow":["GET"]}}],"collection":[{"href":"https:\/\/alaska-france.fr\/boutique\/wp-json\/wp\/v2\/product"}],"about":[{"href":"https:\/\/alaska-france.fr\/boutique\/wp-json\/wp\/v2\/types\/product"}],"replies":[{"embeddable":true,"href":"https:\/\/alaska-france.fr\/boutique\/wp-json\/wp\/v2\/comments?post=2270"}],"wp:featuredmedia":[{"embeddable":true,"href":"https:\/\/alaska-france.fr\/boutique\/wp-json\/wp\/v2\/media\/2272"}],"wp:attachment":[{"href":"https:\/\/alaska-france.fr\/boutique\/wp-json\/wp\/v2\/media?parent=2270"}],"wp:term":[{"taxonomy":"product_brand","embeddable":true,"href":"https:\/\/alaska-france.fr\/boutique\/wp-json\/wp\/v2\/product_brand?post=2270"},{"taxonomy":"product_cat","embeddable":true,"href":"https:\/\/alaska-france.fr\/boutique\/wp-json\/wp\/v2\/product_cat?post=2270"},{"taxonomy":"product_tag","embeddable":true,"href":"https:\/\/alaska-france.fr\/boutique\/wp-json\/wp\/v2\/product_tag?post=2270"}],"curies":[{"name":"wp","href":"https:\/\/api.w.org\/{rel}","templated":true}]}}