

{"id":2254,"date":"2025-02-10T15:31:38","date_gmt":"2025-02-10T14:31:38","guid":{"rendered":"https:\/\/alaska-france.fr\/boutique\/produit\/galerie-aluminium-standard\/"},"modified":"2026-04-28T14:31:47","modified_gmt":"2026-04-28T12:31:47","slug":"galerie-aluminium-standard","status":"publish","type":"product","link":"https:\/\/alaska-france.fr\/boutique\/shop\/non-classe\/galerie-aluminium-standard\/","title":{"rendered":"Galerie ALUMINIUM Standard G-MAX"},"content":{"rendered":"<p><span style=\"font-size: 20px;\">La r\u00e9f\u00e9rence pour les pros intensifs : <strong data-start=\"184\" data-end=\"234\">capacit\u00e9 maximale et robustesse sans compromis<\/strong>.<\/span><\/p>\n<p><strong>Galerie G-Max (aluminium standard)<\/strong><\/p>\n<ul>\n<li>A\u00e9rodynamique<\/li>\n<li>Robuste<\/li>\n<li>L\u00e9g\u00e8re<\/li>\n<\/ul>\n<p>Assemblage et pose<\/p>\n<ul>\n<li>2h \/2 pers<\/li>\n<\/ul>\n<p><span style=\"text-decoration: underline;\">Galerie compos\u00e9e de<\/span> :<\/p>\n<ul>\n<li>Rouleau de chargement acier \u00d840 : Poss\u00e8de des roulements \u00e0 billes et des fixations inox rivet\u00e9es sur la derni\u00e8re traverse<\/li>\n<li>Longeron aluminium<\/li>\n<li>Passerelle aluminium : Antid\u00e9rapante<\/li>\n<li>Traverse : Tube rectangle 30&#215;20<\/li>\n<li>D\u00e9flecteur d&rsquo;air aluminium : Permet de r\u00e9duire les turbulences a\u00e9rodynamique<\/li>\n<li>Barri\u00e8res soud\u00e9es<\/li>\n<li>Echelle sur les portes arri\u00e8re (selon le type de v\u00e9hicule) (plusieurs types d&rsquo;\u00e9chelles disponibles)<\/li>\n<\/ul>\n<p><a href=\"https:\/\/alaska-france.fr\/boutique\/wp-content\/uploads\/2025\/02\/accessoires.pdf\">Voir les options de galerie<\/a><\/p>\n","protected":false},"excerpt":{"rendered":"<p>La r\u00e9f\u00e9rence pour les pros intensifs : capacit\u00e9 maximale et robustesse sans compromis. Galerie G-Max (aluminium standard) A\u00e9rodynamique Robuste L\u00e9g\u00e8re Assemblage et pose 2h \/2 pers Galerie compos\u00e9e de : Rouleau de chargement acier \u00d840&hellip;<\/p>\n","protected":false},"featured_media":18450,"comment_status":"open","ping_status":"closed","template":"","meta":[],"product_brand":[],"product_cat":[15],"product_tag":[],"class_list":{"0":"post-2254","1":"product","2":"type-product","3":"status-publish","4":"has-post-thumbnail","6":"product_cat-non-classe","8":"first","9":"instock","10":"taxable","11":"shipping-taxable","12":"product-type-simple"},"_links":{"self":[{"href":"https:\/\/alaska-france.fr\/boutique\/wp-json\/wp\/v2\/product\/2254","targetHints":{"allow":["GET"]}}],"collection":[{"href":"https:\/\/alaska-france.fr\/boutique\/wp-json\/wp\/v2\/product"}],"about":[{"href":"https:\/\/alaska-france.fr\/boutique\/wp-json\/wp\/v2\/types\/product"}],"replies":[{"embeddable":true,"href":"https:\/\/alaska-france.fr\/boutique\/wp-json\/wp\/v2\/comments?post=2254"}],"wp:featuredmedia":[{"embeddable":true,"href":"https:\/\/alaska-france.fr\/boutique\/wp-json\/wp\/v2\/media\/18450"}],"wp:attachment":[{"href":"https:\/\/alaska-france.fr\/boutique\/wp-json\/wp\/v2\/media?parent=2254"}],"wp:term":[{"taxonomy":"product_brand","embeddable":true,"href":"https:\/\/alaska-france.fr\/boutique\/wp-json\/wp\/v2\/product_brand?post=2254"},{"taxonomy":"product_cat","embeddable":true,"href":"https:\/\/alaska-france.fr\/boutique\/wp-json\/wp\/v2\/product_cat?post=2254"},{"taxonomy":"product_tag","embeddable":true,"href":"https:\/\/alaska-france.fr\/boutique\/wp-json\/wp\/v2\/product_tag?post=2254"}],"curies":[{"name":"wp","href":"https:\/\/api.w.org\/{rel}","templated":true}]}}