

{"id":18677,"date":"2026-05-06T14:29:26","date_gmt":"2026-05-06T12:29:26","guid":{"rendered":"https:\/\/alaska-france.fr\/boutique\/?post_type=product&#038;p=18677"},"modified":"2026-05-06T14:29:54","modified_gmt":"2026-05-06T12:29:54","slug":"pupitre-exterieur-2","status":"publish","type":"product","link":"https:\/\/alaska-france.fr\/boutique\/shop\/non-classe\/pupitre-exterieur-2\/","title":{"rendered":"Pupitre Ext\u00e9rieur"},"content":{"rendered":"<p><span style=\"font-size: 20px;\">La solution amovible et s\u00e9curis\u00e9e : <strong data-start=\"60\" data-end=\"211\" data-is-only-node=\"\">transportez vos vitrages et charges fragiles en toute stabilit\u00e9, avec une installation rapide sans outil et une utilisation pens\u00e9e pour le terrain.<\/strong><\/span><\/p>\n<p><b>Pupitre Ext\u00e9rieur<\/b><\/p>\n<ul>\n<li>\n<p class=\"cvGsUA direction-ltr align-start para-style-body\"><span class=\"a_GcMg font-feature-liga-off font-feature-clig-off font-feature-calt-off text-decoration-none text-strikethrough-none\">Montage et d\u00e9montage sans outil<\/span><\/p>\n<\/li>\n<li>\n<p class=\"cvGsUA direction-ltr align-start para-style-body\"><span class=\"a_GcMg font-feature-liga-off font-feature-clig-off font-feature-calt-off text-decoration-none text-strikethrough-none\">\u00c9quipement amovible en 3 minutes<\/span><\/p>\n<\/li>\n<li>\n<p class=\"cvGsUA direction-ltr align-start para-style-body\"><span class=\"a_GcMg font-feature-liga-off font-feature-clig-off font-feature-calt-off text-decoration-none text-strikethrough-none\">Prise \u00e9lectrique ext\u00e9rieure \u00e9tanche<\/span><\/p>\n<\/li>\n<li>\n<p class=\"cvGsUA direction-ltr align-start para-style-body\"><span class=\"a_GcMg font-feature-liga-off font-feature-clig-off font-feature-calt-off text-decoration-none text-strikethrough-none\">Barres de maintien autoblocantes<\/span><\/p>\n<\/li>\n<li>\n<p class=\"cvGsUA direction-ltr align-start para-style-body\"><span class=\"a_GcMg font-feature-liga-off font-feature-clig-off font-feature-calt-off text-decoration-none text-strikethrough-none\">Sangle d&rsquo;arrimage horizontale de s\u00e9rie<\/span><\/p>\n<\/li>\n<li>\n<p class=\"cvGsUA direction-ltr align-start para-style-body\">Assemblage et pose<\/p>\n<\/li>\n<\/ul>\n<p>Montage 2h30 \/ 2 personnes<\/p>\n<p><span style=\"text-decoration: underline;\">Pupitre Ext\u00e9rieur compos\u00e9e de<\/span> :<\/p>\n<ul>\n<li><span class=\"a_GcMg font-feature-liga-off font-feature-clig-off font-feature-calt-off text-decoration-none text-strikethrough-none\">SYST\u00c8ME DE RANGEMENT DES BARRES DE MAINTIEN<\/span><\/li>\n<li><span class=\"a_GcMg font-feature-liga-off font-feature-clig-off font-feature-calt-off text-decoration-none text-strikethrough-none\">PI\u00c8CE D&rsquo;APPUI HAUTE REPLIABLE<\/span><\/li>\n<li><span class=\"a_GcMg font-feature-liga-off font-feature-clig-off font-feature-calt-off text-decoration-none text-strikethrough-none\">PATTE DE FIXATION HAUTE<\/span><\/li>\n<li><span class=\"a_GcMg font-feature-liga-off font-feature-clig-off font-feature-calt-off text-decoration-none text-strikethrough-none\">MONTANT VERTICAL AVEC JOINT DE PROTECTION<\/span><\/li>\n<li>\n<p class=\"cvGsUA direction-ltr align-start para-style-body\"><span class=\"a_GcMg font-feature-liga-off font-feature-clig-off font-feature-calt-off text-decoration-none text-strikethrough-none\">SANGLE D&rsquo;ARRIMAGE <\/span><span class=\"a_GcMg font-feature-liga-off font-feature-clig-off font-feature-calt-off text-decoration-none text-strikethrough-none\">HORIZONTALE DE S\u00c9CURIT\u00c9<\/span><\/p>\n<\/li>\n<li>\n<p class=\"cvGsUA direction-ltr align-start para-style-body\"><span class=\"a_GcMg font-feature-liga-off font-feature-clig-off font-feature-calt-off text-decoration-none text-strikethrough-none\">BARRE DE MAINTIEN <\/span><span class=\"a_GcMg font-feature-liga-off font-feature-clig-off font-feature-calt-off text-decoration-none text-strikethrough-none\">AUTOBLOQUANTE<\/span><\/p>\n<\/li>\n<li><span class=\"a_GcMg font-feature-liga-off font-feature-clig-off font-feature-calt-off text-decoration-none text-strikethrough-none\">PARE-BOUE ALUMINIUM<\/span><\/li>\n<li><span class=\"a_GcMg font-feature-liga-off font-feature-clig-off font-feature-calt-off text-decoration-none text-strikethrough-none\">VERROU<\/span><\/li>\n<li><span class=\"a_GcMg font-feature-liga-off font-feature-clig-off font-feature-calt-off text-decoration-none text-strikethrough-none\">FIXATION BASSE<\/span><\/li>\n<li><span class=\"a_GcMg font-feature-liga-off font-feature-clig-off font-feature-calt-off text-decoration-none text-strikethrough-none\">PI\u00c8CE D&rsquo;APPUI BASSE AVEC JOINTS DE PROTECTION ANTI-D\u00c9RAPANTS<\/span><\/li>\n<li><span class=\"a_GcMg font-feature-liga-off font-feature-clig-off font-feature-calt-off text-decoration-none text-strikethrough-none\">BARRE TROTTOIR RABATTABLE<\/span><\/li>\n<\/ul>\n<p><a href=\"https:\/\/alaska-france.fr\/boutique\/wp-content\/uploads\/2025\/02\/accessoires.pdf\">Voir les options de galerie<\/a><\/p>\n","protected":false},"excerpt":{"rendered":"<p>La solution amovible et s\u00e9curis\u00e9e : transportez vos vitrages et charges fragiles en toute stabilit\u00e9, avec une installation rapide sans outil et une utilisation pens\u00e9e pour le terrain. Pupitre Ext\u00e9rieur Montage et d\u00e9montage sans outil&hellip;<\/p>\n","protected":false},"featured_media":18609,"comment_status":"open","ping_status":"closed","template":"","meta":[],"product_brand":[],"product_cat":[15],"product_tag":[],"class_list":{"0":"post-18677","1":"product","2":"type-product","3":"status-publish","4":"has-post-thumbnail","6":"product_cat-non-classe","8":"first","9":"instock","10":"taxable","11":"shipping-taxable","12":"product-type-simple"},"_links":{"self":[{"href":"https:\/\/alaska-france.fr\/boutique\/wp-json\/wp\/v2\/product\/18677","targetHints":{"allow":["GET"]}}],"collection":[{"href":"https:\/\/alaska-france.fr\/boutique\/wp-json\/wp\/v2\/product"}],"about":[{"href":"https:\/\/alaska-france.fr\/boutique\/wp-json\/wp\/v2\/types\/product"}],"replies":[{"embeddable":true,"href":"https:\/\/alaska-france.fr\/boutique\/wp-json\/wp\/v2\/comments?post=18677"}],"wp:featuredmedia":[{"embeddable":true,"href":"https:\/\/alaska-france.fr\/boutique\/wp-json\/wp\/v2\/media\/18609"}],"wp:attachment":[{"href":"https:\/\/alaska-france.fr\/boutique\/wp-json\/wp\/v2\/media?parent=18677"}],"wp:term":[{"taxonomy":"product_brand","embeddable":true,"href":"https:\/\/alaska-france.fr\/boutique\/wp-json\/wp\/v2\/product_brand?post=18677"},{"taxonomy":"product_cat","embeddable":true,"href":"https:\/\/alaska-france.fr\/boutique\/wp-json\/wp\/v2\/product_cat?post=18677"},{"taxonomy":"product_tag","embeddable":true,"href":"https:\/\/alaska-france.fr\/boutique\/wp-json\/wp\/v2\/product_tag?post=18677"}],"curies":[{"name":"wp","href":"https:\/\/api.w.org\/{rel}","templated":true}]}}