

{"id":18672,"date":"2026-05-06T14:16:42","date_gmt":"2026-05-06T12:16:42","guid":{"rendered":"https:\/\/alaska-france.fr\/boutique\/?post_type=product&#038;p=18672"},"modified":"2026-05-06T14:16:59","modified_gmt":"2026-05-06T12:16:59","slug":"galerie-acier-g-steel-3","status":"publish","type":"product","link":"https:\/\/alaska-france.fr\/boutique\/shop\/non-classe\/galerie-acier-g-steel-3\/","title":{"rendered":"Galerie ACIER G-STEEL"},"content":{"rendered":"<p><span style=\"font-size: 20px;\">L\u2019essentiel au meilleur prix : <strong data-start=\"487\" data-end=\"527\">robuste, fonctionnelle et \u00e9conomique<\/strong>.<\/span><\/p>\n<p><strong>Galerie G-STEEL (acier)<\/strong><\/p>\n<ul>\n<li>Robuste<\/li>\n<li>Fonctionnelle<\/li>\n<li><span class=\"a_GcMg font-feature-liga-off font-feature-clig-off font-feature-calt-off text-decoration-none text-strikethrough-none\">Rapport qualit\u00e9 \/ prix<\/span><\/li>\n<\/ul>\n<p>Assemblage et pose<\/p>\n<ul>\n<li>2h \/2 pers<\/li>\n<\/ul>\n<p><span style=\"text-decoration: underline;\">Galerie compos\u00e9e de<\/span> :<\/p>\n<ul>\n<li>Rouleau de chargement acier \u00d840 : Poss\u00e8de des roulements \u00e0 billes et des fixations inox rivet\u00e9es sur la derni\u00e8re traverse<\/li>\n<li>Longeron aluminium<\/li>\n<li>Passerelle aluminium : Antid\u00e9rapante<\/li>\n<li>Traverse : Tube rectangle 30&#215;20<\/li>\n<li>D\u00e9flecteur d&rsquo;air aluminium : Permet de r\u00e9duire les turbulences a\u00e9rodynamique<\/li>\n<li>Arceau de barri\u00e8re : Tube carr\u00e9 20&#215;20, Hauteur 100mm<\/li>\n<li>Barri\u00e8res soud\u00e9es<\/li>\n<\/ul>\n<p><strong>M\u00c9MO<\/strong><\/p>\n<ul>\n<li style=\"list-style-type: none;\">\n<ul>\n<li>100% compatible avec le porte-charge lat\u00e9ral ext\u00e9rieur<\/li>\n<li>Options galerie et arrimage signalisation<\/li>\n<\/ul>\n<\/li>\n<\/ul>\n<p><a href=\"https:\/\/alaska-france.fr\/boutique\/wp-content\/uploads\/2025\/02\/accessoires.pdf\">Voir les options de galerie<\/a><\/p>\n","protected":false},"excerpt":{"rendered":"<p>L\u2019essentiel au meilleur prix : robuste, fonctionnelle et \u00e9conomique. Galerie G-STEEL (acier) Robuste Fonctionnelle Rapport qualit\u00e9 \/ prix Assemblage et pose 2h \/2 pers Galerie compos\u00e9e de : Rouleau de chargement acier \u00d840 : Poss\u00e8de&hellip;<\/p>\n","protected":false},"featured_media":18487,"comment_status":"open","ping_status":"closed","template":"","meta":[],"product_brand":[],"product_cat":[15],"product_tag":[],"class_list":{"0":"post-18672","1":"product","2":"type-product","3":"status-publish","4":"has-post-thumbnail","6":"product_cat-non-classe","8":"first","9":"instock","10":"taxable","11":"shipping-taxable","12":"product-type-simple"},"_links":{"self":[{"href":"https:\/\/alaska-france.fr\/boutique\/wp-json\/wp\/v2\/product\/18672","targetHints":{"allow":["GET"]}}],"collection":[{"href":"https:\/\/alaska-france.fr\/boutique\/wp-json\/wp\/v2\/product"}],"about":[{"href":"https:\/\/alaska-france.fr\/boutique\/wp-json\/wp\/v2\/types\/product"}],"replies":[{"embeddable":true,"href":"https:\/\/alaska-france.fr\/boutique\/wp-json\/wp\/v2\/comments?post=18672"}],"wp:featuredmedia":[{"embeddable":true,"href":"https:\/\/alaska-france.fr\/boutique\/wp-json\/wp\/v2\/media\/18487"}],"wp:attachment":[{"href":"https:\/\/alaska-france.fr\/boutique\/wp-json\/wp\/v2\/media?parent=18672"}],"wp:term":[{"taxonomy":"product_brand","embeddable":true,"href":"https:\/\/alaska-france.fr\/boutique\/wp-json\/wp\/v2\/product_brand?post=18672"},{"taxonomy":"product_cat","embeddable":true,"href":"https:\/\/alaska-france.fr\/boutique\/wp-json\/wp\/v2\/product_cat?post=18672"},{"taxonomy":"product_tag","embeddable":true,"href":"https:\/\/alaska-france.fr\/boutique\/wp-json\/wp\/v2\/product_tag?post=18672"}],"curies":[{"name":"wp","href":"https:\/\/api.w.org\/{rel}","templated":true}]}}