

{"id":18666,"date":"2026-05-06T13:47:39","date_gmt":"2026-05-06T11:47:39","guid":{"rendered":"https:\/\/alaska-france.fr\/boutique\/?post_type=product&#038;p=18666"},"modified":"2026-05-06T13:48:30","modified_gmt":"2026-05-06T11:48:30","slug":"galerie-aluminium-plate-g-aero","status":"publish","type":"product","link":"https:\/\/alaska-france.fr\/boutique\/shop\/non-classe\/galerie-aluminium-plate-g-aero\/","title":{"rendered":"Galerie ALUMINIUM Plate G-AERO"},"content":{"rendered":"<div class=\"product-desc mb-4\">\n<p><span style=\"font-size: 20px;\">La solution ultra-plate : <strong data-start=\"279\" data-end=\"329\">passe partout, m\u00eame en acc\u00e8s \u00e0 hauteur limit\u00e9e<\/strong>.<\/span><\/p>\n<p><strong>Galerie G-Aero (aluminium plate\/extra-plate)<\/strong><\/p>\n<ul>\n<li>A\u00e9rodynamique<\/li>\n<li>Limite la hauteur<\/li>\n<li>L\u00e9g\u00e8re<\/li>\n<\/ul>\n<p>&nbsp;<\/p>\n<p>Assemblage et pose<\/p>\n<ul>\n<li style=\"list-style-type: none;\">\n<ul>\n<li>Fourgon : 1h30 \/2 pers<\/li>\n<\/ul>\n<\/li>\n<\/ul>\n<p><strong>Galerie compos\u00e9e de :\u00a0<\/strong><\/p>\n<ul>\n<li>Rouleau de chargement acier \u00d840 : Poss\u00e8de des roulements \u00e0 billes et des fixations inox rivet\u00e9es sur la derni\u00e8re traverse<\/li>\n<li>Longeron aluminium<\/li>\n<li>Passerelle aluminium : Antid\u00e9rapante<\/li>\n<li>Traverse : Tube rectangle 30&#215;20<\/li>\n<li>D\u00e9flecteur d&rsquo;air aluminium : Permet de r\u00e9duire les turbulences a\u00e9rodynamique<\/li>\n<li>Barri\u00e8res soud\u00e9es<\/li>\n<\/ul>\n<\/div>\n<div class=\"product-documents d-flex gap-2 mb-4\"><\/div>\n<div class=\"mt-5 mb-2\">\n<div class=\"d-flex flex-column flex-md-row flex-lg-column flex-xxl-row gap-0 gap-md-4 gap-lg-0 gap-xxl-4 characteristics\">\n<div class=\"w-100\">\n<div class=\"d-flex justify-content-between mb-3\"><\/div>\n<div class=\"d-flex justify-content-between mb-3\"><\/div>\n<\/div>\n<\/div>\n<\/div>\n","protected":false},"excerpt":{"rendered":"<p>La solution ultra-plate : passe partout, m\u00eame en acc\u00e8s \u00e0 hauteur limit\u00e9e. Galerie G-Aero (aluminium plate\/extra-plate) A\u00e9rodynamique Limite la hauteur L\u00e9g\u00e8re &nbsp; Assemblage et pose Fourgon : 1h30 \/2 pers Galerie compos\u00e9e de :\u00a0 Rouleau&hellip;<\/p>\n","protected":false},"featured_media":18464,"comment_status":"open","ping_status":"closed","template":"","meta":[],"product_brand":[],"product_cat":[15],"product_tag":[275,272,273],"class_list":{"0":"post-18666","1":"product","2":"type-product","3":"status-publish","4":"has-post-thumbnail","6":"product_cat-non-classe","7":"product_tag-aluminium","8":"product_tag-galerie-de-toit","9":"product_tag-portage-utilitaire","11":"first","12":"instock","13":"taxable","14":"shipping-taxable","15":"product-type-simple"},"_links":{"self":[{"href":"https:\/\/alaska-france.fr\/boutique\/wp-json\/wp\/v2\/product\/18666","targetHints":{"allow":["GET"]}}],"collection":[{"href":"https:\/\/alaska-france.fr\/boutique\/wp-json\/wp\/v2\/product"}],"about":[{"href":"https:\/\/alaska-france.fr\/boutique\/wp-json\/wp\/v2\/types\/product"}],"replies":[{"embeddable":true,"href":"https:\/\/alaska-france.fr\/boutique\/wp-json\/wp\/v2\/comments?post=18666"}],"wp:featuredmedia":[{"embeddable":true,"href":"https:\/\/alaska-france.fr\/boutique\/wp-json\/wp\/v2\/media\/18464"}],"wp:attachment":[{"href":"https:\/\/alaska-france.fr\/boutique\/wp-json\/wp\/v2\/media?parent=18666"}],"wp:term":[{"taxonomy":"product_brand","embeddable":true,"href":"https:\/\/alaska-france.fr\/boutique\/wp-json\/wp\/v2\/product_brand?post=18666"},{"taxonomy":"product_cat","embeddable":true,"href":"https:\/\/alaska-france.fr\/boutique\/wp-json\/wp\/v2\/product_cat?post=18666"},{"taxonomy":"product_tag","embeddable":true,"href":"https:\/\/alaska-france.fr\/boutique\/wp-json\/wp\/v2\/product_tag?post=18666"}],"curies":[{"name":"wp","href":"https:\/\/api.w.org\/{rel}","templated":true}]}}