

{"id":18662,"date":"2026-05-05T16:27:38","date_gmt":"2026-05-05T14:27:38","guid":{"rendered":"https:\/\/alaska-france.fr\/boutique\/?post_type=product&#038;p=18662"},"modified":"2026-05-05T17:06:18","modified_gmt":"2026-05-05T15:06:18","slug":"l-compact-echelle-amovible","status":"publish","type":"product","link":"https:\/\/alaska-france.fr\/boutique\/shop\/non-classe\/l-compact-echelle-amovible\/","title":{"rendered":"L-Compact (\u00e9chelle amovible)"},"content":{"rendered":"<p>Acc\u00e9dez facilement au toit de votre v\u00e9hicule gr\u00e2ce \u00e0 l\u2019\u00e9chelle amovible L-Compact : pratique, s\u00e9curis\u00e9e et facile \u00e0 ranger \u00e0 l\u2019int\u00e9rieur, elle s\u2019accroche en un geste pour vous simplifier chaque intervention.<\/p>\n<ul>\n<li>L&rsquo;\u00e9chelle se pose au sol et s&rsquo;accroche<br \/>\n\u00e0 la barre \u00e0 rouleau ou \u00e0 la barri\u00e8re lat\u00e9rale. Elle permet un acc\u00e8s au toit du v\u00e9hicule.<\/li>\n<li>Elle se range \u00e0 l&rsquo;int\u00e9rieur du v\u00e9hicule.<\/li>\n<\/ul>\n","protected":false},"excerpt":{"rendered":"<p>Acc\u00e9dez facilement au toit de votre v\u00e9hicule gr\u00e2ce \u00e0 l\u2019\u00e9chelle amovible L-Compact : pratique, s\u00e9curis\u00e9e et facile \u00e0 ranger \u00e0 l\u2019int\u00e9rieur, elle s\u2019accroche en un geste pour vous simplifier chaque intervention. L&rsquo;\u00e9chelle se pose au&hellip;<\/p>\n","protected":false},"featured_media":18664,"comment_status":"open","ping_status":"closed","template":"","meta":[],"product_brand":[],"product_cat":[15],"product_tag":[],"class_list":{"0":"post-18662","1":"product","2":"type-product","3":"status-publish","4":"has-post-thumbnail","6":"product_cat-non-classe","8":"first","9":"instock","10":"taxable","11":"shipping-taxable","12":"product-type-simple"},"_links":{"self":[{"href":"https:\/\/alaska-france.fr\/boutique\/wp-json\/wp\/v2\/product\/18662","targetHints":{"allow":["GET"]}}],"collection":[{"href":"https:\/\/alaska-france.fr\/boutique\/wp-json\/wp\/v2\/product"}],"about":[{"href":"https:\/\/alaska-france.fr\/boutique\/wp-json\/wp\/v2\/types\/product"}],"replies":[{"embeddable":true,"href":"https:\/\/alaska-france.fr\/boutique\/wp-json\/wp\/v2\/comments?post=18662"}],"wp:featuredmedia":[{"embeddable":true,"href":"https:\/\/alaska-france.fr\/boutique\/wp-json\/wp\/v2\/media\/18664"}],"wp:attachment":[{"href":"https:\/\/alaska-france.fr\/boutique\/wp-json\/wp\/v2\/media?parent=18662"}],"wp:term":[{"taxonomy":"product_brand","embeddable":true,"href":"https:\/\/alaska-france.fr\/boutique\/wp-json\/wp\/v2\/product_brand?post=18662"},{"taxonomy":"product_cat","embeddable":true,"href":"https:\/\/alaska-france.fr\/boutique\/wp-json\/wp\/v2\/product_cat?post=18662"},{"taxonomy":"product_tag","embeddable":true,"href":"https:\/\/alaska-france.fr\/boutique\/wp-json\/wp\/v2\/product_tag?post=18662"}],"curies":[{"name":"wp","href":"https:\/\/api.w.org\/{rel}","templated":true}]}}