

{"id":18629,"date":"2026-04-29T16:08:48","date_gmt":"2026-04-29T14:08:48","guid":{"rendered":"https:\/\/alaska-france.fr\/boutique\/?post_type=product&#038;p=18629"},"modified":"2026-04-29T16:30:10","modified_gmt":"2026-04-29T14:30:10","slug":"l-slide-echelle-acier-pour-galerie-acier","status":"publish","type":"product","link":"https:\/\/alaska-france.fr\/boutique\/produit\/l-slide-echelle-acier-pour-galerie-acier\/","title":{"rendered":"L-Slide (\u00e9chelle Acier pour galerie acier)"},"content":{"rendered":"<p>Optimisez l\u2019acc\u00e8s \u00e0 votre galerie avec cette \u00e9chelle coulissante sous passerelle (hauteur 80 mm), une solution compacte et s\u00e9curis\u00e9e qui se glisse discr\u00e8tement sous la passerelle tout en rempla\u00e7ant efficacement une \u00e9chelle fixe.<\/p>\n<p><strong>Echelle coulissante sous passerelle (sur galerie) hauteur 80 mm<\/strong><\/p>\n<ul>\n<li>Se fixe sur la galerie et remplace la combinaison passerelle et \u00e9chelle fixe<\/li>\n<li>S\u00e9curise l&rsquo;acc\u00e8s \u00e0 la galerie et prend peu de place du fait qu&rsquo;elle se coulisse facilement sous la passerelle<\/li>\n<\/ul>\n","protected":false},"excerpt":{"rendered":"<p>Optimisez l\u2019acc\u00e8s \u00e0 votre galerie avec cette \u00e9chelle coulissante sous passerelle (hauteur 80 mm), une solution compacte et s\u00e9curis\u00e9e qui se glisse discr\u00e8tement sous la passerelle tout en rempla\u00e7ant efficacement une \u00e9chelle fixe. Echelle coulissante&hellip;<\/p>\n","protected":false},"featured_media":18634,"comment_status":"open","ping_status":"closed","template":"","meta":[],"product_brand":[],"product_cat":[15],"product_tag":[],"class_list":{"0":"post-18629","1":"product","2":"type-product","3":"status-publish","4":"has-post-thumbnail","6":"product_cat-non-classe","8":"first","9":"instock","10":"taxable","11":"shipping-taxable","12":"product-type-simple"},"_links":{"self":[{"href":"https:\/\/alaska-france.fr\/boutique\/wp-json\/wp\/v2\/product\/18629","targetHints":{"allow":["GET"]}}],"collection":[{"href":"https:\/\/alaska-france.fr\/boutique\/wp-json\/wp\/v2\/product"}],"about":[{"href":"https:\/\/alaska-france.fr\/boutique\/wp-json\/wp\/v2\/types\/product"}],"replies":[{"embeddable":true,"href":"https:\/\/alaska-france.fr\/boutique\/wp-json\/wp\/v2\/comments?post=18629"}],"wp:featuredmedia":[{"embeddable":true,"href":"https:\/\/alaska-france.fr\/boutique\/wp-json\/wp\/v2\/media\/18634"}],"wp:attachment":[{"href":"https:\/\/alaska-france.fr\/boutique\/wp-json\/wp\/v2\/media?parent=18629"}],"wp:term":[{"taxonomy":"product_brand","embeddable":true,"href":"https:\/\/alaska-france.fr\/boutique\/wp-json\/wp\/v2\/product_brand?post=18629"},{"taxonomy":"product_cat","embeddable":true,"href":"https:\/\/alaska-france.fr\/boutique\/wp-json\/wp\/v2\/product_cat?post=18629"},{"taxonomy":"product_tag","embeddable":true,"href":"https:\/\/alaska-france.fr\/boutique\/wp-json\/wp\/v2\/product_tag?post=18629"}],"curies":[{"name":"wp","href":"https:\/\/api.w.org\/{rel}","templated":true}]}}