

{"id":18626,"date":"2026-04-29T15:45:02","date_gmt":"2026-04-29T13:45:02","guid":{"rendered":"https:\/\/alaska-france.fr\/boutique\/?post_type=product&#038;p=18626"},"modified":"2026-04-29T16:06:17","modified_gmt":"2026-04-29T14:06:17","slug":"l-line-echelle-alu-pour-galerie-acier","status":"publish","type":"product","link":"https:\/\/alaska-france.fr\/boutique\/produit\/l-line-echelle-alu-pour-galerie-acier\/","title":{"rendered":"L-Line (\u00e9chelle Alu pour galerie acier)"},"content":{"rendered":"<p>Acc\u00e9dez facilement et en toute s\u00e9curit\u00e9 au toit de votre v\u00e9hicule avec notre \u00e9chelle alu plate, con\u00e7ue pour allier robustesse, confort d\u2019utilisation et durabilit\u00e9 sur galerie acier.<\/p>\n<p><strong>\u00c9chelle alu plate (Galerie acier)<\/strong><\/p>\n<p>\u2022 Montants : tube carr\u00e9 30 x 20 mm<br \/>\n\u2022 Barreaux : profils 50 x 25 mm<\/p>\n","protected":false},"excerpt":{"rendered":"<p>Acc\u00e9dez facilement et en toute s\u00e9curit\u00e9 au toit de votre v\u00e9hicule avec notre \u00e9chelle alu plate, con\u00e7ue pour allier robustesse, confort d\u2019utilisation et durabilit\u00e9 sur galerie acier. \u00c9chelle alu plate (Galerie acier) \u2022 Montants :&hellip;<\/p>\n","protected":false},"featured_media":18627,"comment_status":"open","ping_status":"closed","template":"","meta":[],"product_brand":[],"product_cat":[15],"product_tag":[],"class_list":{"0":"post-18626","1":"product","2":"type-product","3":"status-publish","4":"has-post-thumbnail","6":"product_cat-non-classe","8":"first","9":"instock","10":"taxable","11":"shipping-taxable","12":"product-type-simple"},"_links":{"self":[{"href":"https:\/\/alaska-france.fr\/boutique\/wp-json\/wp\/v2\/product\/18626","targetHints":{"allow":["GET"]}}],"collection":[{"href":"https:\/\/alaska-france.fr\/boutique\/wp-json\/wp\/v2\/product"}],"about":[{"href":"https:\/\/alaska-france.fr\/boutique\/wp-json\/wp\/v2\/types\/product"}],"replies":[{"embeddable":true,"href":"https:\/\/alaska-france.fr\/boutique\/wp-json\/wp\/v2\/comments?post=18626"}],"wp:featuredmedia":[{"embeddable":true,"href":"https:\/\/alaska-france.fr\/boutique\/wp-json\/wp\/v2\/media\/18627"}],"wp:attachment":[{"href":"https:\/\/alaska-france.fr\/boutique\/wp-json\/wp\/v2\/media?parent=18626"}],"wp:term":[{"taxonomy":"product_brand","embeddable":true,"href":"https:\/\/alaska-france.fr\/boutique\/wp-json\/wp\/v2\/product_brand?post=18626"},{"taxonomy":"product_cat","embeddable":true,"href":"https:\/\/alaska-france.fr\/boutique\/wp-json\/wp\/v2\/product_cat?post=18626"},{"taxonomy":"product_tag","embeddable":true,"href":"https:\/\/alaska-france.fr\/boutique\/wp-json\/wp\/v2\/product_tag?post=18626"}],"curies":[{"name":"wp","href":"https:\/\/api.w.org\/{rel}","templated":true}]}}