

{"id":18622,"date":"2026-04-29T15:42:37","date_gmt":"2026-04-29T13:42:37","guid":{"rendered":"https:\/\/alaska-france.fr\/boutique\/?post_type=product&#038;p=18622"},"modified":"2026-04-29T16:03:43","modified_gmt":"2026-04-29T14:03:43","slug":"l-prime-echelle-standard-alu","status":"publish","type":"product","link":"https:\/\/alaska-france.fr\/boutique\/produit\/l-prime-echelle-standard-alu\/","title":{"rendered":"L-Prime (\u00e9chelle Standard Alu)"},"content":{"rendered":"<p>Optez pour une \u00e9chelle standard en aluminium alliant l\u00e9g\u00e8ret\u00e9 et robustesse, avec ses montants en tube carr\u00e9 renforc\u00e9 et ses barreaux cannel\u00e9s antid\u00e9rapants pour une s\u00e9curit\u00e9 et un confort d\u2019utilisation au quotidien.<\/p>\n<p><strong>\u00c9chelle Standard Aluminium<\/strong><\/p>\n<p><strong>Montants:\u00a0<\/strong><\/p>\n<ul>\n<li>Tube carr\u00e9 : 25x25x2 mm<\/li>\n<\/ul>\n<p><strong>Barreaux :<\/strong><\/p>\n<ul>\n<li>Profils cannel\u00e9s : \u00d825mm<\/li>\n<\/ul>\n","protected":false},"excerpt":{"rendered":"<p>Optez pour une \u00e9chelle standard en aluminium alliant l\u00e9g\u00e8ret\u00e9 et robustesse, avec ses montants en tube carr\u00e9 renforc\u00e9 et ses barreaux cannel\u00e9s antid\u00e9rapants pour une s\u00e9curit\u00e9 et un confort d\u2019utilisation au quotidien. \u00c9chelle Standard Aluminium&hellip;<\/p>\n","protected":false},"featured_media":18623,"comment_status":"open","ping_status":"closed","template":"","meta":[],"product_brand":[],"product_cat":[15],"product_tag":[],"class_list":{"0":"post-18622","1":"product","2":"type-product","3":"status-publish","4":"has-post-thumbnail","6":"product_cat-non-classe","8":"first","9":"instock","10":"taxable","11":"shipping-taxable","12":"product-type-simple"},"_links":{"self":[{"href":"https:\/\/alaska-france.fr\/boutique\/wp-json\/wp\/v2\/product\/18622","targetHints":{"allow":["GET"]}}],"collection":[{"href":"https:\/\/alaska-france.fr\/boutique\/wp-json\/wp\/v2\/product"}],"about":[{"href":"https:\/\/alaska-france.fr\/boutique\/wp-json\/wp\/v2\/types\/product"}],"replies":[{"embeddable":true,"href":"https:\/\/alaska-france.fr\/boutique\/wp-json\/wp\/v2\/comments?post=18622"}],"wp:featuredmedia":[{"embeddable":true,"href":"https:\/\/alaska-france.fr\/boutique\/wp-json\/wp\/v2\/media\/18623"}],"wp:attachment":[{"href":"https:\/\/alaska-france.fr\/boutique\/wp-json\/wp\/v2\/media?parent=18622"}],"wp:term":[{"taxonomy":"product_brand","embeddable":true,"href":"https:\/\/alaska-france.fr\/boutique\/wp-json\/wp\/v2\/product_brand?post=18622"},{"taxonomy":"product_cat","embeddable":true,"href":"https:\/\/alaska-france.fr\/boutique\/wp-json\/wp\/v2\/product_cat?post=18622"},{"taxonomy":"product_tag","embeddable":true,"href":"https:\/\/alaska-france.fr\/boutique\/wp-json\/wp\/v2\/product_tag?post=18622"}],"curies":[{"name":"wp","href":"https:\/\/api.w.org\/{rel}","templated":true}]}}