

{"id":18546,"date":"2026-04-27T14:12:25","date_gmt":"2026-04-27T12:12:25","guid":{"rendered":"https:\/\/alaska-france.fr\/boutique\/?post_type=product&#038;p=18546"},"modified":"2026-04-28T14:42:04","modified_gmt":"2026-04-28T12:42:04","slug":"porte-echelle-techno-work","status":"publish","type":"product","link":"https:\/\/alaska-france.fr\/boutique\/produit\/porte-echelle-techno-work\/","title":{"rendered":"Porte-\u00c9chelle Techno-Work"},"content":{"rendered":"<p><span style=\"font-size: 20px;\">Le porte-\u00e9chelle essentiel : <strong data-start=\"120\" data-end=\"191\">fixation simple, acc\u00e8s rapide et robustesse pour un usage quotidien<\/strong>.<\/span><\/p>\n<p><b><strong>Porte-\u00e9chelle Techno-Work<\/strong><\/b><\/p>\n<p>Le porte-\u00e9chelle de toit fixe \u00ab Techno-Work \u00bb est la solution con\u00e7ue pour fixer simplement et rapidement des \u00e9chelles sur les toits des fourgonnettes.<\/p>\n","protected":false},"excerpt":{"rendered":"<p>Le porte-\u00e9chelle essentiel : fixation simple, acc\u00e8s rapide et robustesse pour un usage quotidien. Porte-\u00e9chelle Techno-Work Le porte-\u00e9chelle de toit fixe \u00ab Techno-Work \u00bb est la solution con\u00e7ue pour fixer simplement et rapidement des \u00e9chelles&hellip;<\/p>\n","protected":false},"featured_media":18576,"comment_status":"open","ping_status":"closed","template":"","meta":[],"product_brand":[],"product_cat":[15],"product_tag":[],"class_list":{"0":"post-18546","1":"product","2":"type-product","3":"status-publish","4":"has-post-thumbnail","6":"product_cat-non-classe","8":"first","9":"instock","10":"taxable","11":"shipping-taxable","12":"product-type-simple"},"_links":{"self":[{"href":"https:\/\/alaska-france.fr\/boutique\/wp-json\/wp\/v2\/product\/18546","targetHints":{"allow":["GET"]}}],"collection":[{"href":"https:\/\/alaska-france.fr\/boutique\/wp-json\/wp\/v2\/product"}],"about":[{"href":"https:\/\/alaska-france.fr\/boutique\/wp-json\/wp\/v2\/types\/product"}],"replies":[{"embeddable":true,"href":"https:\/\/alaska-france.fr\/boutique\/wp-json\/wp\/v2\/comments?post=18546"}],"wp:featuredmedia":[{"embeddable":true,"href":"https:\/\/alaska-france.fr\/boutique\/wp-json\/wp\/v2\/media\/18576"}],"wp:attachment":[{"href":"https:\/\/alaska-france.fr\/boutique\/wp-json\/wp\/v2\/media?parent=18546"}],"wp:term":[{"taxonomy":"product_brand","embeddable":true,"href":"https:\/\/alaska-france.fr\/boutique\/wp-json\/wp\/v2\/product_brand?post=18546"},{"taxonomy":"product_cat","embeddable":true,"href":"https:\/\/alaska-france.fr\/boutique\/wp-json\/wp\/v2\/product_cat?post=18546"},{"taxonomy":"product_tag","embeddable":true,"href":"https:\/\/alaska-france.fr\/boutique\/wp-json\/wp\/v2\/product_tag?post=18546"}],"curies":[{"name":"wp","href":"https:\/\/api.w.org\/{rel}","templated":true}]}}