

{"id":18539,"date":"2026-04-24T11:50:01","date_gmt":"2026-04-24T09:50:01","guid":{"rendered":"https:\/\/alaska-france.fr\/boutique\/?post_type=product&#038;p=18539"},"modified":"2026-04-24T11:52:33","modified_gmt":"2026-04-24T09:52:33","slug":"porte-echelle-techno-space","status":"publish","type":"product","link":"https:\/\/alaska-france.fr\/boutique\/produit\/porte-echelle-techno-space\/","title":{"rendered":"Porte-\u00c9chelle Techno-Space"},"content":{"rendered":"<p><strong>Porte-\u00c9chelle Techno-Space<\/strong><\/p>\n<ul>\n<li>Equipement \u00e0 port\u00e9e de main<\/li>\n<li>Charge et d\u00e9charge en 10 secondes, en tout lieu, m\u00eame \u00e9troit<\/li>\n<li>Syst\u00e8me fix\u00e9 sur la galerie ou les barres de toit<\/li>\n<li>L&rsquo;utilisateur conserve une galerie compl\u00e8te afin de charger du mat\u00e9riel<\/li>\n<li>Equipement verrouillable par cadenas<\/li>\n<\/ul>\n<p>D\u00e9couvrez notre nouveau syst\u00e8me de fixation avec aimant. Il permet de fixer votre porte-\u00e9chelle lat\u00e9ral sans per\u00e7er la carrosserie du v\u00e9hicule !<\/p>\n<p><a href=\"https:\/\/alaska-france.fr\/boutique\/wp-content\/uploads\/2025\/02\/accessoires.pdf\">Voir les options de galerie<\/a><\/p>\n","protected":false},"excerpt":{"rendered":"<p>Porte-\u00c9chelle Techno-Space Equipement \u00e0 port\u00e9e de main Charge et d\u00e9charge en 10 secondes, en tout lieu, m\u00eame \u00e9troit Syst\u00e8me fix\u00e9 sur la galerie ou les barres de toit L&rsquo;utilisateur conserve une galerie compl\u00e8te afin de&hellip;<\/p>\n","protected":false},"featured_media":18534,"comment_status":"open","ping_status":"closed","template":"","meta":[],"product_brand":[],"product_cat":[15],"product_tag":[],"class_list":{"0":"post-18539","1":"product","2":"type-product","3":"status-publish","4":"has-post-thumbnail","6":"product_cat-non-classe","8":"first","9":"instock","10":"taxable","11":"shipping-taxable","12":"product-type-simple"},"_links":{"self":[{"href":"https:\/\/alaska-france.fr\/boutique\/wp-json\/wp\/v2\/product\/18539","targetHints":{"allow":["GET"]}}],"collection":[{"href":"https:\/\/alaska-france.fr\/boutique\/wp-json\/wp\/v2\/product"}],"about":[{"href":"https:\/\/alaska-france.fr\/boutique\/wp-json\/wp\/v2\/types\/product"}],"replies":[{"embeddable":true,"href":"https:\/\/alaska-france.fr\/boutique\/wp-json\/wp\/v2\/comments?post=18539"}],"wp:featuredmedia":[{"embeddable":true,"href":"https:\/\/alaska-france.fr\/boutique\/wp-json\/wp\/v2\/media\/18534"}],"wp:attachment":[{"href":"https:\/\/alaska-france.fr\/boutique\/wp-json\/wp\/v2\/media?parent=18539"}],"wp:term":[{"taxonomy":"product_brand","embeddable":true,"href":"https:\/\/alaska-france.fr\/boutique\/wp-json\/wp\/v2\/product_brand?post=18539"},{"taxonomy":"product_cat","embeddable":true,"href":"https:\/\/alaska-france.fr\/boutique\/wp-json\/wp\/v2\/product_cat?post=18539"},{"taxonomy":"product_tag","embeddable":true,"href":"https:\/\/alaska-france.fr\/boutique\/wp-json\/wp\/v2\/product_tag?post=18539"}],"curies":[{"name":"wp","href":"https:\/\/api.w.org\/{rel}","templated":true}]}}