

{"id":18528,"date":"2026-04-24T11:00:03","date_gmt":"2026-04-24T09:00:03","guid":{"rendered":"https:\/\/alaska-france.fr\/boutique\/?post_type=product&#038;p=18528"},"modified":"2026-04-24T11:57:34","modified_gmt":"2026-04-24T09:57:34","slug":"porte-echelle-techno-easy","status":"publish","type":"product","link":"https:\/\/alaska-france.fr\/boutique\/produit\/porte-echelle-techno-easy\/","title":{"rendered":"Porte-\u00c9chelle Techno-Easy"},"content":{"rendered":"<p><b><strong>Porte-\u00e9chelle Techno-Easy<\/strong><\/b><\/p>\n<ul>\n<li>Chargement et d\u00e9chargement par d\u00e9scente lat\u00e9rale de l&rsquo;\u00e9chelle en 30 secondes \u00e0 hauteur d&rsquo;homme<\/li>\n<li>Configuration :\n<ul>\n<li>Simple : permet de conserver 50% de galerie utile<\/li>\n<li>Double : version droite et gauche<\/li>\n<li>Compatible avec \u00e9chelles 2 et 3 brins<\/li>\n<\/ul>\n<\/li>\n<li>Robuste &amp; l\u00e9ger (24kg)<\/li>\n<li>Pose r\u00e9glage 2h \/2pers<\/li>\n<\/ul>\n<p>&nbsp;<\/p>\n<p>Ce porte-\u00e9chelle m\u00e9canique \u00e0 descente lat\u00e9rale offre une alternative r\u00e9volutionnaire aux syst\u00e8mes \u00e9lectriques traditionnels souvent lourds et couteux. L\u00e9ger, rapide et comp\u00e9titif, le \u00ab Techno-Easy \u00bb est la solution con\u00e7ue pour fixer les \u00e9chelles de mani\u00e8re simple et s\u00e9curitaire sur les toits des\u00a0<strong>MINI-FOURGONS<\/strong>\u00a0et\u00a0<strong>FOURGONS\u00a0<\/strong>(<strong>H1\u00a0<\/strong>et\u00a0<strong>H2<\/strong>).<\/p>\n<p><a href=\"https:\/\/alaska-france.fr\/boutique\/wp-content\/uploads\/2025\/02\/accessoires.pdf\">Voir les options de galerie<\/a><\/p>\n","protected":false},"excerpt":{"rendered":"<p>Porte-\u00e9chelle Techno-Easy Chargement et d\u00e9chargement par d\u00e9scente lat\u00e9rale de l&rsquo;\u00e9chelle en 30 secondes \u00e0 hauteur d&rsquo;homme Configuration : Simple : permet de conserver 50% de galerie utile Double : version droite et gauche Compatible avec&hellip;<\/p>\n","protected":false},"featured_media":18534,"comment_status":"open","ping_status":"closed","template":"","meta":[],"product_brand":[],"product_cat":[15],"product_tag":[],"class_list":{"0":"post-18528","1":"product","2":"type-product","3":"status-publish","4":"has-post-thumbnail","6":"product_cat-non-classe","8":"first","9":"instock","10":"taxable","11":"shipping-taxable","12":"product-type-simple"},"_links":{"self":[{"href":"https:\/\/alaska-france.fr\/boutique\/wp-json\/wp\/v2\/product\/18528","targetHints":{"allow":["GET"]}}],"collection":[{"href":"https:\/\/alaska-france.fr\/boutique\/wp-json\/wp\/v2\/product"}],"about":[{"href":"https:\/\/alaska-france.fr\/boutique\/wp-json\/wp\/v2\/types\/product"}],"replies":[{"embeddable":true,"href":"https:\/\/alaska-france.fr\/boutique\/wp-json\/wp\/v2\/comments?post=18528"}],"wp:featuredmedia":[{"embeddable":true,"href":"https:\/\/alaska-france.fr\/boutique\/wp-json\/wp\/v2\/media\/18534"}],"wp:attachment":[{"href":"https:\/\/alaska-france.fr\/boutique\/wp-json\/wp\/v2\/media?parent=18528"}],"wp:term":[{"taxonomy":"product_brand","embeddable":true,"href":"https:\/\/alaska-france.fr\/boutique\/wp-json\/wp\/v2\/product_brand?post=18528"},{"taxonomy":"product_cat","embeddable":true,"href":"https:\/\/alaska-france.fr\/boutique\/wp-json\/wp\/v2\/product_cat?post=18528"},{"taxonomy":"product_tag","embeddable":true,"href":"https:\/\/alaska-france.fr\/boutique\/wp-json\/wp\/v2\/product_tag?post=18528"}],"curies":[{"name":"wp","href":"https:\/\/api.w.org\/{rel}","templated":true}]}}