

{"id":18504,"date":"2026-04-21T15:42:39","date_gmt":"2026-04-21T13:42:39","guid":{"rendered":"https:\/\/alaska-france.fr\/boutique\/?post_type=product&#038;p=18504"},"modified":"2026-04-21T17:28:10","modified_gmt":"2026-04-21T15:28:10","slug":"pupitre-interieur","status":"publish","type":"product","link":"https:\/\/alaska-france.fr\/boutique\/produit\/pupitre-interieur\/","title":{"rendered":"Pupitre Int\u00e9rieur"},"content":{"rendered":"<p><b>Pupitre Int\u00e9rieur<\/b><\/p>\n<ul>\n<li>100% aluminium<\/li>\n<li>Sangle de serrage fournie avec chaque barre de maintien<\/li>\n<li>Pi\u00e8ces d&rsquo;appui basses (PAB) disponibles en 3 dimensions : 200 mm \/ 500 mm\/ 1000mm \u00e0 indiquer \u00e0 la commande car elles ne sont pas incluses avec le porte-charge lat\u00e9ral int\u00e9rieur<\/li>\n<\/ul>\n<p>Assemblage et pose<\/p>\n<ul>\n<li>Montage 2h \/ 1 personne<\/li>\n<\/ul>\n<p><span style=\"text-decoration: underline;\">Pupitre int\u00e9rieur compos\u00e9 de<\/span> :<\/p>\n<ul>\n<li><span class=\"a_GcMg font-feature-liga-off font-feature-clig-off font-feature-calt-off text-decoration-none text-strikethrough-none\">Sangle de serrage fournie avec chaque barre de maintien<\/span><\/li>\n<li><span class=\"a_GcMg font-feature-liga-off font-feature-clig-off font-feature-calt-off text-decoration-none text-strikethrough-none\">Profil aluminium de section 35X35\u00a0<\/span><\/li>\n<li><span class=\"a_GcMg font-feature-liga-off font-feature-clig-off font-feature-calt-off text-decoration-none text-strikethrough-none\">Livr\u00e9 avec 2 ou 3 barres de maintien (selon le v\u00e9hicule)<\/span><\/li>\n<li>\n<p class=\"cvGsUA direction-ltr align-start para-style-body\"><span class=\"a_GcMg font-feature-liga-off font-feature-clig-off font-feature-calt-off text-decoration-none text-strikethrough-none\">Pi\u00e8ces d&rsquo;appui basses au choix: 1<\/span><span class=\"a_GcMg font-feature-liga-off font-feature-clig-off font-feature-calt-off text-decoration-none text-strikethrough-none\">000mm, 500mm ou 200mm)<\/span><\/p>\n<\/li>\n<\/ul>\n<p>&nbsp;<\/p>\n","protected":false},"excerpt":{"rendered":"<p data-start=\"564\" data-end=\"645\" data-is-last-node=\"\" data-is-only-node=\"\"><strong>\ud83d\udc49 Essentiel pro : un porte-charge int\u00e9rieur fonctionnel, pr\u00eat \u00e0 s\u00e9curiser et organiser vos charges volumineuses au quotidien.<\/strong><\/p>\n","protected":false},"featured_media":18505,"comment_status":"open","ping_status":"closed","template":"","meta":[],"product_brand":[],"product_cat":[15],"product_tag":[],"class_list":{"0":"post-18504","1":"product","2":"type-product","3":"status-publish","4":"has-post-thumbnail","6":"product_cat-non-classe","8":"first","9":"instock","10":"taxable","11":"shipping-taxable","12":"product-type-simple"},"_links":{"self":[{"href":"https:\/\/alaska-france.fr\/boutique\/wp-json\/wp\/v2\/product\/18504","targetHints":{"allow":["GET"]}}],"collection":[{"href":"https:\/\/alaska-france.fr\/boutique\/wp-json\/wp\/v2\/product"}],"about":[{"href":"https:\/\/alaska-france.fr\/boutique\/wp-json\/wp\/v2\/types\/product"}],"replies":[{"embeddable":true,"href":"https:\/\/alaska-france.fr\/boutique\/wp-json\/wp\/v2\/comments?post=18504"}],"wp:featuredmedia":[{"embeddable":true,"href":"https:\/\/alaska-france.fr\/boutique\/wp-json\/wp\/v2\/media\/18505"}],"wp:attachment":[{"href":"https:\/\/alaska-france.fr\/boutique\/wp-json\/wp\/v2\/media?parent=18504"}],"wp:term":[{"taxonomy":"product_brand","embeddable":true,"href":"https:\/\/alaska-france.fr\/boutique\/wp-json\/wp\/v2\/product_brand?post=18504"},{"taxonomy":"product_cat","embeddable":true,"href":"https:\/\/alaska-france.fr\/boutique\/wp-json\/wp\/v2\/product_cat?post=18504"},{"taxonomy":"product_tag","embeddable":true,"href":"https:\/\/alaska-france.fr\/boutique\/wp-json\/wp\/v2\/product_tag?post=18504"}],"curies":[{"name":"wp","href":"https:\/\/api.w.org\/{rel}","templated":true}]}}