

{"id":18498,"date":"2026-04-21T14:33:33","date_gmt":"2026-04-21T12:33:33","guid":{"rendered":"https:\/\/alaska-france.fr\/boutique\/?post_type=product&#038;p=18498"},"modified":"2026-04-21T15:23:57","modified_gmt":"2026-04-21T13:23:57","slug":"serre-charge","status":"publish","type":"product","link":"https:\/\/alaska-france.fr\/boutique\/produit\/serre-charge\/","title":{"rendered":"Serre-Charge"},"content":{"rendered":"<p><strong>SERRE CHARGE<\/strong><\/p>\n<ul>\n<li><span class=\"a_GcMg font-feature-liga-off font-feature-clig-off font-feature-calt-off text-decoration-none text-strikethrough-none\">S&rsquo;adapte au volume du mat\u00e9riel transport\u00e9<\/span><\/li>\n<li><span class=\"a_GcMg font-feature-liga-off font-feature-clig-off font-feature-calt-off text-decoration-none text-strikethrough-none\">Rangement rapide et s\u00e9curis\u00e9<\/span><\/li>\n<li><span class=\"a_GcMg font-feature-liga-off font-feature-clig-off font-feature-calt-off text-decoration-none text-strikethrough-none\">Acc\u00e8s aux casiers de rangement lat\u00e9raux<\/span><\/li>\n<\/ul>\n<p>Assemblage et pose<\/p>\n<ul>\n<li>2h \/2 pers<\/li>\n<\/ul>\n<p><span style=\"text-decoration: underline;\">Galerie compos\u00e9e de<\/span> :<\/p>\n<ul>\n<li><span class=\"a_GcMg font-feature-liga-off font-feature-clig-off font-feature-calt-off text-decoration-none text-strikethrough-none\">SYSTEME DE FERMETURE PAR LOQUET<\/span><\/li>\n<\/ul>\n<p>&nbsp;<\/p>\n<ul>\n<li>\n<div>\n<div>\n<div>\n<p>PAB 500 OU 1000MM<\/p>\n<\/div>\n<\/div>\n<div>\n<div>\n<p>VERSION MIROITIER<\/p>\n<\/div>\n<div>\n<p>APPLIQUE EN RELIEF<\/p>\n<\/div>\n<div>\n<p>POUR LE TRANSPORT DE VERRE, FENETRE, ETC.<\/p>\n<\/div>\n<\/div>\n<div>\n<div>\n<p>PAB 500 OU 1000MM<\/p>\n<p>&nbsp;<\/p>\n<\/div>\n<\/div>\n<\/div>\n<\/li>\n<li>\n<div>\n<div>\n<p>PAB 500 OU 1000MM<\/p>\n<p>VERSION METIER DU BATIMENT<\/p>\n<\/div>\n<div>\n<p>A INTEGRER AU PLANCHER<\/p>\n<\/div>\n<div>\n<p>POUR LE TRANSPORT DE CHARGES LOURDES, MACHINES, ETC.<\/p>\n<\/div>\n<\/div>\n<\/li>\n<\/ul>\n<p><a href=\"https:\/\/alaska-france.fr\/boutique\/wp-content\/uploads\/2025\/02\/accessoires.pdf\">Voir les options de galerie<\/a><\/p>\n","protected":false},"excerpt":{"rendered":"<p data-start=\"564\" data-end=\"645\" data-is-last-node=\"\" data-is-only-node=\"\"><strong>\ud83d\udc49 L<span class=\"a_GcMg font-feature-liga-off font-feature-clig-off font-feature-calt-off text-decoration-none text-strikethrough-none\">e Serre-Charge S-Pro permet un rangement rapide et s\u00e9curis\u00e9. Il laisse acc\u00e8s \u00e0 vos paroies lat\u00e9rales ou casiers de rangement.<\/span> <\/strong><\/p>\n","protected":false},"featured_media":18499,"comment_status":"open","ping_status":"closed","template":"","meta":[],"product_brand":[],"product_cat":[15],"product_tag":[],"class_list":{"0":"post-18498","1":"product","2":"type-product","3":"status-publish","4":"has-post-thumbnail","6":"product_cat-non-classe","8":"first","9":"instock","10":"taxable","11":"shipping-taxable","12":"product-type-simple"},"_links":{"self":[{"href":"https:\/\/alaska-france.fr\/boutique\/wp-json\/wp\/v2\/product\/18498","targetHints":{"allow":["GET"]}}],"collection":[{"href":"https:\/\/alaska-france.fr\/boutique\/wp-json\/wp\/v2\/product"}],"about":[{"href":"https:\/\/alaska-france.fr\/boutique\/wp-json\/wp\/v2\/types\/product"}],"replies":[{"embeddable":true,"href":"https:\/\/alaska-france.fr\/boutique\/wp-json\/wp\/v2\/comments?post=18498"}],"wp:featuredmedia":[{"embeddable":true,"href":"https:\/\/alaska-france.fr\/boutique\/wp-json\/wp\/v2\/media\/18499"}],"wp:attachment":[{"href":"https:\/\/alaska-france.fr\/boutique\/wp-json\/wp\/v2\/media?parent=18498"}],"wp:term":[{"taxonomy":"product_brand","embeddable":true,"href":"https:\/\/alaska-france.fr\/boutique\/wp-json\/wp\/v2\/product_brand?post=18498"},{"taxonomy":"product_cat","embeddable":true,"href":"https:\/\/alaska-france.fr\/boutique\/wp-json\/wp\/v2\/product_cat?post=18498"},{"taxonomy":"product_tag","embeddable":true,"href":"https:\/\/alaska-france.fr\/boutique\/wp-json\/wp\/v2\/product_tag?post=18498"}],"curies":[{"name":"wp","href":"https:\/\/api.w.org\/{rel}","templated":true}]}}