

{"id":18494,"date":"2026-04-21T11:10:50","date_gmt":"2026-04-21T09:10:50","guid":{"rendered":"https:\/\/alaska-france.fr\/boutique\/?post_type=product&#038;p=18494"},"modified":"2026-04-21T14:09:42","modified_gmt":"2026-04-21T12:09:42","slug":"barre-de-toit-aluminium","status":"publish","type":"product","link":"https:\/\/alaska-france.fr\/boutique\/produit\/barre-de-toit-aluminium\/","title":{"rendered":"Barre de toit ALUMINIUM"},"content":{"rendered":"<p><strong>Barre de toit (aluminium)<\/strong><\/p>\n<ul>\n<li><span class=\"a_GcMg font-feature-liga-off font-feature-clig-off font-feature-calt-off text-decoration-none text-strikethrough-none\">A\u00e9roacoustique<\/span><\/li>\n<li><span class=\"a_GcMg font-feature-liga-off font-feature-clig-off font-feature-calt-off text-decoration-none text-strikethrough-none\">R\u00e9sistante<\/span><\/li>\n<li><span class=\"a_GcMg font-feature-liga-off font-feature-clig-off font-feature-calt-off text-decoration-none text-strikethrough-none\">S\u00e9curitaire<\/span><\/li>\n<\/ul>\n<p>Assemblage et pose<\/p>\n<ul>\n<li>2h \/2 pers<\/li>\n<\/ul>\n<p><span style=\"text-decoration: underline;\">Galerie compos\u00e9e de<\/span> :<\/p>\n<ul>\n<li>\n<p class=\"cvGsUA direction-ltr align-start para-style-body\"><span class=\"a_GcMg font-feature-liga-off font-feature-clig-off font-feature-calt-off text-decoration-none text-strikethrough-none\">Ensemble de 2 \u00e0 4 barres de toit aluminium \u00e9quip\u00e9es de rainures qui permettent <\/span><span class=\"a_GcMg font-feature-liga-off font-feature-clig-off font-feature-calt-off text-decoration-none text-strikethrough-none\">d\u2019installer des accessoires sans per\u00e7age<\/span><\/p>\n<\/li>\n<\/ul>\n<p><a href=\"https:\/\/alaska-france.fr\/boutique\/wp-content\/uploads\/2025\/02\/accessoires.pdf\">Voir les options de galerie<\/a><\/p>\n","protected":false},"excerpt":{"rendered":"<p data-start=\"564\" data-end=\"645\" data-is-last-node=\"\" data-is-only-node=\"\"><strong>\ud83d\udc49 Des barres de toit l\u00e9g\u00e8res et \u00e9conomiques, alliant robustesse et a\u00e9rodynamisme, pour une solution de portage pratique, fiable et parfaitement adapt\u00e9e \u00e0 vos besoins du quotidien.<\/strong><\/p>\n","protected":false},"featured_media":18495,"comment_status":"open","ping_status":"closed","template":"","meta":[],"product_brand":[],"product_cat":[15],"product_tag":[],"class_list":{"0":"post-18494","1":"product","2":"type-product","3":"status-publish","4":"has-post-thumbnail","6":"product_cat-non-classe","8":"first","9":"instock","10":"taxable","11":"shipping-taxable","12":"product-type-simple"},"_links":{"self":[{"href":"https:\/\/alaska-france.fr\/boutique\/wp-json\/wp\/v2\/product\/18494","targetHints":{"allow":["GET"]}}],"collection":[{"href":"https:\/\/alaska-france.fr\/boutique\/wp-json\/wp\/v2\/product"}],"about":[{"href":"https:\/\/alaska-france.fr\/boutique\/wp-json\/wp\/v2\/types\/product"}],"replies":[{"embeddable":true,"href":"https:\/\/alaska-france.fr\/boutique\/wp-json\/wp\/v2\/comments?post=18494"}],"wp:featuredmedia":[{"embeddable":true,"href":"https:\/\/alaska-france.fr\/boutique\/wp-json\/wp\/v2\/media\/18495"}],"wp:attachment":[{"href":"https:\/\/alaska-france.fr\/boutique\/wp-json\/wp\/v2\/media?parent=18494"}],"wp:term":[{"taxonomy":"product_brand","embeddable":true,"href":"https:\/\/alaska-france.fr\/boutique\/wp-json\/wp\/v2\/product_brand?post=18494"},{"taxonomy":"product_cat","embeddable":true,"href":"https:\/\/alaska-france.fr\/boutique\/wp-json\/wp\/v2\/product_cat?post=18494"},{"taxonomy":"product_tag","embeddable":true,"href":"https:\/\/alaska-france.fr\/boutique\/wp-json\/wp\/v2\/product_tag?post=18494"}],"curies":[{"name":"wp","href":"https:\/\/api.w.org\/{rel}","templated":true}]}}