

{"id":18480,"date":"2026-04-21T10:27:10","date_gmt":"2026-04-21T08:27:10","guid":{"rendered":"https:\/\/alaska-france.fr\/boutique\/?post_type=product&#038;p=18480"},"modified":"2026-04-21T10:47:24","modified_gmt":"2026-04-21T08:47:24","slug":"galerie-aluminium-g-light","status":"publish","type":"product","link":"https:\/\/alaska-france.fr\/boutique\/produit\/galerie-aluminium-g-light\/","title":{"rendered":"Galerie ALUMINIUM G-LIGHT"},"content":{"rendered":"<p><strong>Galerie G-LIGHT (aluminium)<\/strong><\/p>\n<ul>\n<li><span class=\"a_GcMg font-feature-liga-off font-feature-clig-off font-feature-calt-off text-decoration-none text-strikethrough-none\">Esth\u00e9tique<\/span><\/li>\n<li>R\u00e9sistante<\/li>\n<li>L\u00e9g\u00e8re<\/li>\n<\/ul>\n<p>Assemblage et pose<\/p>\n<ul>\n<li>2h \/2 pers<\/li>\n<\/ul>\n<p><span style=\"text-decoration: underline;\">Galerie compos\u00e9e de<\/span> :<\/p>\n<ul>\n<li><span class=\"a_GcMg font-feature-liga-off font-feature-clig-off font-feature-calt-off text-decoration-none text-strikethrough-none\">Embout de protection couvrant le profil\u00e9 alu fix\u00e9 par visserie auto taraudeuse<\/span><\/li>\n<li><span class=\"a_GcMg font-feature-liga-off font-feature-clig-off font-feature-calt-off text-decoration-none text-strikethrough-none\">Visserie int\u00e9gr\u00e9e et non apparente<\/span><\/li>\n<li><span class=\"a_GcMg font-feature-liga-off font-feature-clig-off font-feature-calt-off text-decoration-none text-strikethrough-none\">Rouleau acier diam\u00e8tre 40 et longueur 500 mm, int\u00e9gr\u00e9 \u00e0 la traverse arri\u00e8re usin\u00e9e<\/span><\/li>\n<li><span class=\"a_GcMg font-feature-liga-off font-feature-clig-off font-feature-calt-off text-decoration-none text-strikethrough-none\">Finition aluminium : anodis\u00e9e pour les barri\u00e8res et brute pour les traverses<\/span><\/li>\n<li><span class=\"a_GcMg font-feature-liga-off font-feature-clig-off font-feature-calt-off text-decoration-none text-strikethrough-none\">Hauteur utile des barri\u00e8res = 60 mm<\/span><\/li>\n<li><span class=\"a_GcMg font-feature-liga-off font-feature-clig-off font-feature-calt-off text-decoration-none text-strikethrough-none\">Traverses a\u00e9rodynamiques en profil\u00e9 aluminium type \u00ab goutte d\u2019eau \u00bb pour optimiser les effets acoustiques<\/span><\/li>\n<\/ul>\n<p><a href=\"https:\/\/alaska-france.fr\/boutique\/wp-content\/uploads\/2025\/02\/accessoires.pdf\">Voir les options de galerie<\/a><\/p>\n","protected":false},"excerpt":{"rendered":"<p data-start=\"564\" data-end=\"645\" data-is-last-node=\"\" data-is-only-node=\"\"><strong>\ud83d\udc49 Une galerie alliant r\u00e9sistance, l\u00e9g\u00e8ret\u00e9 et \u00e9l\u00e9gance, pour un transport s\u00e9curis\u00e9 et sans effort sur toutes les distances.<\/strong><\/p>\n","protected":false},"featured_media":18481,"comment_status":"open","ping_status":"closed","template":"","meta":[],"product_brand":[],"product_cat":[15],"product_tag":[],"class_list":{"0":"post-18480","1":"product","2":"type-product","3":"status-publish","4":"has-post-thumbnail","6":"product_cat-non-classe","8":"first","9":"instock","10":"taxable","11":"shipping-taxable","12":"product-type-simple"},"_links":{"self":[{"href":"https:\/\/alaska-france.fr\/boutique\/wp-json\/wp\/v2\/product\/18480","targetHints":{"allow":["GET"]}}],"collection":[{"href":"https:\/\/alaska-france.fr\/boutique\/wp-json\/wp\/v2\/product"}],"about":[{"href":"https:\/\/alaska-france.fr\/boutique\/wp-json\/wp\/v2\/types\/product"}],"replies":[{"embeddable":true,"href":"https:\/\/alaska-france.fr\/boutique\/wp-json\/wp\/v2\/comments?post=18480"}],"wp:featuredmedia":[{"embeddable":true,"href":"https:\/\/alaska-france.fr\/boutique\/wp-json\/wp\/v2\/media\/18481"}],"wp:attachment":[{"href":"https:\/\/alaska-france.fr\/boutique\/wp-json\/wp\/v2\/media?parent=18480"}],"wp:term":[{"taxonomy":"product_brand","embeddable":true,"href":"https:\/\/alaska-france.fr\/boutique\/wp-json\/wp\/v2\/product_brand?post=18480"},{"taxonomy":"product_cat","embeddable":true,"href":"https:\/\/alaska-france.fr\/boutique\/wp-json\/wp\/v2\/product_cat?post=18480"},{"taxonomy":"product_tag","embeddable":true,"href":"https:\/\/alaska-france.fr\/boutique\/wp-json\/wp\/v2\/product_tag?post=18480"}],"curies":[{"name":"wp","href":"https:\/\/api.w.org\/{rel}","templated":true}]}}