

{"id":18148,"date":"2026-04-10T17:42:10","date_gmt":"2026-04-10T15:42:10","guid":{"rendered":"https:\/\/alaska-france.fr\/boutique\/?post_type=product&#038;p=18148"},"modified":"2026-04-10T17:52:13","modified_gmt":"2026-04-10T15:52:13","slug":"mvp-2000-armadlock-mul-t-lock","status":"publish","type":"product","link":"https:\/\/alaska-france.fr\/boutique\/produit\/mvp-2000-armadlock-mul-t-lock\/","title":{"rendered":"MVP 2000 (ARMADLOCK) MUL-T-LOCK"},"content":{"rendered":"<table style=\"border-collapse: collapse; width: 100%;\">\n<tbody>\n<tr>\n<td style=\"width: 3.32406%;\"><\/td>\n<td style=\"width: 96.6759%;\">\n<p data-path-to-node=\"4\"><span style=\"font-family: apple-system, BlinkMacSystemFont, 'Segoe UI', Roboto, Helvetica, Arial, sans-serif; font-size: 16px;\"><b data-path-to-node=\"4\" data-index-in-node=\"0\">Verrouillage sans cl\u00e9: bouton-poussoir.\u00a0 \u00a0<\/b><br \/>\n<\/span><\/p>\n<section class=\"styles__TextAndButton-sc-bz4fjq-6 ephehE is-visible\">\n<div id=\"\" class=\"styles__RichText-sc-xvjmvq-0 kElRkX body-md aem-ie__text\">\n<div class=\"richtext_innerWrapper\">\n<div>\n<div id=\"hero-gallery-text\" class=\"hero-gallery__text js-hero-gallery-text js-hero-description overflows expanded\">\n<p><span style=\"font-family: apple-system, BlinkMacSystemFont, 'Segoe UI', Roboto, Helvetica, Arial, sans-serif; font-size: 16px;\"><b>Fonction<\/b><\/span><br \/>\n<span style=\"font-family: apple-system, BlinkMacSystemFont, 'Segoe UI', Roboto, Helvetica, Arial, sans-serif; font-size: 16px;\">Le MVP<sup>\u2122<\/sup>2000 a \u00e9t\u00e9 con\u00e7u pour renforcer la s\u00e9curit\u00e9 des v\u00e9hicules commerciaux, en particulier ceux transportant des marchandises et de l&rsquo;\u00e9quipement. Facile \u00e0 utiliser et \u00e0 installer, Le MVP<sup>\u2122<\/sup>2000 s&rsquo;adapte \u00e0 presque tous les types de portes de v\u00e9hicules, qu&rsquo;il s&rsquo;agisse de portes arri\u00e8re ou coulissantes.<\/span><\/p>\n<p><span style=\"font-family: apple-system, BlinkMacSystemFont, 'Segoe UI', Roboto, Helvetica, Arial, sans-serif; font-size: 16px;\"><b>Application<\/b><\/span><br \/>\n<span style=\"font-family: apple-system, BlinkMacSystemFont, 'Segoe UI', Roboto, Helvetica, Arial, sans-serif; font-size: 16px;\">\u00c0 l&rsquo;aide d&rsquo;un syst\u00e8me de verrouillage de type hasp, Le MVP<sup>\u2122<\/sup>2000 s&rsquo;applique sur les portes du compartiment de chargement des v\u00e9hicules commerciaux et peut \u00eatre utilis\u00e9 pour d&rsquo;autres applications pr\u00e9sentant des besoins ou une structure similaires, par exemple : portes d&rsquo;entr\u00e9e (simple ou double), armoires \u00e9lectriques, etc.<\/span><\/p>\n<p><span style=\"font-family: apple-system, BlinkMacSystemFont, 'Segoe UI', Roboto, Helvetica, Arial, sans-serif; font-size: 16px;\"><b>Options<\/b><\/span><br \/>\n<span style=\"font-family: apple-system, BlinkMacSystemFont, 'Segoe UI', Roboto, Helvetica, Arial, sans-serif; font-size: 16px;\">Cache anti-poussi\u00e8re<\/span><br \/>\n<span style=\"font-family: apple-system, BlinkMacSystemFont, 'Segoe UI', Roboto, Helvetica, Arial, sans-serif; font-size: 16px;\">Verrouillage sans cl\u00e9 &#8211; verrouillage par pression<\/span><br \/>\n<span style=\"font-family: apple-system, BlinkMacSystemFont, 'Segoe UI', Roboto, Helvetica, Arial, sans-serif; font-size: 16px;\">Structure de verrou en aluminium robuste<\/span><br \/>\n<span style=\"font-family: apple-system, BlinkMacSystemFont, 'Segoe UI', Roboto, Helvetica, Arial, sans-serif; font-size: 16px;\">Deux versions : pour les portes arri\u00e8re des v\u00e9hicules (applicable \u00e9galement \u00e0 toute porte battante) et les portes coulissantes lat\u00e9rales<\/span><\/p>\n<p><span style=\"font-family: apple-system, BlinkMacSystemFont, 'Segoe UI', Roboto, Helvetica, Arial, sans-serif; font-size: 16px;\"><b>Mat\u00e9riaux<\/b><\/span><br \/>\n<span style=\"font-family: apple-system, BlinkMacSystemFont, 'Segoe UI', Roboto, Helvetica, Arial, sans-serif; font-size: 16px;\">Corps : Aluminium de haute pr\u00e9cision P\u00eane : Acier alli\u00e9 de 12 mm<\/span><\/p>\n<p><span style=\"font-family: apple-system, BlinkMacSystemFont, 'Segoe UI', Roboto, Helvetica, Arial, sans-serif; font-size: 16px;\"><b>M\u00e9canisme du cylindre<\/b><\/span><br \/>\n<span style=\"font-family: apple-system, BlinkMacSystemFont, 'Segoe UI', Roboto, Helvetica, Arial, sans-serif; font-size: 16px;\">Syst\u00e8me de goupilles haute pr\u00e9cision unique de Mul-T-Lock R\u00e9sistant au crochetage et au per\u00e7age pour des besoins de s\u00e9curit\u00e9 \u00e9lev\u00e9s<\/span><\/p>\n<p><span style=\"font-family: apple-system, BlinkMacSystemFont, 'Segoe UI', Roboto, Helvetica, Arial, sans-serif; font-size: 16px;\"><b>Cl\u00e9s<\/b><\/span><br \/>\n<span style=\"font-family: apple-system, BlinkMacSystemFont, 'Segoe UI', Roboto, Helvetica, Arial, sans-serif; font-size: 16px;\">Cl\u00e9 r\u00e9versible en nickel argent\u00e9 avec t\u00eate de cl\u00e9 en plastique et insert color\u00e9. Disponible \u00e9galement enti\u00e8rement en nickel argent\u00e9.<\/span><\/p>\n<p><span style=\"font-family: apple-system, BlinkMacSystemFont, 'Segoe UI', Roboto, Helvetica, Arial, sans-serif; font-size: 16px;\"><b>Plateformes de cylindre<\/b><\/span><br \/>\n<span style=\"font-family: apple-system, BlinkMacSystemFont, 'Segoe UI', Roboto, Helvetica, Arial, sans-serif; font-size: 16px;\">7&#215;7<sup>\u00ae<\/sup>\u00a0; Classique ; Integrator<sup>\u00ae<\/sup>\u00a0; Interactive<sup>\u00ae<\/sup>+ ; MT5<sup>\u00ae<\/sup>\u00a0; Interactive<sup>\u00ae<\/sup>+ CLIQ<sup>\u00ae<\/sup>\u00a0; MT5<sup>\u00ae<\/sup>\u00a0CLIQ<sup>\u00ae<\/sup><\/span><\/p>\n<p><span style=\"font-family: apple-system, BlinkMacSystemFont, 'Segoe UI', Roboto, Helvetica, Arial, sans-serif; font-size: 16px;\"><b>Options de cylindre<\/b><\/span><br \/>\n<span style=\"font-family: apple-system, BlinkMacSystemFont, 'Segoe UI', Roboto, Helvetica, Arial, sans-serif; font-size: 16px;\">Diff\u00e9rentes cl\u00e9s<\/span><br \/>\n<span style=\"font-family: apple-system, BlinkMacSystemFont, 'Segoe UI', Roboto, Helvetica, Arial, sans-serif; font-size: 16px;\">Cl\u00e9s identiques<\/span><br \/>\n<span style=\"font-family: apple-system, BlinkMacSystemFont, 'Segoe UI', Roboto, Helvetica, Arial, sans-serif; font-size: 16px;\">Cl\u00e9s ma\u00eetresses<\/span><\/p>\n<\/div>\n<\/div>\n<p>&nbsp;<\/p>\n<\/div>\n<\/div>\n<\/section>\n<\/td>\n<\/tr>\n<\/tbody>\n<\/table>\n<p>&nbsp;<\/p>\n","protected":false},"excerpt":{"rendered":"<p>Verrouillage sans cl\u00e9: bouton-poussoir.\u00a0 \u00a0 Fonction Le MVP\u21222000 a \u00e9t\u00e9 con\u00e7u pour renforcer la s\u00e9curit\u00e9 des v\u00e9hicules commerciaux, en particulier ceux transportant des marchandises et de l&rsquo;\u00e9quipement. Facile \u00e0 utiliser et \u00e0 installer, Le MVP\u21222000&hellip;<\/p>\n","protected":false},"featured_media":18150,"comment_status":"open","ping_status":"closed","template":"","meta":[],"product_brand":[],"product_cat":[15],"product_tag":[],"class_list":{"0":"post-18148","1":"product","2":"type-product","3":"status-publish","4":"has-post-thumbnail","6":"product_cat-non-classe","8":"first","9":"instock","10":"taxable","11":"shipping-taxable","12":"product-type-simple"},"_links":{"self":[{"href":"https:\/\/alaska-france.fr\/boutique\/wp-json\/wp\/v2\/product\/18148","targetHints":{"allow":["GET"]}}],"collection":[{"href":"https:\/\/alaska-france.fr\/boutique\/wp-json\/wp\/v2\/product"}],"about":[{"href":"https:\/\/alaska-france.fr\/boutique\/wp-json\/wp\/v2\/types\/product"}],"replies":[{"embeddable":true,"href":"https:\/\/alaska-france.fr\/boutique\/wp-json\/wp\/v2\/comments?post=18148"}],"wp:featuredmedia":[{"embeddable":true,"href":"https:\/\/alaska-france.fr\/boutique\/wp-json\/wp\/v2\/media\/18150"}],"wp:attachment":[{"href":"https:\/\/alaska-france.fr\/boutique\/wp-json\/wp\/v2\/media?parent=18148"}],"wp:term":[{"taxonomy":"product_brand","embeddable":true,"href":"https:\/\/alaska-france.fr\/boutique\/wp-json\/wp\/v2\/product_brand?post=18148"},{"taxonomy":"product_cat","embeddable":true,"href":"https:\/\/alaska-france.fr\/boutique\/wp-json\/wp\/v2\/product_cat?post=18148"},{"taxonomy":"product_tag","embeddable":true,"href":"https:\/\/alaska-france.fr\/boutique\/wp-json\/wp\/v2\/product_tag?post=18148"}],"curies":[{"name":"wp","href":"https:\/\/api.w.org\/{rel}","templated":true}]}}