

{"id":18135,"date":"2026-04-10T11:59:46","date_gmt":"2026-04-10T09:59:46","guid":{"rendered":"https:\/\/alaska-france.fr\/boutique\/?post_type=product&#038;p=18135"},"modified":"2026-04-13T11:45:07","modified_gmt":"2026-04-13T09:45:07","slug":"pack-krm2dc","status":"publish","type":"product","link":"https:\/\/alaska-france.fr\/boutique\/produit\/pack-krm2dc\/","title":{"rendered":"Pack KRM2DC"},"content":{"rendered":"<p data-start=\"104\" data-end=\"167\"><span style=\"text-decoration: underline;\"><span style=\"font-family: apple-system, BlinkMacSystemFont, 'Segoe UI', Roboto, Helvetica, Arial, sans-serif; font-size: 16px;\">Optimisez le rangement de votre utilitaire en toute simplicit\u00e9.<\/span><\/span><\/p>\n<p data-start=\"169\" data-end=\"493\" data-is-last-node=\"\" data-is-only-node=\"\"><span style=\"font-family: apple-system, BlinkMacSystemFont, 'Segoe UI', Roboto, Helvetica, Arial, sans-serif; font-size: 16px;\">Le pack KRM2DC est une solution compl\u00e8te pour am\u00e9nager votre v\u00e9hicule. Il comprend deux meubles de rangement sur les c\u00f4t\u00e9s, un plancher de protection ainsi que des habillages pour les c\u00f4t\u00e9s et les portes. L\u2019ensemble permet de garder votre mat\u00e9riel bien organis\u00e9 tout en prot\u00e9geant l\u2019int\u00e9rieur de votre v\u00e9hicule au quotidien.<\/span><\/p>\n<table style=\"border-collapse: collapse; width: 100%;\">\n<tbody>\n<tr>\n<td style=\"width: 4.05172%; vertical-align: bottom;\"><img loading=\"lazy\" decoding=\"async\" class=\"alignnone size-full wp-image-9033\" src=\"https:\/\/alaska-france.fr\/boutique\/wp-content\/uploads\/2025\/05\/logo-meuble-PF.jpg\" alt=\"\" width=\"40\" height=\"40\" \/><\/td>\n<td style=\"width: 95.9483%; text-align: left; vertical-align: middle;\"><strong style=\"font-family: apple-system, BlinkMacSystemFont, 'Segoe UI', Roboto, Helvetica, Arial, sans-serif; font-size: 16px;\">Composition et avantages de notre PACK KRM2DC:<\/strong><\/td>\n<\/tr>\n<\/tbody>\n<\/table>\n<table style=\"border-collapse: collapse; width: 99.92%; height: 10px;\">\n<tbody>\n<tr style=\"height: 55px;\">\n<td style=\"width: 4.5175%; height: 10px;\"><\/td>\n<td style=\"width: 104.213%; height: 10px;\">\n<ul style=\"list-style-type: disc;\">\n<li><span style=\"font-family: apple-system, BlinkMacSystemFont, 'Segoe UI', Roboto, Helvetica, Arial, sans-serif; font-size: 16px;\">Meuble Gauche r\u00e9f KRMG-DC : L.1290mm x H.1130mm x P.298\/423mm<\/span><\/li>\n<li><span style=\"font-family: apple-system, BlinkMacSystemFont, 'Segoe UI', Roboto, Helvetica, Arial, sans-serif; font-size: 16px;\">Meuble Droite r\u00e9f KRD-DC : L.840mm x H.1130mm x P.298mm<\/span><\/li>\n<li><span style=\"font-family: apple-system, BlinkMacSystemFont, 'Segoe UI', Roboto, Helvetica, Arial, sans-serif; font-size: 16px;\">Plancher BRUT (\u00e9p.15mm) ou ANTIDERAPANT (\u00e9p.12mm)\u00a0<\/span><\/li>\n<li><span style=\"font-family: apple-system, BlinkMacSystemFont, 'Segoe UI', Roboto, Helvetica, Arial, sans-serif; font-size: 16px;\">Barres de seuil sur le plancher au niveau des portes arri\u00e8re et porte lat\u00e9rale<\/span><\/li>\n<li><span style=\"font-family: apple-system, BlinkMacSystemFont, 'Segoe UI', Roboto, Helvetica, Arial, sans-serif; font-size: 16px;\">Protections des portes (\u00e9p.8mm) arri\u00e8res et porte lat\u00e9rale<\/span><\/li>\n<\/ul>\n<\/td>\n<\/tr>\n<\/tbody>\n<\/table>\n<table style=\"border-collapse: collapse; width: 100%;\">\n<tbody>\n<tr>\n<td style=\"width: 4.24662%;\"><strong style=\"font-family: apple-system, BlinkMacSystemFont, 'Segoe UI', Roboto, Helvetica, Arial, sans-serif; font-size: 16px;\"><img loading=\"lazy\" decoding=\"async\" class=\"alignnone size-full wp-image-9035\" src=\"https:\/\/alaska-france.fr\/boutique\/wp-content\/uploads\/2025\/05\/logo-scie-PF.jpg\" alt=\"\" width=\"40\" height=\"40\" \/><\/strong><\/td>\n<td style=\"width: 95.7534%;\"><strong style=\"font-family: apple-system, BlinkMacSystemFont, 'Segoe UI', Roboto, Helvetica, Arial, sans-serif; font-size: 16px;\">Une Fabrication de Qualit\u00e9 Professionnelle:<\/strong><\/td>\n<\/tr>\n<\/tbody>\n<\/table>\n<table style=\"border-collapse: collapse; width: 100%;\">\n<tbody>\n<tr>\n<td style=\"width: 4.19496%;\"><\/td>\n<td style=\"width: 97.6383%;\">\n<ul style=\"list-style-type: disc;\">\n<li><span style=\"font-family: apple-system, BlinkMacSystemFont, 'Segoe UI', Roboto, Helvetica, Arial, sans-serif; font-size: 16px;\"><strong>Mat\u00e9riaux au choix :<\/strong><\/span>\n<ul>\n<li><span style=\"font-family: apple-system, BlinkMacSystemFont, 'Segoe UI', Roboto, Helvetica, Arial, sans-serif; font-size: 16px;\"><strong>Contreplaqu\u00e9 brut faces Okoum\u00e9 (15 mm) :<\/strong> Robuste et l\u00e9ger.<\/span><\/li>\n<li><span style=\"font-family: apple-system, BlinkMacSystemFont, 'Segoe UI', Roboto, Helvetica, Arial, sans-serif; font-size: 16px;\"><strong>Contreplaqu\u00e9 film\u00e9 (12 ou 15 mm) :<\/strong> Finition lisse (brun ou gris), r\u00e9sistante \u00e0 l&rsquo;humidit\u00e9 et facile \u00e0 nettoyer.<\/span><\/li>\n<\/ul>\n<\/li>\n<\/ul>\n<\/td>\n<\/tr>\n<\/tbody>\n<\/table>\n<table style=\"border-collapse: collapse; width: 100%;\">\n<tbody>\n<tr>\n<td style=\"width: 4.21475%;\"><strong style=\"font-family: apple-system, BlinkMacSystemFont, 'Segoe UI', Roboto, Helvetica, Arial, sans-serif; font-size: 16px;\"><img loading=\"lazy\" decoding=\"async\" class=\"alignnone size-full wp-image-9034\" src=\"https:\/\/alaska-france.fr\/boutique\/wp-content\/uploads\/2025\/05\/logo-pose-exp-PF.jpg\" alt=\"\" width=\"40\" height=\"40\" \/><\/strong><\/td>\n<td style=\"width: 95.7852%;\"><strong style=\"font-family: apple-system, BlinkMacSystemFont, 'Segoe UI', Roboto, Helvetica, Arial, sans-serif; font-size: 16px;\">Nos Services :<\/strong><\/td>\n<\/tr>\n<\/tbody>\n<\/table>\n<table style=\"border-collapse: collapse; width: 100%;\">\n<tbody>\n<tr>\n<td style=\"width: 4.19427%;\"><\/td>\n<td style=\"width: 102.811%;\">\n<ul style=\"list-style-type: disc;\">\n<li><span style=\"font-family: apple-system, BlinkMacSystemFont, 'Segoe UI', Roboto, Helvetica, Arial, sans-serif; font-size: 16px;\"><strong>Pose Offerte :<\/strong> Nous installons gratuitement votre am\u00e9nagement dans nos ateliers de Saint-Ouen-l&rsquo;Aum\u00f4ne.<\/span><\/li>\n<li><span style=\"font-family: apple-system, BlinkMacSystemFont, 'Segoe UI', Roboto, Helvetica, Arial, sans-serif; font-size: 16px;\"><strong>Livraison Nationale :<\/strong> Recevez votre meuble assembl\u00e9, partout en France, avec toute la visserie n\u00e9cessaire.<\/span><\/li>\n<li><span style=\"font-family: apple-system, BlinkMacSystemFont, 'Segoe UI', Roboto, Helvetica, Arial, sans-serif; font-size: 16px;\"><strong>Pose du meuble 1h <\/strong>(2 personnes).<\/span><\/li>\n<\/ul>\n<\/td>\n<\/tr>\n<\/tbody>\n<\/table>\n<table style=\"border-collapse: collapse; width: 100%;\">\n<tbody>\n<tr>\n<td style=\"width: 8.31514%;\"><img loading=\"lazy\" decoding=\"async\" class=\"size-thumbnail wp-image-9019 aligncenter\" style=\"text-align: right;\" src=\"https:\/\/alaska-france.fr\/boutique\/wp-content\/uploads\/2025\/05\/logo-sur-mesure-150x150.jpeg\" alt=\"\" width=\"150\" height=\"150\" srcset=\"https:\/\/alaska-france.fr\/boutique\/wp-content\/uploads\/2025\/05\/logo-sur-mesure-150x150.jpeg 150w, https:\/\/alaska-france.fr\/boutique\/wp-content\/uploads\/2025\/05\/logo-sur-mesure-300x300.jpeg 300w, https:\/\/alaska-france.fr\/boutique\/wp-content\/uploads\/2025\/05\/logo-sur-mesure-768x768.jpeg 768w, https:\/\/alaska-france.fr\/boutique\/wp-content\/uploads\/2025\/05\/logo-sur-mesure-600x600.jpeg 600w, https:\/\/alaska-france.fr\/boutique\/wp-content\/uploads\/2025\/05\/logo-sur-mesure-100x100.jpeg 100w, https:\/\/alaska-france.fr\/boutique\/wp-content\/uploads\/2025\/05\/logo-sur-mesure.jpeg 1024w\" sizes=\"auto, (max-width: 150px) 100vw, 150px\" \/><\/td>\n<td style=\"width: 91.6848%;\"><strong><span style=\"font-family: apple-system, BlinkMacSystemFont, 'Segoe UI', Roboto, Helvetica, Arial, sans-serif; font-size: 16px; color: #005eb8;\">Nous sommes fabricant de nos am\u00e9nagements, demandez nous des modifications sur ce meuble.<\/span><\/strong><\/td>\n<\/tr>\n<\/tbody>\n<\/table>\n","protected":false},"excerpt":{"rendered":"<p>Optimisez le rangement de votre utilitaire en toute simplicit\u00e9. Le pack KRM2DC est une solution compl\u00e8te pour am\u00e9nager votre v\u00e9hicule. Il comprend deux meubles de rangement sur les c\u00f4t\u00e9s, un plancher de protection ainsi que&hellip;<\/p>\n","protected":false},"featured_media":18136,"comment_status":"open","ping_status":"closed","template":"","meta":[],"product_brand":[],"product_cat":[15],"product_tag":[],"class_list":{"0":"post-18135","1":"product","2":"type-product","3":"status-publish","4":"has-post-thumbnail","6":"product_cat-non-classe","8":"first","9":"instock","10":"taxable","11":"shipping-taxable","12":"product-type-simple"},"_links":{"self":[{"href":"https:\/\/alaska-france.fr\/boutique\/wp-json\/wp\/v2\/product\/18135","targetHints":{"allow":["GET"]}}],"collection":[{"href":"https:\/\/alaska-france.fr\/boutique\/wp-json\/wp\/v2\/product"}],"about":[{"href":"https:\/\/alaska-france.fr\/boutique\/wp-json\/wp\/v2\/types\/product"}],"replies":[{"embeddable":true,"href":"https:\/\/alaska-france.fr\/boutique\/wp-json\/wp\/v2\/comments?post=18135"}],"wp:featuredmedia":[{"embeddable":true,"href":"https:\/\/alaska-france.fr\/boutique\/wp-json\/wp\/v2\/media\/18136"}],"wp:attachment":[{"href":"https:\/\/alaska-france.fr\/boutique\/wp-json\/wp\/v2\/media?parent=18135"}],"wp:term":[{"taxonomy":"product_brand","embeddable":true,"href":"https:\/\/alaska-france.fr\/boutique\/wp-json\/wp\/v2\/product_brand?post=18135"},{"taxonomy":"product_cat","embeddable":true,"href":"https:\/\/alaska-france.fr\/boutique\/wp-json\/wp\/v2\/product_cat?post=18135"},{"taxonomy":"product_tag","embeddable":true,"href":"https:\/\/alaska-france.fr\/boutique\/wp-json\/wp\/v2\/product_tag?post=18135"}],"curies":[{"name":"wp","href":"https:\/\/api.w.org\/{rel}","templated":true}]}}