

{"id":17848,"date":"2026-04-01T13:55:08","date_gmt":"2026-04-01T11:55:08","guid":{"rendered":"https:\/\/alaska-france.fr\/boutique\/?post_type=product&#038;p=17848"},"modified":"2026-04-03T11:44:13","modified_gmt":"2026-04-03T09:44:13","slug":"pack-kpp","status":"publish","type":"product","link":"https:\/\/alaska-france.fr\/boutique\/produit\/pack-kpp\/","title":{"rendered":"Pack KPP"},"content":{"rendered":"<p><span style=\"font-family: apple-system, BlinkMacSystemFont, 'Segoe UI', Roboto, Helvetica, Arial, sans-serif; font-size: 16px;\"><u>Le PACK KPP est une solution compl\u00e8te pour prot\u00e9ger des chocs les parois et les portes de votre v\u00e9hicule utilitaire.<\/u><\/span><\/p>\n<p><span style=\"font-family: apple-system, BlinkMacSystemFont, 'Segoe UI', Roboto, Helvetica, Arial, sans-serif; font-size: 16px;\">Ce pack comprend un plancher de protection ainsi que des habillages de parois et de portes, afin de pr\u00e9server la carrosserie int\u00e9rieure de votre v\u00e9hicule contre les chocs, les frottements et l\u2019usure li\u00e9s \u00e0 une utilisation professionnelle quotidienne.<\/span><\/p>\n<table style=\"border-collapse: collapse; width: 100%;\">\n<tbody>\n<tr>\n<td style=\"width: 4.05172%; vertical-align: bottom;\"><img decoding=\"async\" class=\"alignnone size-full wp-image-9033\" src=\"https:\/\/alaska-france.fr\/boutique\/wp-content\/uploads\/2025\/05\/logo-meuble-PF.jpg\" alt=\"\" width=\"40\" height=\"40\" \/><\/td>\n<td style=\"width: 95.9483%; text-align: left; vertical-align: middle;\"><strong style=\"font-family: apple-system, BlinkMacSystemFont, 'Segoe UI', Roboto, Helvetica, Arial, sans-serif; font-size: 16px;\">Composition et avantages de notre PACK KPP:<\/strong><\/td>\n<\/tr>\n<\/tbody>\n<\/table>\n<table style=\"border-collapse: collapse; width: 99.92%; height: 10px;\">\n<tbody>\n<tr style=\"height: 55px;\">\n<td style=\"width: 4.5175%; height: 10px;\"><\/td>\n<td style=\"width: 104.213%; height: 10px;\">\n<ul style=\"list-style-type: disc;\">\n<li><span style=\"font-family: apple-system, BlinkMacSystemFont, 'Segoe UI', Roboto, Helvetica, Arial, sans-serif; font-size: 16px;\">Plancher BRUT (\u00e9p.15mm) ou ANTIDERAPANT (\u00e9p.12mm)\u00a0<\/span><\/li>\n<li><span style=\"font-family: apple-system, BlinkMacSystemFont, 'Segoe UI', Roboto, Helvetica, Arial, sans-serif; font-size: 16px;\">Barres de seuil sur le plancher au niveau des portes arri\u00e8re et porte lat\u00e9rale<\/span><\/li>\n<li><span style=\"font-family: apple-system, BlinkMacSystemFont, 'Segoe UI', Roboto, Helvetica, Arial, sans-serif; font-size: 16px;\">Protections des portes (\u00e9p.8mm) arri\u00e8res et porte lat\u00e9rale<\/span><\/li>\n<\/ul>\n<\/td>\n<\/tr>\n<\/tbody>\n<\/table>\n<table style=\"border-collapse: collapse; width: 100%;\">\n<tbody>\n<tr>\n<td style=\"width: 4.24662%;\"><strong style=\"font-family: apple-system, BlinkMacSystemFont, 'Segoe UI', Roboto, Helvetica, Arial, sans-serif; font-size: 16px;\"><img decoding=\"async\" class=\"alignnone size-full wp-image-9035\" src=\"https:\/\/alaska-france.fr\/boutique\/wp-content\/uploads\/2025\/05\/logo-scie-PF.jpg\" alt=\"\" width=\"40\" height=\"40\" \/><\/strong><\/td>\n<td style=\"width: 95.7534%;\"><strong style=\"font-family: apple-system, BlinkMacSystemFont, 'Segoe UI', Roboto, Helvetica, Arial, sans-serif; font-size: 16px;\">Une Fabrication de Qualit\u00e9 Professionnelle:<\/strong><\/td>\n<\/tr>\n<\/tbody>\n<\/table>\n<table style=\"border-collapse: collapse; width: 100%;\">\n<tbody>\n<tr>\n<td style=\"width: 4.19496%;\"><\/td>\n<td style=\"width: 97.6383%;\">\n<ul style=\"list-style-type: disc;\">\n<li><span style=\"font-family: apple-system, BlinkMacSystemFont, 'Segoe UI', Roboto, Helvetica, Arial, sans-serif; font-size: 16px;\"><strong>Mat\u00e9riaux au choix :<\/strong><\/span>\n<ul>\n<li><span style=\"font-family: apple-system, BlinkMacSystemFont, 'Segoe UI', Roboto, Helvetica, Arial, sans-serif; font-size: 16px;\"><strong>Contreplaqu\u00e9 brut faces Okoum\u00e9 (15 mm) :<\/strong> Robuste et l\u00e9ger.<\/span><\/li>\n<li><span style=\"font-family: apple-system, BlinkMacSystemFont, 'Segoe UI', Roboto, Helvetica, Arial, sans-serif; font-size: 16px;\"><strong>Contreplaqu\u00e9 film\u00e9 (12 ou 15 mm) :<\/strong> Finition lisse (brun ou gris), r\u00e9sistante \u00e0 l&rsquo;humidit\u00e9 et facile \u00e0 nettoyer.<\/span><\/li>\n<\/ul>\n<\/li>\n<\/ul>\n<\/td>\n<\/tr>\n<\/tbody>\n<\/table>\n<table style=\"border-collapse: collapse; width: 100%;\">\n<tbody>\n<tr>\n<td style=\"width: 4.21475%;\"><strong style=\"font-family: apple-system, BlinkMacSystemFont, 'Segoe UI', Roboto, Helvetica, Arial, sans-serif; font-size: 16px;\"><img decoding=\"async\" class=\"alignnone size-full wp-image-9034\" src=\"https:\/\/alaska-france.fr\/boutique\/wp-content\/uploads\/2025\/05\/logo-pose-exp-PF.jpg\" alt=\"\" width=\"40\" height=\"40\" \/><\/strong><\/td>\n<td style=\"width: 95.7852%;\"><strong style=\"font-family: apple-system, BlinkMacSystemFont, 'Segoe UI', Roboto, Helvetica, Arial, sans-serif; font-size: 16px;\">Nos Services :<\/strong><\/td>\n<\/tr>\n<\/tbody>\n<\/table>\n<table style=\"border-collapse: collapse; width: 100%;\">\n<tbody>\n<tr>\n<td style=\"width: 4.19427%;\"><\/td>\n<td style=\"width: 102.811%;\">\n<ul style=\"list-style-type: disc;\">\n<li><span style=\"font-family: apple-system, BlinkMacSystemFont, 'Segoe UI', Roboto, Helvetica, Arial, sans-serif; font-size: 16px;\"><strong>Pose Offerte :<\/strong> Nous installons gratuitement votre am\u00e9nagement dans nos ateliers de Saint-Ouen-l&rsquo;Aum\u00f4ne.<\/span><\/li>\n<li><span style=\"font-family: apple-system, BlinkMacSystemFont, 'Segoe UI', Roboto, Helvetica, Arial, sans-serif; font-size: 16px;\"><strong>Livraison Nationale :<\/strong> Recevez votre meuble assembl\u00e9, partout en France, avec toute la visserie n\u00e9cessaire.<\/span><\/li>\n<li><span style=\"font-family: apple-system, BlinkMacSystemFont, 'Segoe UI', Roboto, Helvetica, Arial, sans-serif; font-size: 16px;\"><strong>Pose du meuble 1h <\/strong>(2 personnes).<\/span><\/li>\n<\/ul>\n<\/td>\n<\/tr>\n<\/tbody>\n<\/table>\n<table style=\"border-collapse: collapse; width: 100%;\">\n<tbody>\n<tr>\n<td style=\"width: 8.31514%;\"><img loading=\"lazy\" decoding=\"async\" class=\"size-thumbnail wp-image-9019 aligncenter\" style=\"text-align: right;\" src=\"https:\/\/alaska-france.fr\/boutique\/wp-content\/uploads\/2025\/05\/logo-sur-mesure-150x150.jpeg\" alt=\"\" width=\"150\" height=\"150\" srcset=\"https:\/\/alaska-france.fr\/boutique\/wp-content\/uploads\/2025\/05\/logo-sur-mesure-150x150.jpeg 150w, https:\/\/alaska-france.fr\/boutique\/wp-content\/uploads\/2025\/05\/logo-sur-mesure-300x300.jpeg 300w, https:\/\/alaska-france.fr\/boutique\/wp-content\/uploads\/2025\/05\/logo-sur-mesure-768x768.jpeg 768w, https:\/\/alaska-france.fr\/boutique\/wp-content\/uploads\/2025\/05\/logo-sur-mesure-600x600.jpeg 600w, https:\/\/alaska-france.fr\/boutique\/wp-content\/uploads\/2025\/05\/logo-sur-mesure-100x100.jpeg 100w, https:\/\/alaska-france.fr\/boutique\/wp-content\/uploads\/2025\/05\/logo-sur-mesure.jpeg 1024w\" sizes=\"(max-width: 150px) 100vw, 150px\" \/><\/td>\n<td style=\"width: 91.6848%;\"><strong><span style=\"font-family: apple-system, BlinkMacSystemFont, 'Segoe UI', Roboto, Helvetica, Arial, sans-serif; font-size: 16px; color: #005eb8;\">Nous sommes fabricant de nos am\u00e9nagements, demandez nous des modifications sur ce meuble.<\/span><\/strong><\/td>\n<\/tr>\n<\/tbody>\n<\/table>\n","protected":false},"excerpt":{"rendered":"<p>Le PACK KPP est une solution compl\u00e8te pour prot\u00e9ger des chocs les parois et les portes de votre v\u00e9hicule utilitaire. Ce pack comprend un plancher de protection ainsi que des habillages de parois et de&hellip;<\/p>\n","protected":false},"featured_media":17834,"comment_status":"open","ping_status":"closed","template":"","meta":[],"product_brand":[],"product_cat":[15],"product_tag":[],"class_list":{"0":"post-17848","1":"product","2":"type-product","3":"status-publish","4":"has-post-thumbnail","6":"product_cat-non-classe","8":"first","9":"instock","10":"taxable","11":"shipping-taxable","12":"product-type-simple"},"_links":{"self":[{"href":"https:\/\/alaska-france.fr\/boutique\/wp-json\/wp\/v2\/product\/17848","targetHints":{"allow":["GET"]}}],"collection":[{"href":"https:\/\/alaska-france.fr\/boutique\/wp-json\/wp\/v2\/product"}],"about":[{"href":"https:\/\/alaska-france.fr\/boutique\/wp-json\/wp\/v2\/types\/product"}],"replies":[{"embeddable":true,"href":"https:\/\/alaska-france.fr\/boutique\/wp-json\/wp\/v2\/comments?post=17848"}],"version-history":[{"count":2,"href":"https:\/\/alaska-france.fr\/boutique\/wp-json\/wp\/v2\/product\/17848\/revisions"}],"predecessor-version":[{"id":17917,"href":"https:\/\/alaska-france.fr\/boutique\/wp-json\/wp\/v2\/product\/17848\/revisions\/17917"}],"wp:featuredmedia":[{"embeddable":true,"href":"https:\/\/alaska-france.fr\/boutique\/wp-json\/wp\/v2\/media\/17834"}],"wp:attachment":[{"href":"https:\/\/alaska-france.fr\/boutique\/wp-json\/wp\/v2\/media?parent=17848"}],"wp:term":[{"taxonomy":"product_brand","embeddable":true,"href":"https:\/\/alaska-france.fr\/boutique\/wp-json\/wp\/v2\/product_brand?post=17848"},{"taxonomy":"product_cat","embeddable":true,"href":"https:\/\/alaska-france.fr\/boutique\/wp-json\/wp\/v2\/product_cat?post=17848"},{"taxonomy":"product_tag","embeddable":true,"href":"https:\/\/alaska-france.fr\/boutique\/wp-json\/wp\/v2\/product_tag?post=17848"}],"curies":[{"name":"wp","href":"https:\/\/api.w.org\/{rel}","templated":true}]}}