

{"id":17827,"date":"2026-03-31T16:58:29","date_gmt":"2026-03-31T14:58:29","guid":{"rendered":"https:\/\/alaska-france.fr\/boutique\/?post_type=product&#038;p=17827"},"modified":"2026-03-31T17:01:32","modified_gmt":"2026-03-31T15:01:32","slug":"pack-krmeta-33","status":"publish","type":"product","link":"https:\/\/alaska-france.fr\/boutique\/produit\/pack-krmeta-33\/","title":{"rendered":"Pack KRMETA"},"content":{"rendered":"<p><span style=\"font-family: apple-system, BlinkMacSystemFont, 'Segoe UI', Roboto, Helvetica, Arial, sans-serif; font-size: 16px;\"><u>Votre atelier mobile optimis\u00e9<\/u><\/span><\/p>\n<p><span style=\"font-family: apple-system, BlinkMacSystemFont, 'Segoe UI', Roboto, Helvetica, Arial, sans-serif; font-size: 16px;\">Le PACK KRMETA est une solution d\u2019am\u00e9nagement compl\u00e8te pour v\u00e9hicule utilitaire, con\u00e7ue pour les artisans et professionnels itin\u00e9rants. Il associe un meuble de rangement lat\u00e9ral gauche avec module mallette et un \u00e9tabli droit, accompagn\u00e9s d\u2019un plancher et d\u2019habillages de protection, pour organiser vos outils et \u00e9quipements tout en pr\u00e9servant l\u2019int\u00e9rieur de votre fourgon.<\/span><\/p>\n<p><span style=\"font-family: apple-system, BlinkMacSystemFont, 'Segoe UI', Roboto, Helvetica, Arial, sans-serif; font-size: 16px;\">Le meuble propose plusieurs \u00e9tag\u00e8res pour un rangement pratique et efficace, tandis que l\u2019\u00e9tabli offre un plan de travail solide avec des compartiments pour vos outils essentiels. Fonctionnel, durable et simple \u00e0 utiliser, le PACK KRMETA transforme votre v\u00e9hicule en un atelier mobile performant.<\/span><\/p>\n<table style=\"border-collapse: collapse; width: 100%;\">\n<tbody>\n<tr>\n<td style=\"width: 4.05172%; vertical-align: bottom;\"><img decoding=\"async\" class=\"alignnone size-full wp-image-9033\" src=\"https:\/\/alaska-france.fr\/boutique\/wp-content\/uploads\/2025\/05\/logo-meuble-PF.jpg\" alt=\"\" width=\"40\" height=\"40\" \/><\/td>\n<td style=\"width: 95.9483%; text-align: left; vertical-align: middle;\"><strong style=\"font-family: apple-system, BlinkMacSystemFont, 'Segoe UI', Roboto, Helvetica, Arial, sans-serif; font-size: 16px;\">Composition et avantages de notre PACK KRMETA:<\/strong><\/td>\n<\/tr>\n<\/tbody>\n<\/table>\n<table style=\"border-collapse: collapse; width: 99.92%; height: 10px;\">\n<tbody>\n<tr style=\"height: 55px;\">\n<td style=\"width: 4.5175%; height: 10px;\"><\/td>\n<td style=\"width: 104.213%; height: 10px;\">\n<ul style=\"list-style-type: disc;\">\n<li><span style=\"font-family: apple-system, BlinkMacSystemFont, 'Segoe UI', Roboto, Helvetica, Arial, sans-serif; font-size: 16px;\">Meuble Gauche r\u00e9f KRMG-N : L.4480mm x H.1750mm x P.323\/423mm<\/span><\/li>\n<li><span style=\"font-family: apple-system, BlinkMacSystemFont, 'Segoe UI', Roboto, Helvetica, Arial, sans-serif; font-size: 16px;\">Meuble Droite r\u00e9f ETAD104-N : L.3105mm x H.1750mm x P.323mm<\/span><\/li>\n<li><span style=\"font-family: apple-system, BlinkMacSystemFont, 'Segoe UI', Roboto, Helvetica, Arial, sans-serif; font-size: 16px;\">Plancher BRUT (\u00e9p.15mm) ou ANTIDERAPANT (\u00e9p.12mm)\u00a0<\/span><\/li>\n<li><span style=\"font-family: apple-system, BlinkMacSystemFont, 'Segoe UI', Roboto, Helvetica, Arial, sans-serif; font-size: 16px;\">Barres de seuil sur le plancher au niveau des portes arri\u00e8re et porte lat\u00e9rale<\/span><\/li>\n<li><span style=\"font-family: apple-system, BlinkMacSystemFont, 'Segoe UI', Roboto, Helvetica, Arial, sans-serif; font-size: 16px;\">Protections des portes (\u00e9p.8mm) arri\u00e8res et porte lat\u00e9rale<\/span><\/li>\n<\/ul>\n<\/td>\n<\/tr>\n<\/tbody>\n<\/table>\n<table style=\"border-collapse: collapse; width: 100%;\">\n<tbody>\n<tr>\n<td style=\"width: 4.24662%;\"><strong style=\"font-family: apple-system, BlinkMacSystemFont, 'Segoe UI', Roboto, Helvetica, Arial, sans-serif; font-size: 16px;\"><img decoding=\"async\" class=\"alignnone size-full wp-image-9035\" src=\"https:\/\/alaska-france.fr\/boutique\/wp-content\/uploads\/2025\/05\/logo-scie-PF.jpg\" alt=\"\" width=\"40\" height=\"40\" \/><\/strong><\/td>\n<td style=\"width: 95.7534%;\"><strong style=\"font-family: apple-system, BlinkMacSystemFont, 'Segoe UI', Roboto, Helvetica, Arial, sans-serif; font-size: 16px;\">Une Fabrication de Qualit\u00e9 Professionnelle:<\/strong><\/td>\n<\/tr>\n<\/tbody>\n<\/table>\n<table style=\"border-collapse: collapse; width: 100%;\">\n<tbody>\n<tr>\n<td style=\"width: 4.19496%;\"><\/td>\n<td style=\"width: 97.6383%;\">\n<ul style=\"list-style-type: disc;\">\n<li><span style=\"font-family: apple-system, BlinkMacSystemFont, 'Segoe UI', Roboto, Helvetica, Arial, sans-serif; font-size: 16px;\"><strong>Mat\u00e9riaux au choix :<\/strong><\/span>\n<ul>\n<li><span style=\"font-family: apple-system, BlinkMacSystemFont, 'Segoe UI', Roboto, Helvetica, Arial, sans-serif; font-size: 16px;\"><strong>Contreplaqu\u00e9 brut faces Okoum\u00e9 (15 mm) :<\/strong> Robuste et l\u00e9ger.<\/span><\/li>\n<li><span style=\"font-family: apple-system, BlinkMacSystemFont, 'Segoe UI', Roboto, Helvetica, Arial, sans-serif; font-size: 16px;\"><strong>Contreplaqu\u00e9 film\u00e9 (12 ou 15 mm) :<\/strong> Finition lisse (brun ou gris), r\u00e9sistante \u00e0 l&rsquo;humidit\u00e9 et facile \u00e0 nettoyer.<\/span><\/li>\n<\/ul>\n<\/li>\n<\/ul>\n<\/td>\n<\/tr>\n<\/tbody>\n<\/table>\n<table style=\"border-collapse: collapse; width: 100%;\">\n<tbody>\n<tr>\n<td style=\"width: 4.21475%;\"><strong style=\"font-family: apple-system, BlinkMacSystemFont, 'Segoe UI', Roboto, Helvetica, Arial, sans-serif; font-size: 16px;\"><img decoding=\"async\" class=\"alignnone size-full wp-image-9034\" src=\"https:\/\/alaska-france.fr\/boutique\/wp-content\/uploads\/2025\/05\/logo-pose-exp-PF.jpg\" alt=\"\" width=\"40\" height=\"40\" \/><\/strong><\/td>\n<td style=\"width: 95.7852%;\"><strong style=\"font-family: apple-system, BlinkMacSystemFont, 'Segoe UI', Roboto, Helvetica, Arial, sans-serif; font-size: 16px;\">Nos Services :<\/strong><\/td>\n<\/tr>\n<\/tbody>\n<\/table>\n<table style=\"border-collapse: collapse; width: 100%;\">\n<tbody>\n<tr>\n<td style=\"width: 4.19427%;\"><\/td>\n<td style=\"width: 102.811%;\">\n<ul style=\"list-style-type: disc;\">\n<li><span style=\"font-family: apple-system, BlinkMacSystemFont, 'Segoe UI', Roboto, Helvetica, Arial, sans-serif; font-size: 16px;\"><strong>Pose Offerte :<\/strong> Nous installons gratuitement votre am\u00e9nagement dans nos ateliers de Saint-Ouen-l&rsquo;Aum\u00f4ne.<\/span><\/li>\n<li><span style=\"font-family: apple-system, BlinkMacSystemFont, 'Segoe UI', Roboto, Helvetica, Arial, sans-serif; font-size: 16px;\"><strong>Livraison Nationale :<\/strong> Recevez votre meuble assembl\u00e9, partout en France, avec toute la visserie n\u00e9cessaire.<\/span><\/li>\n<li><span style=\"font-family: apple-system, BlinkMacSystemFont, 'Segoe UI', Roboto, Helvetica, Arial, sans-serif; font-size: 16px;\"><strong>Pose du meuble 1h <\/strong>(2 personnes).<\/span><\/li>\n<\/ul>\n<\/td>\n<\/tr>\n<\/tbody>\n<\/table>\n<table style=\"border-collapse: collapse; width: 100%;\">\n<tbody>\n<tr>\n<td style=\"width: 8.31514%;\"><img loading=\"lazy\" decoding=\"async\" class=\"size-thumbnail wp-image-9019 aligncenter\" style=\"text-align: right;\" src=\"https:\/\/alaska-france.fr\/boutique\/wp-content\/uploads\/2025\/05\/logo-sur-mesure-150x150.jpeg\" alt=\"\" width=\"150\" height=\"150\" srcset=\"https:\/\/alaska-france.fr\/boutique\/wp-content\/uploads\/2025\/05\/logo-sur-mesure-150x150.jpeg 150w, https:\/\/alaska-france.fr\/boutique\/wp-content\/uploads\/2025\/05\/logo-sur-mesure-300x300.jpeg 300w, https:\/\/alaska-france.fr\/boutique\/wp-content\/uploads\/2025\/05\/logo-sur-mesure-768x768.jpeg 768w, https:\/\/alaska-france.fr\/boutique\/wp-content\/uploads\/2025\/05\/logo-sur-mesure-600x600.jpeg 600w, https:\/\/alaska-france.fr\/boutique\/wp-content\/uploads\/2025\/05\/logo-sur-mesure-100x100.jpeg 100w, https:\/\/alaska-france.fr\/boutique\/wp-content\/uploads\/2025\/05\/logo-sur-mesure.jpeg 1024w\" sizes=\"(max-width: 150px) 100vw, 150px\" \/><\/td>\n<td style=\"width: 91.6848%;\"><strong><span style=\"font-family: apple-system, BlinkMacSystemFont, 'Segoe UI', Roboto, Helvetica, Arial, sans-serif; font-size: 16px; color: #005eb8;\">Nous sommes fabricant de nos am\u00e9nagements, demandez nous des modifications sur ce meuble.<\/span><\/strong><\/td>\n<\/tr>\n<\/tbody>\n<\/table>\n","protected":false},"excerpt":{"rendered":"<p>Votre atelier mobile optimis\u00e9 Le PACK KRMETA est une solution d\u2019am\u00e9nagement compl\u00e8te pour v\u00e9hicule utilitaire, con\u00e7ue pour les artisans et professionnels itin\u00e9rants. Il associe un meuble de rangement lat\u00e9ral gauche avec module mallette et un&hellip;<\/p>\n","protected":false},"featured_media":17803,"comment_status":"open","ping_status":"closed","template":"","meta":[],"product_brand":[],"product_cat":[15],"product_tag":[],"class_list":{"0":"post-17827","1":"product","2":"type-product","3":"status-publish","4":"has-post-thumbnail","6":"product_cat-non-classe","8":"first","9":"instock","10":"taxable","11":"shipping-taxable","12":"product-type-simple"},"_links":{"self":[{"href":"https:\/\/alaska-france.fr\/boutique\/wp-json\/wp\/v2\/product\/17827","targetHints":{"allow":["GET"]}}],"collection":[{"href":"https:\/\/alaska-france.fr\/boutique\/wp-json\/wp\/v2\/product"}],"about":[{"href":"https:\/\/alaska-france.fr\/boutique\/wp-json\/wp\/v2\/types\/product"}],"replies":[{"embeddable":true,"href":"https:\/\/alaska-france.fr\/boutique\/wp-json\/wp\/v2\/comments?post=17827"}],"version-history":[{"count":1,"href":"https:\/\/alaska-france.fr\/boutique\/wp-json\/wp\/v2\/product\/17827\/revisions"}],"predecessor-version":[{"id":17831,"href":"https:\/\/alaska-france.fr\/boutique\/wp-json\/wp\/v2\/product\/17827\/revisions\/17831"}],"wp:featuredmedia":[{"embeddable":true,"href":"https:\/\/alaska-france.fr\/boutique\/wp-json\/wp\/v2\/media\/17803"}],"wp:attachment":[{"href":"https:\/\/alaska-france.fr\/boutique\/wp-json\/wp\/v2\/media?parent=17827"}],"wp:term":[{"taxonomy":"product_brand","embeddable":true,"href":"https:\/\/alaska-france.fr\/boutique\/wp-json\/wp\/v2\/product_brand?post=17827"},{"taxonomy":"product_cat","embeddable":true,"href":"https:\/\/alaska-france.fr\/boutique\/wp-json\/wp\/v2\/product_cat?post=17827"},{"taxonomy":"product_tag","embeddable":true,"href":"https:\/\/alaska-france.fr\/boutique\/wp-json\/wp\/v2\/product_tag?post=17827"}],"curies":[{"name":"wp","href":"https:\/\/api.w.org\/{rel}","templated":true}]}}