

{"id":17128,"date":"2026-03-19T19:35:01","date_gmt":"2026-03-19T18:35:01","guid":{"rendered":"https:\/\/alaska-france.fr\/boutique\/?post_type=product&#038;p=17128"},"modified":"2026-03-23T11:11:38","modified_gmt":"2026-03-23T10:11:38","slug":"mvp-3000-mul-t-lock","status":"publish","type":"product","link":"https:\/\/alaska-france.fr\/boutique\/shop\/non-classe\/mvp-3000-mul-t-lock\/","title":{"rendered":"MVP 3000 MUL-T-LOCK"},"content":{"rendered":"<table style=\"border-collapse: collapse; width: 100%;\">\n<tbody>\n<tr>\n<td style=\"width: 3.32406%;\"><\/td>\n<td style=\"width: 96.6759%;\">\n<p data-path-to-node=\"4\"><span style=\"font-family: apple-system, BlinkMacSystemFont, 'Segoe UI', Roboto, Helvetica, Arial, sans-serif; font-size: 16px;\"><b data-path-to-node=\"4\" data-index-in-node=\"0\">Verrouillage sans cl\u00e9: Claquez pour verrouiller.<br \/>\n<\/b>La MVP 3000 est la nouvelle serrure 1 POINT de MUL-T-LOCK.<br \/>\n<\/span><\/p>\n<ul>\n<li data-path-to-node=\"4\"><span style=\"font-family: apple-system, BlinkMacSystemFont, 'Segoe UI', Roboto, Helvetica, Arial, sans-serif; font-size: 16px;\"><span style=\"font-size: inherit;\"><span style=\"font-size: 16px;\">\u2022<\/span><span style=\"font-size: 16px;\">Verrouillage<\/span> automatique par claquement<\/span><\/span><\/li>\n<li data-path-to-node=\"4\"><span style=\"font-family: apple-system, BlinkMacSystemFont, 'Segoe UI', Roboto, Helvetica, Arial, sans-serif; font-size: 16px;\">\u2022Verrouillage sans cl\u00e9: claquez pour verrouiller<\/span><\/li>\n<li><span style=\"font-family: apple-system, BlinkMacSystemFont, 'Segoe UI', Roboto, Helvetica, Arial, sans-serif; font-size: 16px;\">\u2022Ouverture d&rsquo;urgence par c\u00e2ble<\/span><\/li>\n<li><span style=\"font-family: apple-system, BlinkMacSystemFont, 'Segoe UI', Roboto, Helvetica, Arial, sans-serif; font-size: 16px;\">\u2022Cylindre brevet\u00e9e<\/span><\/li>\n<li><span style=\"font-family: apple-system, BlinkMacSystemFont, 'Segoe UI', Roboto, Helvetica, Arial, sans-serif; font-size: 16px;\">\u2022Agr\u00e9e CNPP<\/span><\/li>\n<\/ul>\n<div class=\"styles__Title-sc-fbadai-0 hanbgA\">\n<h2 id=\"d2daaa60-45bf-4f9b-b2ed-72188de82113\" class=\"heading-lg undefined\" aria-label=\"Duplication des cl\u00e9s Haute S\u00e9curit\u00e9\"><span style=\"font-family: apple-system, BlinkMacSystemFont, 'Segoe UI', Roboto, Helvetica, Arial, sans-serif; font-size: 16px;\">Duplication des cl\u00e9s Haute S\u00e9curit\u00e9<\/span><\/h2>\n<\/div>\n<section class=\"styles__TextAndButton-sc-bz4fjq-6 ephehE is-visible\">\n<div id=\"\" class=\"styles__RichText-sc-xvjmvq-0 kElRkX body-md aem-ie__text\">\n<div class=\"richtext_innerWrapper\">\n<p><span style=\"font-family: apple-system, BlinkMacSystemFont, 'Segoe UI', Roboto, Helvetica, Arial, sans-serif; font-size: 16px;\">La MVP<sup>\u2122<\/sup>3000 est \u00e9quip\u00e9e d&rsquo;un cylindre MTL400 (plateforme brevet\u00e9e) vous permettant de disposer d&rsquo;une carte de propri\u00e9t\u00e9 magn\u00e9tique qui vous prot\u00e8ge de la duplication de cl\u00e9s frauduleuse.\u00a0\u00a0<\/span><\/p>\n<p><span style=\"font-family: apple-system, BlinkMacSystemFont, 'Segoe UI', Roboto, Helvetica, Arial, sans-serif; font-size: 16px;\">Avec Mul-T-Lock, vous savez que vous \u00eates entre de bonnes mains. Nous sommes une marque internationale qui vous permet d&rsquo;acheter une plateforme de cylindres brevet\u00e9e via un r\u00e9seau mondial de revendeurs agr\u00e9\u00e9s.<\/span><\/p>\n<p>&nbsp;<\/p>\n<\/div>\n<\/div>\n<\/section>\n<\/td>\n<\/tr>\n<\/tbody>\n<\/table>\n<p>&nbsp;<\/p>\n","protected":false},"excerpt":{"rendered":"<p>Verrouillage sans cl\u00e9: Claquez pour verrouiller. La MVP 3000 est la nouvelle serrure 1 POINT de MUL-T-LOCK. \u2022Verrouillage automatique par claquement \u2022Verrouillage sans cl\u00e9: claquez pour verrouiller \u2022Ouverture d&rsquo;urgence par c\u00e2ble \u2022Cylindre brevet\u00e9e \u2022Agr\u00e9e CNPP&hellip;<\/p>\n","protected":false},"featured_media":17168,"comment_status":"open","ping_status":"closed","template":"","meta":[],"product_brand":[],"product_cat":[15],"product_tag":[],"class_list":{"0":"post-17128","1":"product","2":"type-product","3":"status-publish","4":"has-post-thumbnail","6":"product_cat-non-classe","8":"first","9":"instock","10":"taxable","11":"shipping-taxable","12":"product-type-simple"},"_links":{"self":[{"href":"https:\/\/alaska-france.fr\/boutique\/wp-json\/wp\/v2\/product\/17128","targetHints":{"allow":["GET"]}}],"collection":[{"href":"https:\/\/alaska-france.fr\/boutique\/wp-json\/wp\/v2\/product"}],"about":[{"href":"https:\/\/alaska-france.fr\/boutique\/wp-json\/wp\/v2\/types\/product"}],"replies":[{"embeddable":true,"href":"https:\/\/alaska-france.fr\/boutique\/wp-json\/wp\/v2\/comments?post=17128"}],"wp:featuredmedia":[{"embeddable":true,"href":"https:\/\/alaska-france.fr\/boutique\/wp-json\/wp\/v2\/media\/17168"}],"wp:attachment":[{"href":"https:\/\/alaska-france.fr\/boutique\/wp-json\/wp\/v2\/media?parent=17128"}],"wp:term":[{"taxonomy":"product_brand","embeddable":true,"href":"https:\/\/alaska-france.fr\/boutique\/wp-json\/wp\/v2\/product_brand?post=17128"},{"taxonomy":"product_cat","embeddable":true,"href":"https:\/\/alaska-france.fr\/boutique\/wp-json\/wp\/v2\/product_cat?post=17128"},{"taxonomy":"product_tag","embeddable":true,"href":"https:\/\/alaska-france.fr\/boutique\/wp-json\/wp\/v2\/product_tag?post=17128"}],"curies":[{"name":"wp","href":"https:\/\/api.w.org\/{rel}","templated":true}]}}