

{"id":15531,"date":"2026-02-17T10:34:02","date_gmt":"2026-02-17T09:34:02","guid":{"rendered":"https:\/\/alaska-france.fr\/boutique\/?post_type=product&#038;p=15531"},"modified":"2026-04-01T10:32:49","modified_gmt":"2026-04-01T08:32:49","slug":"meuble-lateral-droite-krd101-n-44","status":"publish","type":"product","link":"https:\/\/alaska-france.fr\/boutique\/produit\/meuble-lateral-droite-krd101-n-44\/","title":{"rendered":"Meuble lat\u00e9ral Droite KRD101-N"},"content":{"rendered":"<table style=\"border-collapse: collapse; width: 100%;\">\n<tbody>\n<tr>\n<td style=\"width: 100%;\"><span style=\"font-family: apple-system, BlinkMacSystemFont, 'Segoe UI', Roboto, Helvetica, Arial, sans-serif; font-size: 16px;\"><span style=\"text-decoration: underline;\">2 niveaux de bacs \u00e0 bec pour un rangement clair et accessible.<\/span><\/span><\/p>\n<p><span style=\"font-family: apple-system, BlinkMacSystemFont, 'Segoe UI', Roboto, Helvetica, Arial, sans-serif; font-size: 16px;\">Ce meuble de rangement <b>KRD101-N<\/b> <em>(pour le lat\u00e9ral \u00ab\u00a0Droite\u00a0\u00bb de votre v\u00e9hicule)<\/em> offre une solution de stockage polyvalente et fonctionnelle avec <b>cinq niveaux de stockage<\/b>. Il comprend des \u00e9tag\u00e8res pour\u00a0<b>bacs \u00e0 bec pour ranger toutes vos petites pi\u00e8ces<\/b>. Une \u00e9tag\u00e8re sup\u00e9rieure est con\u00e7ue pour les objets longs. Son <b>fond arri\u00e8re int\u00e9gr\u00e9<\/b> assure la rigidit\u00e9 et prot\u00e8ge la carrosserie du v\u00e9hicule, \u00e9vitant un habillage suppl\u00e9mentaire. Le meuble est disponible en contreplaqu\u00e9 brut ou film\u00e9.<\/span><\/td>\n<\/tr>\n<\/tbody>\n<\/table>\n<table style=\"border-collapse: collapse; width: 100%;\">\n<tbody>\n<tr>\n<td style=\"width: 4.05172%; vertical-align: bottom;\"><img loading=\"lazy\" decoding=\"async\" class=\"alignnone size-full wp-image-9033\" src=\"https:\/\/alaska-france.fr\/boutique\/wp-content\/uploads\/2025\/05\/logo-meuble-PF.jpg\" alt=\"\" width=\"40\" height=\"40\" \/><\/td>\n<td style=\"width: 95.9483%; text-align: left; vertical-align: middle;\"><strong style=\"font-family: apple-system, BlinkMacSystemFont, 'Segoe UI', Roboto, Helvetica, Arial, sans-serif; font-size: 16px;\">Composition et avantages de notre meuble KRD101-N:<\/strong><\/td>\n<\/tr>\n<\/tbody>\n<\/table>\n<table style=\"border-collapse: collapse; width: 99.92%; height: 10px;\">\n<tbody>\n<tr style=\"height: 55px;\">\n<td style=\"width: 4.14402%; height: 10px;\"><\/td>\n<td style=\"width: 104.586%; height: 10px;\">\n<ul style=\"list-style-type: disc;\">\n<li><span style=\"font-family: apple-system, BlinkMacSystemFont, 'Segoe UI', Roboto, Helvetica, Arial, sans-serif; font-size: 16px;\"><strong>Dimensions de votre meuble: <\/strong>L.815mm x H.1090mm x P.295mm<\/span><\/li>\n<li><span style=\"font-family: apple-system, BlinkMacSystemFont, 'Segoe UI', Roboto, Helvetica, Arial, sans-serif; font-size: 16px;\"><strong>Acc\u00e8s Imm\u00e9diat \u00e0 vos \u00e9quipements :<\/strong> Quatre niveaux d\u2019\u00e9tag\u00e8res dont deux sp\u00e9cialement con\u00e7us pour accueillir des <strong>bacs \u00e0 bec<\/strong>\u00a0(nombre modulables). Finie la recherche de petites pi\u00e8ces !<\/span><\/li>\n<li><span style=\"font-family: apple-system, BlinkMacSystemFont, 'Segoe UI', Roboto, Helvetica, Arial, sans-serif; font-size: 16px;\"><strong>Espace pour grandes longueurs :<\/strong> Une \u00e9tag\u00e8re sup\u00e9rieure sans s\u00e9parations (haut du meuble) permettant de stocker facilement vos grandes longueurs (tubes, profil\u00e9s&#8230;).<\/span><\/li>\n<li><span style=\"font-family: apple-system, BlinkMacSystemFont, 'Segoe UI', Roboto, Helvetica, Arial, sans-serif;\"><span style=\"font-size: 16px;\"><strong>Structure Renforc\u00e9e et Protectrice :<\/strong> Le meuble int\u00e8gre un <strong>fond arri\u00e8re de 8 mm<\/strong> qui renforce sa structure et le solidarise. <strong>Un avantage \u00e9conomique direct pour vous :<\/strong> il prot\u00e8ge efficacement la carrosserie de votre fourgon, vous dispensant d&rsquo;installer un habillage lat\u00e9ral suppl\u00e9mentaire !<\/span><\/span><\/li>\n<\/ul>\n<\/td>\n<\/tr>\n<\/tbody>\n<\/table>\n<table style=\"border-collapse: collapse; width: 100%;\">\n<tbody>\n<tr>\n<td style=\"width: 4.24662%;\"><strong style=\"font-family: apple-system, BlinkMacSystemFont, 'Segoe UI', Roboto, Helvetica, Arial, sans-serif; font-size: 16px;\"><img loading=\"lazy\" decoding=\"async\" class=\"alignnone size-full wp-image-9035\" src=\"https:\/\/alaska-france.fr\/boutique\/wp-content\/uploads\/2025\/05\/logo-scie-PF.jpg\" alt=\"\" width=\"40\" height=\"40\" \/><\/strong><\/td>\n<td style=\"width: 95.7534%;\"><strong style=\"font-family: apple-system, BlinkMacSystemFont, 'Segoe UI', Roboto, Helvetica, Arial, sans-serif; font-size: 16px;\">Une Fabrication de Qualit\u00e9 Professionnelle:<\/strong><\/td>\n<\/tr>\n<\/tbody>\n<\/table>\n<table style=\"border-collapse: collapse; width: 100%;\">\n<tbody>\n<tr>\n<td style=\"width: 4.19496%;\"><\/td>\n<td style=\"width: 97.6383%;\">\n<ul style=\"list-style-type: disc;\">\n<li><span style=\"font-family: apple-system, BlinkMacSystemFont, 'Segoe UI', Roboto, Helvetica, Arial, sans-serif; font-size: 16px;\"><strong>Mat\u00e9riaux au choix :<\/strong><\/span>\n<ul>\n<li><span style=\"font-family: apple-system, BlinkMacSystemFont, 'Segoe UI', Roboto, Helvetica, Arial, sans-serif; font-size: 16px;\"><strong>Contreplaqu\u00e9 brut faces Okoum\u00e9 (15 mm) :<\/strong> Robuste et l\u00e9ger.<\/span><\/li>\n<li><span style=\"font-family: apple-system, BlinkMacSystemFont, 'Segoe UI', Roboto, Helvetica, Arial, sans-serif; font-size: 16px;\"><strong>Contreplaqu\u00e9 film\u00e9 (12 ou 15 mm) :<\/strong> Finition lisse (brun ou gris), r\u00e9sistante \u00e0 l&rsquo;humidit\u00e9 et facile \u00e0 nettoyer.<\/span><\/li>\n<\/ul>\n<\/li>\n<\/ul>\n<\/td>\n<\/tr>\n<\/tbody>\n<\/table>\n<table style=\"border-collapse: collapse; width: 100%;\">\n<tbody>\n<tr>\n<td style=\"width: 4.21475%;\"><strong style=\"font-family: apple-system, BlinkMacSystemFont, 'Segoe UI', Roboto, Helvetica, Arial, sans-serif; font-size: 16px;\"><img loading=\"lazy\" decoding=\"async\" class=\"alignnone size-full wp-image-9034\" src=\"https:\/\/alaska-france.fr\/boutique\/wp-content\/uploads\/2025\/05\/logo-pose-exp-PF.jpg\" alt=\"\" width=\"40\" height=\"40\" \/><\/strong><\/td>\n<td style=\"width: 95.7852%;\"><strong style=\"font-family: apple-system, BlinkMacSystemFont, 'Segoe UI', Roboto, Helvetica, Arial, sans-serif; font-size: 16px;\">Nos Services :<\/strong><\/td>\n<\/tr>\n<\/tbody>\n<\/table>\n<table style=\"border-collapse: collapse; width: 100%;\">\n<tbody>\n<tr>\n<td style=\"width: 4.19427%;\"><\/td>\n<td style=\"width: 102.811%;\">\n<ul style=\"list-style-type: disc;\">\n<li><span style=\"font-family: apple-system, BlinkMacSystemFont, 'Segoe UI', Roboto, Helvetica, Arial, sans-serif; font-size: 16px;\"><strong>Pose Offerte :<\/strong> Nous installons gratuitement votre am\u00e9nagement dans nos ateliers de Saint-Ouen-l&rsquo;Aum\u00f4ne.<\/span><\/li>\n<li><span style=\"font-family: apple-system, BlinkMacSystemFont, 'Segoe UI', Roboto, Helvetica, Arial, sans-serif; font-size: 16px;\"><strong>Livraison Nationale :<\/strong> Recevez votre meuble assembl\u00e9, partout en France, avec toute la visserie n\u00e9cessaire.<\/span><\/li>\n<li><span style=\"font-family: apple-system, BlinkMacSystemFont, 'Segoe UI', Roboto, Helvetica, Arial, sans-serif; font-size: 16px;\"><strong>Pose du meuble 1h <\/strong>(2 personnes)<em>.<\/em><\/span><\/li>\n<\/ul>\n<\/td>\n<\/tr>\n<\/tbody>\n<\/table>\n<table style=\"border-collapse: collapse; width: 100%;\">\n<tbody>\n<tr>\n<td style=\"width: 8.31514%;\"><img loading=\"lazy\" decoding=\"async\" class=\"size-thumbnail wp-image-9019 aligncenter\" style=\"text-align: right;\" src=\"https:\/\/alaska-france.fr\/boutique\/wp-content\/uploads\/2025\/05\/logo-sur-mesure-150x150.jpeg\" alt=\"\" width=\"150\" height=\"150\" srcset=\"https:\/\/alaska-france.fr\/boutique\/wp-content\/uploads\/2025\/05\/logo-sur-mesure-150x150.jpeg 150w, https:\/\/alaska-france.fr\/boutique\/wp-content\/uploads\/2025\/05\/logo-sur-mesure-300x300.jpeg 300w, https:\/\/alaska-france.fr\/boutique\/wp-content\/uploads\/2025\/05\/logo-sur-mesure-768x768.jpeg 768w, https:\/\/alaska-france.fr\/boutique\/wp-content\/uploads\/2025\/05\/logo-sur-mesure-600x600.jpeg 600w, https:\/\/alaska-france.fr\/boutique\/wp-content\/uploads\/2025\/05\/logo-sur-mesure-100x100.jpeg 100w, https:\/\/alaska-france.fr\/boutique\/wp-content\/uploads\/2025\/05\/logo-sur-mesure.jpeg 1024w\" sizes=\"auto, (max-width: 150px) 100vw, 150px\" \/><\/td>\n<td style=\"width: 91.6848%;\"><strong><span style=\"font-family: apple-system, BlinkMacSystemFont, 'Segoe UI', Roboto, Helvetica, Arial, sans-serif; font-size: 16px; color: #005eb8;\">Nous sommes fabricant de nos am\u00e9nagements, demandez nous des modifications sur ce meuble.<\/span><\/strong><\/td>\n<\/tr>\n<\/tbody>\n<\/table>\n","protected":false},"excerpt":{"rendered":"<p>2 niveaux de bacs \u00e0 bec pour un rangement clair et accessible. Ce meuble de rangement KRD101-N (pour le lat\u00e9ral \u00ab\u00a0Droite\u00a0\u00bb de votre v\u00e9hicule) offre une solution de stockage polyvalente et fonctionnelle avec cinq niveaux&hellip;<\/p>\n","protected":false},"featured_media":15532,"comment_status":"open","ping_status":"closed","template":"","meta":[],"product_brand":[],"product_cat":[15],"product_tag":[],"class_list":{"0":"post-15531","1":"product","2":"type-product","3":"status-publish","4":"has-post-thumbnail","6":"product_cat-non-classe","8":"first","9":"instock","10":"taxable","11":"shipping-taxable","12":"product-type-simple"},"_links":{"self":[{"href":"https:\/\/alaska-france.fr\/boutique\/wp-json\/wp\/v2\/product\/15531","targetHints":{"allow":["GET"]}}],"collection":[{"href":"https:\/\/alaska-france.fr\/boutique\/wp-json\/wp\/v2\/product"}],"about":[{"href":"https:\/\/alaska-france.fr\/boutique\/wp-json\/wp\/v2\/types\/product"}],"replies":[{"embeddable":true,"href":"https:\/\/alaska-france.fr\/boutique\/wp-json\/wp\/v2\/comments?post=15531"}],"wp:featuredmedia":[{"embeddable":true,"href":"https:\/\/alaska-france.fr\/boutique\/wp-json\/wp\/v2\/media\/15532"}],"wp:attachment":[{"href":"https:\/\/alaska-france.fr\/boutique\/wp-json\/wp\/v2\/media?parent=15531"}],"wp:term":[{"taxonomy":"product_brand","embeddable":true,"href":"https:\/\/alaska-france.fr\/boutique\/wp-json\/wp\/v2\/product_brand?post=15531"},{"taxonomy":"product_cat","embeddable":true,"href":"https:\/\/alaska-france.fr\/boutique\/wp-json\/wp\/v2\/product_cat?post=15531"},{"taxonomy":"product_tag","embeddable":true,"href":"https:\/\/alaska-france.fr\/boutique\/wp-json\/wp\/v2\/product_tag?post=15531"}],"curies":[{"name":"wp","href":"https:\/\/api.w.org\/{rel}","templated":true}]}}