

{"id":8693,"date":"2025-10-03T15:41:38","date_gmt":"2025-10-03T13:41:38","guid":{"rendered":"https:\/\/alaska-france.fr\/boutique\/?page_id=8693"},"modified":"2025-10-03T15:43:20","modified_gmt":"2025-10-03T13:43:20","slug":"amenagements-bois-pour-fourgon-compact-l1h1","status":"publish","type":"page","link":"https:\/\/alaska-france.fr\/boutique\/amenagements-bois-pour-fourgon-compact-l1h1\/","title":{"rendered":"amenagements-bois-pour-fourgon-compact-l1h1\/"},"content":{"rendered":"\t\t<div data-elementor-type=\"wp-page\" data-elementor-id=\"8693\" class=\"elementor elementor-8693\">\n\t\t\t\t\t\t<section class=\"elementor-section elementor-top-section elementor-element elementor-element-70044b6e elementor-section-boxed elementor-section-height-default elementor-section-height-default\" data-id=\"70044b6e\" data-element_type=\"section\" data-e-type=\"section\">\n\t\t\t\t\t\t<div class=\"elementor-container elementor-column-gap-default\">\n\t\t\t\t\t<div class=\"elementor-column elementor-col-100 elementor-top-column elementor-element elementor-element-5856dd45\" data-id=\"5856dd45\" data-element_type=\"column\" data-e-type=\"column\">\n\t\t\t<div class=\"elementor-widget-wrap elementor-element-populated\">\n\t\t\t\t\t\t<div class=\"elementor-element elementor-element-a9a3b0c elementor-widget-divider--view-line_text elementor-widget-divider--element-align-center elementor-widget elementor-widget-divider\" data-id=\"a9a3b0c\" data-element_type=\"widget\" data-e-type=\"widget\" data-widget_type=\"divider.default\">\n\t\t\t\t<div class=\"elementor-widget-container\">\n\t\t\t\t\t\t\t<div class=\"elementor-divider\">\n\t\t\t<span class=\"elementor-divider-separator\">\n\t\t\t\t\t\t\t<span class=\"elementor-divider__text elementor-divider__element\">\n\t\t\t\tAm\u00e9nagements bois pour FOURGON COMPACT L1H1\t\t\t\t<\/span>\n\t\t\t\t\t\t<\/span>\n\t\t<\/div>\n\t\t\t\t\t\t<\/div>\n\t\t\t\t<\/div>\n\t\t\t\t\t<\/div>\n\t\t<\/div>\n\t\t\t\t\t<\/div>\n\t\t<\/section>\n\t\t\t\t<section class=\"elementor-section elementor-top-section elementor-element elementor-element-24420ced elementor-section-boxed elementor-section-height-default elementor-section-height-default\" data-id=\"24420ced\" data-element_type=\"section\" data-e-type=\"section\">\n\t\t\t\t\t\t<div class=\"elementor-container elementor-column-gap-default\">\n\t\t\t\t\t<div class=\"elementor-column elementor-col-50 elementor-top-column elementor-element elementor-element-3298f7c3\" data-id=\"3298f7c3\" data-element_type=\"column\" data-e-type=\"column\">\n\t\t\t<div class=\"elementor-widget-wrap elementor-element-populated\">\n\t\t\t\t\t\t<div class=\"elementor-element elementor-element-3e27bef9 elementor-widget elementor-widget-image\" data-id=\"3e27bef9\" data-element_type=\"widget\" data-e-type=\"widget\" data-widget_type=\"image.default\">\n\t\t\t\t<div class=\"elementor-widget-container\">\n\t\t\t\t\t\t\t\t\t\t\t\t\t\t\t\t<a href=\"https:\/\/alaska-france.fr\/boutique\/equipements-pour-fourgon-compact-l1h1\/\">\n\t\t\t\t\t\t\t<img fetchpriority=\"high\" decoding=\"async\" width=\"729\" height=\"1024\" src=\"https:\/\/alaska-france.fr\/boutique\/wp-content\/uploads\/2025\/10\/pack-729x1024.jpg\" class=\"attachment-large size-large wp-image-8688\" alt=\"\" srcset=\"https:\/\/alaska-france.fr\/boutique\/wp-content\/uploads\/2025\/10\/pack-729x1024.jpg 729w, https:\/\/alaska-france.fr\/boutique\/wp-content\/uploads\/2025\/10\/pack-214x300.jpg 214w, https:\/\/alaska-france.fr\/boutique\/wp-content\/uploads\/2025\/10\/pack-768x1079.jpg 768w, https:\/\/alaska-france.fr\/boutique\/wp-content\/uploads\/2025\/10\/pack-600x843.jpg 600w, https:\/\/alaska-france.fr\/boutique\/wp-content\/uploads\/2025\/10\/pack.jpg 790w\" sizes=\"(max-width: 729px) 100vw, 729px\" \/>\t\t\t\t\t\t\t\t<\/a>\n\t\t\t\t\t\t\t\t\t\t\t\t\t\t\t<\/div>\n\t\t\t\t<\/div>\n\t\t\t\t\t<\/div>\n\t\t<\/div>\n\t\t\t\t<div class=\"elementor-column elementor-col-50 elementor-top-column elementor-element elementor-element-16afb225\" data-id=\"16afb225\" data-element_type=\"column\" data-e-type=\"column\">\n\t\t\t<div class=\"elementor-widget-wrap elementor-element-populated\">\n\t\t\t\t\t\t<div class=\"elementor-element elementor-element-23e2b773 elementor-widget elementor-widget-image\" data-id=\"23e2b773\" data-element_type=\"widget\" data-e-type=\"widget\" data-widget_type=\"image.default\">\n\t\t\t\t<div class=\"elementor-widget-container\">\n\t\t\t\t\t\t\t\t\t\t\t\t\t\t\t\t<a href=\"https:\/\/alaska-france.fr\/boutique\/equipements-pour-fourgon-compact-l1h1-2\/\">\n\t\t\t\t\t\t\t<img decoding=\"async\" width=\"729\" height=\"1024\" src=\"https:\/\/alaska-france.fr\/boutique\/wp-content\/uploads\/2025\/10\/carte-1-1-729x1024.jpg\" class=\"attachment-large size-large wp-image-8689\" alt=\"\" srcset=\"https:\/\/alaska-france.fr\/boutique\/wp-content\/uploads\/2025\/10\/carte-1-1-729x1024.jpg 729w, https:\/\/alaska-france.fr\/boutique\/wp-content\/uploads\/2025\/10\/carte-1-1-214x300.jpg 214w, https:\/\/alaska-france.fr\/boutique\/wp-content\/uploads\/2025\/10\/carte-1-1-768x1079.jpg 768w, https:\/\/alaska-france.fr\/boutique\/wp-content\/uploads\/2025\/10\/carte-1-1-600x843.jpg 600w, https:\/\/alaska-france.fr\/boutique\/wp-content\/uploads\/2025\/10\/carte-1-1.jpg 790w\" sizes=\"(max-width: 729px) 100vw, 729px\" \/>\t\t\t\t\t\t\t\t<\/a>\n\t\t\t\t\t\t\t\t\t\t\t\t\t\t\t<\/div>\n\t\t\t\t<\/div>\n\t\t\t\t\t<\/div>\n\t\t<\/div>\n\t\t\t\t\t<\/div>\n\t\t<\/section>\n\t\t\t\t<section class=\"elementor-section elementor-top-section elementor-element elementor-element-7b30fd49 elementor-section-boxed elementor-section-height-default elementor-section-height-default\" data-id=\"7b30fd49\" data-element_type=\"section\" data-e-type=\"section\">\n\t\t\t\t\t\t<div class=\"elementor-container elementor-column-gap-default\">\n\t\t\t\t\t<div class=\"elementor-column elementor-col-100 elementor-top-column elementor-element elementor-element-47732ea0\" data-id=\"47732ea0\" data-element_type=\"column\" data-e-type=\"column\">\n\t\t\t<div class=\"elementor-widget-wrap elementor-element-populated\">\n\t\t\t\t\t\t<div class=\"elementor-element elementor-element-544fff8d elementor-widget elementor-widget-image\" data-id=\"544fff8d\" data-element_type=\"widget\" data-e-type=\"widget\" data-widget_type=\"image.default\">\n\t\t\t\t<div class=\"elementor-widget-container\">\n\t\t\t\t\t\t\t\t\t\t\t\t\t\t\t\t<a href=\"https:\/\/alaska-france.fr\/boutique\/packs-habillage-et-protection-bois-fourgon-compact\/\">\n\t\t\t\t\t\t\t<img decoding=\"async\" width=\"1602\" height=\"436\" src=\"https:\/\/alaska-france.fr\/boutique\/wp-content\/uploads\/2025\/10\/ppp.jpg\" class=\"attachment-full size-full wp-image-8329\" alt=\"\" srcset=\"https:\/\/alaska-france.fr\/boutique\/wp-content\/uploads\/2025\/10\/ppp.jpg 1602w, https:\/\/alaska-france.fr\/boutique\/wp-content\/uploads\/2025\/10\/ppp-300x82.jpg 300w, https:\/\/alaska-france.fr\/boutique\/wp-content\/uploads\/2025\/10\/ppp-1024x279.jpg 1024w, https:\/\/alaska-france.fr\/boutique\/wp-content\/uploads\/2025\/10\/ppp-768x209.jpg 768w, https:\/\/alaska-france.fr\/boutique\/wp-content\/uploads\/2025\/10\/ppp-1536x418.jpg 1536w, https:\/\/alaska-france.fr\/boutique\/wp-content\/uploads\/2025\/10\/ppp-600x163.jpg 600w\" sizes=\"(max-width: 1602px) 100vw, 1602px\" \/>\t\t\t\t\t\t\t\t<\/a>\n\t\t\t\t\t\t\t\t\t\t\t\t\t\t\t<\/div>\n\t\t\t\t<\/div>\n\t\t\t\t\t<\/div>\n\t\t<\/div>\n\t\t\t\t\t<\/div>\n\t\t<\/section>\n\t\t\t\t<section class=\"elementor-section elementor-top-section elementor-element elementor-element-4eb825f7 elementor-section-boxed elementor-section-height-default elementor-section-height-default\" data-id=\"4eb825f7\" data-element_type=\"section\" data-e-type=\"section\">\n\t\t\t\t\t\t<div class=\"elementor-container elementor-column-gap-default\">\n\t\t\t\t\t<div class=\"elementor-column elementor-col-100 elementor-top-column elementor-element elementor-element-494de0a1\" data-id=\"494de0a1\" data-element_type=\"column\" data-e-type=\"column\">\n\t\t\t<div class=\"elementor-widget-wrap elementor-element-populated\">\n\t\t\t\t\t\t<div class=\"elementor-element elementor-element-7f23e477 elementor-widget elementor-widget-image\" data-id=\"7f23e477\" data-element_type=\"widget\" data-e-type=\"widget\" data-widget_type=\"image.default\">\n\t\t\t\t<div class=\"elementor-widget-container\">\n\t\t\t\t\t\t\t\t\t\t\t\t\t\t\t<img loading=\"lazy\" decoding=\"async\" width=\"1596\" height=\"376\" src=\"https:\/\/alaska-france.fr\/boutique\/wp-content\/uploads\/2025\/10\/fabricant4.jpg\" class=\"attachment-full size-full wp-image-8330\" alt=\"\" srcset=\"https:\/\/alaska-france.fr\/boutique\/wp-content\/uploads\/2025\/10\/fabricant4.jpg 1596w, https:\/\/alaska-france.fr\/boutique\/wp-content\/uploads\/2025\/10\/fabricant4-300x71.jpg 300w, https:\/\/alaska-france.fr\/boutique\/wp-content\/uploads\/2025\/10\/fabricant4-1024x241.jpg 1024w, https:\/\/alaska-france.fr\/boutique\/wp-content\/uploads\/2025\/10\/fabricant4-768x181.jpg 768w, https:\/\/alaska-france.fr\/boutique\/wp-content\/uploads\/2025\/10\/fabricant4-1536x362.jpg 1536w, https:\/\/alaska-france.fr\/boutique\/wp-content\/uploads\/2025\/10\/fabricant4-600x141.jpg 600w\" sizes=\"(max-width: 1596px) 100vw, 1596px\" \/>\t\t\t\t\t\t\t\t\t\t\t\t\t\t\t<\/div>\n\t\t\t\t<\/div>\n\t\t\t\t\t<\/div>\n\t\t<\/div>\n\t\t\t\t\t<\/div>\n\t\t<\/section>\n\t\t\t\t<section class=\"elementor-section elementor-top-section elementor-element elementor-element-578c85d7 elementor-section-boxed elementor-section-height-default elementor-section-height-default\" data-id=\"578c85d7\" data-element_type=\"section\" data-e-type=\"section\">\n\t\t\t\t\t\t<div class=\"elementor-container elementor-column-gap-default\">\n\t\t\t\t\t<div class=\"elementor-column elementor-col-100 elementor-top-column elementor-element elementor-element-564ff24d\" data-id=\"564ff24d\" data-element_type=\"column\" data-e-type=\"column\">\n\t\t\t<div class=\"elementor-widget-wrap elementor-element-populated\">\n\t\t\t\t\t\t<div class=\"elementor-element elementor-element-3d191a0f elementor-widget elementor-widget-image\" data-id=\"3d191a0f\" data-element_type=\"widget\" data-e-type=\"widget\" data-widget_type=\"image.default\">\n\t\t\t\t<div class=\"elementor-widget-container\">\n\t\t\t\t\t\t\t\t\t\t\t\t\t\t\t\t<a href=\"https:\/\/alaska-france.fr\/v2\/contact\/\">\n\t\t\t\t\t\t\t<img loading=\"lazy\" decoding=\"async\" width=\"1494\" height=\"256\" src=\"https:\/\/alaska-france.fr\/boutique\/wp-content\/uploads\/2025\/10\/recevoir-brochure.jpg\" class=\"attachment-full size-full wp-image-8331\" alt=\"\" srcset=\"https:\/\/alaska-france.fr\/boutique\/wp-content\/uploads\/2025\/10\/recevoir-brochure.jpg 1494w, https:\/\/alaska-france.fr\/boutique\/wp-content\/uploads\/2025\/10\/recevoir-brochure-300x51.jpg 300w, https:\/\/alaska-france.fr\/boutique\/wp-content\/uploads\/2025\/10\/recevoir-brochure-1024x175.jpg 1024w, https:\/\/alaska-france.fr\/boutique\/wp-content\/uploads\/2025\/10\/recevoir-brochure-768x132.jpg 768w, https:\/\/alaska-france.fr\/boutique\/wp-content\/uploads\/2025\/10\/recevoir-brochure-600x103.jpg 600w\" sizes=\"(max-width: 1494px) 100vw, 1494px\" \/>\t\t\t\t\t\t\t\t<\/a>\n\t\t\t\t\t\t\t\t\t\t\t\t\t\t\t<\/div>\n\t\t\t\t<\/div>\n\t\t\t\t\t<\/div>\n\t\t<\/div>\n\t\t\t\t\t<\/div>\n\t\t<\/section>\n\t\t\t\t<section class=\"elementor-section elementor-top-section elementor-element elementor-element-7b3186b4 elementor-section-boxed elementor-section-height-default elementor-section-height-default\" data-id=\"7b3186b4\" data-element_type=\"section\" data-e-type=\"section\">\n\t\t\t\t\t\t<div class=\"elementor-container elementor-column-gap-default\">\n\t\t\t\t\t<div class=\"elementor-column elementor-col-100 elementor-top-column elementor-element elementor-element-775072f9\" data-id=\"775072f9\" data-element_type=\"column\" data-e-type=\"column\">\n\t\t\t<div class=\"elementor-widget-wrap elementor-element-populated\">\n\t\t\t\t\t\t<div class=\"elementor-element elementor-element-63a86367 elementor-hidden-tablet elementor-hidden-mobile elementor-widget elementor-widget-accordion\" data-id=\"63a86367\" data-element_type=\"widget\" data-e-type=\"widget\" data-widget_type=\"accordion.default\">\n\t\t\t\t<div class=\"elementor-widget-container\">\n\t\t\t\t\t\t\t<div class=\"elementor-accordion\">\n\t\t\t\t\t\t\t<div class=\"elementor-accordion-item\">\n\t\t\t\t\t<div id=\"elementor-tab-title-1671\" class=\"elementor-tab-title\" data-tab=\"1\" role=\"button\" aria-controls=\"elementor-tab-content-1671\" aria-expanded=\"false\">\n\t\t\t\t\t\t\t\t\t\t\t\t<a class=\"elementor-accordion-title\" tabindex=\"0\"><\/a>\n\t\t\t\t\t<\/div>\n\t\t\t\t\t<div id=\"elementor-tab-content-1671\" class=\"elementor-tab-content elementor-clearfix\" data-tab=\"1\" role=\"region\" aria-labelledby=\"elementor-tab-title-1671\"><\/div>\n\t\t\t\t<\/div>\n\t\t\t\t\t\t\t<div class=\"elementor-accordion-item\">\n\t\t\t\t\t<div id=\"elementor-tab-title-1672\" class=\"elementor-tab-title\" data-tab=\"2\" role=\"button\" aria-controls=\"elementor-tab-content-1672\" aria-expanded=\"false\">\n\t\t\t\t\t\t\t\t\t\t\t\t<a class=\"elementor-accordion-title\" tabindex=\"0\">En savoir plus <\/a>\n\t\t\t\t\t<\/div>\n\t\t\t\t\t<div id=\"elementor-tab-content-1672\" class=\"elementor-tab-content elementor-clearfix\" data-tab=\"2\" role=\"region\" aria-labelledby=\"elementor-tab-title-1672\"><h2>Am\u00e9nagement de fourgon compact chez ALASKA<\/h2><h3>La gamme PRO : la solution id\u00e9ale pour l&rsquo;am\u00e9nagement de votre fourgon compact<\/h3><p>Chez ALASKA, entreprise experte dans l&rsquo;am\u00e9nagement int\u00e9rieur de v\u00e9hicules utilitaires, d\u00e9couvrez la gamme PRO pour l&rsquo;am\u00e9nagement de votre fourgon compact. Disponible en contreplaqu\u00e9 okoum\u00e9 ou film\u00e9, ces kits d&rsquo;am\u00e9nagement comprennent des meubles optimis\u00e9s pour chaque mod\u00e8le de v\u00e9hicule avec diff\u00e9rentes configurations de casiers et packs possibles, ainsi que des options sur-mesure. Vous pourrez ainsi am\u00e9nager votre fourgon compact selon vos besoins, que vous soyez artisan, commer\u00e7ant ou autre professionnel.<\/p><h3>Des am\u00e9nagements sur-mesure pour r\u00e9pondre \u00e0 vos besoins<\/h3><p>ALASKA propose \u00e9galement des am\u00e9nagements sur-mesure pour votre fourgon compact. Les clients peuvent demander des meubles en bois, en m\u00e9lamin\u00e9 de couleur ou en aluminium en envoyant leurs plans par e-mail ou fax \u00e0 ALASKA. Cette solution sur-mesure vous permettra d&rsquo;adapter l&rsquo;am\u00e9nagement de votre fourgon compact \u00e0 vos besoins sp\u00e9cifiques.<\/p><h3>Des kits d&rsquo;am\u00e9nagement complets pour votre fourgon compact<\/h3><p>Tous les kits d&rsquo;am\u00e9nagement comprennent un plancher brut ou antid\u00e9rapant avec des barres de seuils en aluminium antid\u00e9rapant au niveau de la porte lat\u00e9rale et des portes arri\u00e8re pour \u00e9viter d&rsquo;endommager les planchers lors des mont\u00e9es et descentes successives. Les kits d&rsquo;am\u00e9nagement de fourgon compact sont con\u00e7us pour \u00eatre facilement install\u00e9s par les professionnels ou les bricoleurs avertis.<\/p><h3>Un service commercial disponible pour vous aider dans le choix de votre am\u00e9nagement<\/h3><p>Le service commercial d&rsquo;ALASKA est disponible de 8h \u00e0 18h30 pour conseiller nos clients dans le choix de leurs meubles en bois pour leur v\u00e9hicule utilitaire. Que vous ayez des questions sur l&rsquo;am\u00e9nagement de votre fourgon compact ou que vous souhaitiez des conseils sur les diff\u00e9rentes options disponibles, l&rsquo;\u00e9quipe commerciale d&rsquo;ALASKA est l\u00e0 pour vous aider.<\/p><h4>Conclusion<\/h4><p>Si vous cherchez un am\u00e9nagement de qualit\u00e9 pour votre fourgon compact, faites confiance \u00e0 ALASKA. Avec leur gamme PRO et leur service sur-mesure, vous pourrez am\u00e9nager votre fourgon compact selon vos besoins professionnels.<\/p><\/div>\n\t\t\t\t<\/div>\n\t\t\t\t\t\t\t\t<\/div>\n\t\t\t\t\t\t<\/div>\n\t\t\t\t<\/div>\n\t\t\t\t\t<\/div>\n\t\t<\/div>\n\t\t\t\t\t<\/div>\n\t\t<\/section>\n\t\t\t\t<\/div>\n\t\t","protected":false},"excerpt":{"rendered":"<p>Am\u00e9nagements bois pour FOURGON COMPACT L1H1 En savoir plus Am\u00e9nagement de fourgon compact chez ALASKA La gamme PRO : la solution id\u00e9ale pour l&rsquo;am\u00e9nagement de votre fourgon compact Chez ALASKA, entreprise experte dans l&rsquo;am\u00e9nagement int\u00e9rieur&hellip;<\/p>\n","protected":false},"author":1,"featured_media":0,"parent":0,"menu_order":0,"comment_status":"closed","ping_status":"closed","template":"template-parts\/template-page-builders.php","meta":{"footnotes":""},"class_list":["post-8693","page","type-page","status-publish","hentry"],"_links":{"self":[{"href":"https:\/\/alaska-france.fr\/boutique\/wp-json\/wp\/v2\/pages\/8693","targetHints":{"allow":["GET"]}}],"collection":[{"href":"https:\/\/alaska-france.fr\/boutique\/wp-json\/wp\/v2\/pages"}],"about":[{"href":"https:\/\/alaska-france.fr\/boutique\/wp-json\/wp\/v2\/types\/page"}],"author":[{"embeddable":true,"href":"https:\/\/alaska-france.fr\/boutique\/wp-json\/wp\/v2\/users\/1"}],"replies":[{"embeddable":true,"href":"https:\/\/alaska-france.fr\/boutique\/wp-json\/wp\/v2\/comments?post=8693"}],"version-history":[{"count":4,"href":"https:\/\/alaska-france.fr\/boutique\/wp-json\/wp\/v2\/pages\/8693\/revisions"}],"predecessor-version":[{"id":8697,"href":"https:\/\/alaska-france.fr\/boutique\/wp-json\/wp\/v2\/pages\/8693\/revisions\/8697"}],"wp:attachment":[{"href":"https:\/\/alaska-france.fr\/boutique\/wp-json\/wp\/v2\/media?parent=8693"}],"curies":[{"name":"wp","href":"https:\/\/api.w.org\/{rel}","templated":true}]}}