

{"id":8604,"date":"2025-10-03T14:33:36","date_gmt":"2025-10-03T12:33:36","guid":{"rendered":"https:\/\/alaska-france.fr\/boutique\/?page_id=8604"},"modified":"2025-10-03T14:34:59","modified_gmt":"2025-10-03T12:34:59","slug":"amenagement-fourgon","status":"publish","type":"page","link":"https:\/\/alaska-france.fr\/boutique\/amenagement-fourgon\/","title":{"rendered":"amenagement-fourgon\/"},"content":{"rendered":"<p><center><a href=\"https:\/\/alaska-france.fr\/v2\/contact\/\">Vous souhaitez recevoir notre catalogue\u00a0 avec nos tarifs ?\u00a0 <strong>Cliquer ici\u00a0<\/strong><\/a><br \/>\n<\/center><br \/>\n\t\t\t\t\t\t\t\t\t\t\t\t\t\t\t<img loading=\"lazy\" decoding=\"async\" width=\"1620\" height=\"130\" src=\"https:\/\/alaska-france.fr\/boutique\/wp-content\/uploads\/2025\/10\/titre.jpg\" alt=\"\" srcset=\"https:\/\/alaska-france.fr\/boutique\/wp-content\/uploads\/2025\/10\/titre.jpg 1620w, https:\/\/alaska-france.fr\/boutique\/wp-content\/uploads\/2025\/10\/titre-300x24.jpg 300w, https:\/\/alaska-france.fr\/boutique\/wp-content\/uploads\/2025\/10\/titre-1024x82.jpg 1024w, https:\/\/alaska-france.fr\/boutique\/wp-content\/uploads\/2025\/10\/titre-768x62.jpg 768w, https:\/\/alaska-france.fr\/boutique\/wp-content\/uploads\/2025\/10\/titre-1536x123.jpg 1536w, https:\/\/alaska-france.fr\/boutique\/wp-content\/uploads\/2025\/10\/titre-600x48.jpg 600w\" sizes=\"auto, (max-width: 1620px) 100vw, 1620px\" \/><br \/>\n\t\t\t\t\t\t\t\t\t\t\t\t\t\t\t\t<a href=\"https:\/\/alaska-france.fr\/\/boutique\/amenagement-fourgon-a-la-carte\/\"><br \/>\n\t\t\t\t\t\t\t<img loading=\"lazy\" decoding=\"async\" width=\"729\" height=\"1024\" src=\"https:\/\/alaska-france.fr\/boutique\/wp-content\/uploads\/2025\/10\/carte-1-729x1024.jpg\" alt=\"\" srcset=\"https:\/\/alaska-france.fr\/boutique\/wp-content\/uploads\/2025\/10\/carte-1-729x1024.jpg 729w, https:\/\/alaska-france.fr\/boutique\/wp-content\/uploads\/2025\/10\/carte-1-214x300.jpg 214w, https:\/\/alaska-france.fr\/boutique\/wp-content\/uploads\/2025\/10\/carte-1-768x1079.jpg 768w, https:\/\/alaska-france.fr\/boutique\/wp-content\/uploads\/2025\/10\/carte-1-600x843.jpg 600w, https:\/\/alaska-france.fr\/boutique\/wp-content\/uploads\/2025\/10\/carte-1.jpg 790w\" sizes=\"auto, (max-width: 729px) 100vw, 729px\" \/>\t\t\t\t\t\t\t\t<\/a><br \/>\n\t\t\t\t\t\t\t\t\t\t\t\t\t\t\t\t<a href=\"https:\/\/alaska-france.fr\/boutique\/amenagement-fourgon-en-pack\/\"><br \/>\n\t\t\t\t\t\t\t<img loading=\"lazy\" decoding=\"async\" width=\"729\" height=\"1024\" src=\"https:\/\/alaska-france.fr\/boutique\/wp-content\/uploads\/2025\/10\/pack-1-729x1024.jpg\" alt=\"\" srcset=\"https:\/\/alaska-france.fr\/boutique\/wp-content\/uploads\/2025\/10\/pack-1-729x1024.jpg 729w, https:\/\/alaska-france.fr\/boutique\/wp-content\/uploads\/2025\/10\/pack-1-214x300.jpg 214w, https:\/\/alaska-france.fr\/boutique\/wp-content\/uploads\/2025\/10\/pack-1-768x1079.jpg 768w, https:\/\/alaska-france.fr\/boutique\/wp-content\/uploads\/2025\/10\/pack-1-600x843.jpg 600w, https:\/\/alaska-france.fr\/boutique\/wp-content\/uploads\/2025\/10\/pack-1.jpg 790w\" sizes=\"auto, (max-width: 729px) 100vw, 729px\" \/>\t\t\t\t\t\t\t\t<\/a><br \/>\n\t\t\t\t\t\t\t\t\t\t\t\t\t\t\t<img loading=\"lazy\" decoding=\"async\" width=\"1595\" height=\"395\" src=\"https:\/\/alaska-france.fr\/boutique\/wp-content\/uploads\/2025\/10\/fabricant-1.jpg\" alt=\"\" srcset=\"https:\/\/alaska-france.fr\/boutique\/wp-content\/uploads\/2025\/10\/fabricant-1.jpg 1595w, https:\/\/alaska-france.fr\/boutique\/wp-content\/uploads\/2025\/10\/fabricant-1-300x74.jpg 300w, https:\/\/alaska-france.fr\/boutique\/wp-content\/uploads\/2025\/10\/fabricant-1-1024x254.jpg 1024w, https:\/\/alaska-france.fr\/boutique\/wp-content\/uploads\/2025\/10\/fabricant-1-768x190.jpg 768w, https:\/\/alaska-france.fr\/boutique\/wp-content\/uploads\/2025\/10\/fabricant-1-1536x380.jpg 1536w, https:\/\/alaska-france.fr\/boutique\/wp-content\/uploads\/2025\/10\/fabricant-1-600x149.jpg 600w\" sizes=\"auto, (max-width: 1595px) 100vw, 1595px\" \/><br \/>\n\t\t\t\t\t\t\t\t\t\t\t\t<a tabindex=\"0\"><\/a><br \/>\n\t\t\t\t\t\t\t\t\t\t\t\t<a tabindex=\"0\">En savoir plus <\/a><\/p>\n<h2>Am\u00e9nagements int\u00e9rieurs pour v\u00e9hicules utilitaires ALASKA<\/h2>\n<p>Les am\u00e9nagements int\u00e9rieurs pour v\u00e9hicules utilitaires ALASKA sont fabriqu\u00e9s avec le plus grand soin par nos artisans menuisiers au sein m\u00eame de nos ateliers. Nous sommes fiers de vous offrir une gamme compl\u00e8te de meubles en bois pour votre fourgon L1H1.<\/p>\n<h3>Gamme ECO en contreplaqu\u00e9 okoum\u00e9<\/h3>\n<p>Notre gamme ECO est une solution abordable pour \u00e9quiper votre camion avec des meubles en bois solides et pratiques. Tous les meubles et kits sont fabriqu\u00e9s en contreplaqu\u00e9 okoum\u00e9, un bois exotique r\u00e9sistant et durable. Les plombiers peuvent charger nos \u00e9tag\u00e8res sans souci!<\/p>\n<h3>Gamme PRO en contreplaqu\u00e9 okoum\u00e9 ou film\u00e9<\/h3>\n<p>La gamme PRO est con\u00e7ue pour offrir une solution optimis\u00e9e pour chaque mod\u00e8le de v\u00e9hicule utilitaire (Citroen Jumper, Mercedes Sprinter, Peugeot Boxer etc&#8230;). Nous proposons diff\u00e9rentes configurations de casiers et packs pour r\u00e9pondre \u00e0 vos besoins. Si vous avez des demandes sp\u00e9cifiques, nous pouvons \u00e9galement r\u00e9aliser des am\u00e9nagements sur mesure pour vous. La gamme PRO est disponible en contreplaqu\u00e9 okoum\u00e9 ou en contreplaqu\u00e9 film\u00e9.<\/p>\n<h3>Protection des parois pour votre v\u00e9hicule utilitaire<\/h3>\n<p>Chez ALASKA, nous sommes conscients de l&rsquo;importance de prot\u00e9ger votre v\u00e9hicule utilitaire. C&rsquo;est pourquoi tous nos kits d&rsquo;am\u00e9nagements incluent un pack de protection des parois pour \u00e9viter les coups.<\/p>\n<h4>Plancher brut ou antid\u00e9rapant avec barres de seuils en aluminium<\/h4>\n<p>Tous les kits d&rsquo;am\u00e9nagements pour fourgons inclus un plancher brut ou un plancher antid\u00e9rapant avec des barres de seuil<\/p>\n","protected":false},"excerpt":{"rendered":"<p>Vous souhaitez recevoir notre catalogue\u00a0 avec nos tarifs ?\u00a0 Cliquer ici\u00a0 En savoir plus Am\u00e9nagements int\u00e9rieurs pour v\u00e9hicules utilitaires ALASKA Les am\u00e9nagements int\u00e9rieurs pour v\u00e9hicules utilitaires ALASKA sont fabriqu\u00e9s avec le plus grand soin par&hellip;<\/p>\n","protected":false},"author":1,"featured_media":0,"parent":0,"menu_order":0,"comment_status":"closed","ping_status":"closed","template":"template-parts\/template-page-builders.php","meta":{"footnotes":""},"class_list":["post-8604","page","type-page","status-publish","hentry"],"_links":{"self":[{"href":"https:\/\/alaska-france.fr\/boutique\/wp-json\/wp\/v2\/pages\/8604","targetHints":{"allow":["GET"]}}],"collection":[{"href":"https:\/\/alaska-france.fr\/boutique\/wp-json\/wp\/v2\/pages"}],"about":[{"href":"https:\/\/alaska-france.fr\/boutique\/wp-json\/wp\/v2\/types\/page"}],"author":[{"embeddable":true,"href":"https:\/\/alaska-france.fr\/boutique\/wp-json\/wp\/v2\/users\/1"}],"replies":[{"embeddable":true,"href":"https:\/\/alaska-france.fr\/boutique\/wp-json\/wp\/v2\/comments?post=8604"}],"version-history":[{"count":4,"href":"https:\/\/alaska-france.fr\/boutique\/wp-json\/wp\/v2\/pages\/8604\/revisions"}],"predecessor-version":[{"id":8608,"href":"https:\/\/alaska-france.fr\/boutique\/wp-json\/wp\/v2\/pages\/8604\/revisions\/8608"}],"wp:attachment":[{"href":"https:\/\/alaska-france.fr\/boutique\/wp-json\/wp\/v2\/media?parent=8604"}],"curies":[{"name":"wp","href":"https:\/\/api.w.org\/{rel}","templated":true}]}}