

{"id":8581,"date":"2025-10-03T13:32:42","date_gmt":"2025-10-03T11:32:42","guid":{"rendered":"https:\/\/alaska-france.fr\/boutique\/?page_id=8581"},"modified":"2025-10-03T13:33:09","modified_gmt":"2025-10-03T11:33:09","slug":"equipements-pour-fourgonnette-l2-avec-pl","status":"publish","type":"page","link":"https:\/\/alaska-france.fr\/boutique\/equipements-pour-fourgonnette-l2-avec-pl\/","title":{"rendered":"equipements-pour-fourgonnette-l2-avec-pl\/"},"content":{"rendered":"<p>Equipements pour FOURGONNETTE L2 avec PL\t\t\t\t<\/p>\n<p><strong>Composez votre am\u00e9nagement \u00e0 la carte :<\/strong> plusieurs configurations de meubles vous sont propos\u00e9es pour votre v\u00e9hicule utilitaire ainsi que les planchers et protections de portes. C\u2019est simple :choisissez votre meuble \u00e0 gauche et votre meuble \u00e0 droite (ou bien une protection lat\u00e9rale \u00e0 la place du meuble), le plancher et ensuite les protections de porte et vous obtenez l\u2019am\u00e9nagement personnalis\u00e9 pour votre v\u00e9hicule.<\/p>\n<p>Nous sommes fabricants de nos am\u00e9nagements, n\u2019h\u00e9sitez pas \u00e0 nous demander d\u2019autres configuration sou bien des profondeurs diff\u00e9rentes.<\/p>\n<p>\t\t\t\t\t\t\t\t\t\t\t\t\t\t\t<img loading=\"lazy\" decoding=\"async\" width=\"1097\" height=\"66\" src=\"https:\/\/alaska-france.fr\/boutique\/wp-content\/uploads\/2025\/10\/brutoufilme-4.png\" alt=\"\" srcset=\"https:\/\/alaska-france.fr\/boutique\/wp-content\/uploads\/2025\/10\/brutoufilme-4.png 1097w, https:\/\/alaska-france.fr\/boutique\/wp-content\/uploads\/2025\/10\/brutoufilme-4-300x18.png 300w, https:\/\/alaska-france.fr\/boutique\/wp-content\/uploads\/2025\/10\/brutoufilme-4-1024x62.png 1024w, https:\/\/alaska-france.fr\/boutique\/wp-content\/uploads\/2025\/10\/brutoufilme-4-768x46.png 768w, https:\/\/alaska-france.fr\/boutique\/wp-content\/uploads\/2025\/10\/brutoufilme-4-600x36.png 600w\" sizes=\"auto, (max-width: 1097px) 100vw, 1097px\" \/><br \/>\n\t\t\t\t\t\t\t\t\t\t\t\t\t\t\t<img loading=\"lazy\" decoding=\"async\" width=\"1501\" height=\"141\" src=\"https:\/\/alaska-france.fr\/boutique\/wp-content\/uploads\/2025\/10\/lateral-gauche-2.jpg\" alt=\"\" srcset=\"https:\/\/alaska-france.fr\/boutique\/wp-content\/uploads\/2025\/10\/lateral-gauche-2.jpg 1501w, https:\/\/alaska-france.fr\/boutique\/wp-content\/uploads\/2025\/10\/lateral-gauche-2-300x28.jpg 300w, https:\/\/alaska-france.fr\/boutique\/wp-content\/uploads\/2025\/10\/lateral-gauche-2-1024x96.jpg 1024w, https:\/\/alaska-france.fr\/boutique\/wp-content\/uploads\/2025\/10\/lateral-gauche-2-768x72.jpg 768w, https:\/\/alaska-france.fr\/boutique\/wp-content\/uploads\/2025\/10\/lateral-gauche-2-600x56.jpg 600w\" sizes=\"auto, (max-width: 1501px) 100vw, 1501px\" \/><br \/>\n\t\t\t\t\t\t\t\t\t\t\t\t\t\t\t<img loading=\"lazy\" decoding=\"async\" width=\"478\" height=\"612\" src=\"https:\/\/alaska-france.fr\/boutique\/wp-content\/uploads\/2025\/10\/1-15.jpg\" alt=\"\" srcset=\"https:\/\/alaska-france.fr\/boutique\/wp-content\/uploads\/2025\/10\/1-15.jpg 478w, https:\/\/alaska-france.fr\/boutique\/wp-content\/uploads\/2025\/10\/1-15-234x300.jpg 234w\" sizes=\"auto, (max-width: 478px) 100vw, 478px\" \/><br \/>\n\t\t\t\t\t\t\t\t\t\t\t\t\t\t\t<img loading=\"lazy\" decoding=\"async\" width=\"480\" height=\"612\" src=\"https:\/\/alaska-france.fr\/boutique\/wp-content\/uploads\/2025\/10\/2-15.jpg\" alt=\"\" srcset=\"https:\/\/alaska-france.fr\/boutique\/wp-content\/uploads\/2025\/10\/2-15.jpg 480w, https:\/\/alaska-france.fr\/boutique\/wp-content\/uploads\/2025\/10\/2-15-235x300.jpg 235w\" sizes=\"auto, (max-width: 480px) 100vw, 480px\" \/><br \/>\n\t\t\t\t\t\t\t\t\t\t\t\t\t\t\t<img loading=\"lazy\" decoding=\"async\" width=\"478\" height=\"610\" src=\"https:\/\/alaska-france.fr\/boutique\/wp-content\/uploads\/2025\/10\/3-15.jpg\" alt=\"\" srcset=\"https:\/\/alaska-france.fr\/boutique\/wp-content\/uploads\/2025\/10\/3-15.jpg 478w, https:\/\/alaska-france.fr\/boutique\/wp-content\/uploads\/2025\/10\/3-15-235x300.jpg 235w\" sizes=\"auto, (max-width: 478px) 100vw, 478px\" \/><br \/>\n\t\t\t\t\t\t\t\t\t\t\t\t\t\t\t<img loading=\"lazy\" decoding=\"async\" width=\"479\" height=\"612\" src=\"https:\/\/alaska-france.fr\/boutique\/wp-content\/uploads\/2025\/10\/4-11.jpg\" alt=\"\" srcset=\"https:\/\/alaska-france.fr\/boutique\/wp-content\/uploads\/2025\/10\/4-11.jpg 479w, https:\/\/alaska-france.fr\/boutique\/wp-content\/uploads\/2025\/10\/4-11-235x300.jpg 235w\" sizes=\"auto, (max-width: 479px) 100vw, 479px\" \/><br \/>\n\t\t\t\t\t\t\t\t\t\t\t\t\t\t\t<img loading=\"lazy\" decoding=\"async\" width=\"478\" height=\"610\" src=\"https:\/\/alaska-france.fr\/boutique\/wp-content\/uploads\/2025\/10\/5-12.jpg\" alt=\"\" srcset=\"https:\/\/alaska-france.fr\/boutique\/wp-content\/uploads\/2025\/10\/5-12.jpg 478w, https:\/\/alaska-france.fr\/boutique\/wp-content\/uploads\/2025\/10\/5-12-235x300.jpg 235w\" sizes=\"auto, (max-width: 478px) 100vw, 478px\" \/><br \/>\n\t\t\t\t\t\t\t\t\t\t\t\t\t\t\t<img loading=\"lazy\" decoding=\"async\" width=\"481\" height=\"618\" src=\"https:\/\/alaska-france.fr\/boutique\/wp-content\/uploads\/2025\/10\/6-9.jpg\" alt=\"\" srcset=\"https:\/\/alaska-france.fr\/boutique\/wp-content\/uploads\/2025\/10\/6-9.jpg 481w, https:\/\/alaska-france.fr\/boutique\/wp-content\/uploads\/2025\/10\/6-9-233x300.jpg 233w\" sizes=\"auto, (max-width: 481px) 100vw, 481px\" \/><br \/>\n\t\t\t\t\t\t\t\t\t\t\t\t\t\t\t<img loading=\"lazy\" decoding=\"async\" width=\"488\" height=\"612\" src=\"https:\/\/alaska-france.fr\/boutique\/wp-content\/uploads\/2025\/10\/7-11.jpg\" alt=\"\" srcset=\"https:\/\/alaska-france.fr\/boutique\/wp-content\/uploads\/2025\/10\/7-11.jpg 488w, https:\/\/alaska-france.fr\/boutique\/wp-content\/uploads\/2025\/10\/7-11-239x300.jpg 239w\" sizes=\"auto, (max-width: 488px) 100vw, 488px\" \/><br \/>\n\t\t\t\t\t\t\t\t\t\t\t\t\t\t\t<img loading=\"lazy\" decoding=\"async\" width=\"479\" height=\"612\" src=\"https:\/\/alaska-france.fr\/boutique\/wp-content\/uploads\/2025\/10\/8-11.jpg\" alt=\"\" srcset=\"https:\/\/alaska-france.fr\/boutique\/wp-content\/uploads\/2025\/10\/8-11.jpg 479w, https:\/\/alaska-france.fr\/boutique\/wp-content\/uploads\/2025\/10\/8-11-235x300.jpg 235w\" sizes=\"auto, (max-width: 479px) 100vw, 479px\" \/><br \/>\n\t\t\t\t\t\t\t\t\t\t\t\t\t\t\t<img loading=\"lazy\" decoding=\"async\" width=\"479\" height=\"617\" src=\"https:\/\/alaska-france.fr\/boutique\/wp-content\/uploads\/2025\/10\/9-8.jpg\" alt=\"\" srcset=\"https:\/\/alaska-france.fr\/boutique\/wp-content\/uploads\/2025\/10\/9-8.jpg 479w, https:\/\/alaska-france.fr\/boutique\/wp-content\/uploads\/2025\/10\/9-8-233x300.jpg 233w\" sizes=\"auto, (max-width: 479px) 100vw, 479px\" \/><br \/>\n\t\t\t\t\t\t\t\t\t\t\t\t\t\t\t<img loading=\"lazy\" decoding=\"async\" width=\"1503\" height=\"133\" src=\"https:\/\/alaska-france.fr\/boutique\/wp-content\/uploads\/2025\/10\/10-1.jpg\" alt=\"\" srcset=\"https:\/\/alaska-france.fr\/boutique\/wp-content\/uploads\/2025\/10\/10-1.jpg 1503w, https:\/\/alaska-france.fr\/boutique\/wp-content\/uploads\/2025\/10\/10-1-300x27.jpg 300w, https:\/\/alaska-france.fr\/boutique\/wp-content\/uploads\/2025\/10\/10-1-1024x91.jpg 1024w, https:\/\/alaska-france.fr\/boutique\/wp-content\/uploads\/2025\/10\/10-1-768x68.jpg 768w, https:\/\/alaska-france.fr\/boutique\/wp-content\/uploads\/2025\/10\/10-1-600x53.jpg 600w\" sizes=\"auto, (max-width: 1503px) 100vw, 1503px\" \/><br \/>\n\t\t\t\t\t\t\t\t\t\t\t\t\t\t\t<img loading=\"lazy\" decoding=\"async\" width=\"483\" height=\"612\" src=\"https:\/\/alaska-france.fr\/boutique\/wp-content\/uploads\/2025\/10\/KRD-meuble-DROITE.jpg\" alt=\"\" srcset=\"https:\/\/alaska-france.fr\/boutique\/wp-content\/uploads\/2025\/10\/KRD-meuble-DROITE.jpg 483w, https:\/\/alaska-france.fr\/boutique\/wp-content\/uploads\/2025\/10\/KRD-meuble-DROITE-237x300.jpg 237w\" sizes=\"auto, (max-width: 483px) 100vw, 483px\" \/><br \/>\n\t\t\t\t\t\t\t\t\t\t\t\t\t\t\t<img loading=\"lazy\" decoding=\"async\" width=\"482\" height=\"612\" src=\"https:\/\/alaska-france.fr\/boutique\/wp-content\/uploads\/2025\/10\/KRD101meuble-DROITE.jpg\" alt=\"\" srcset=\"https:\/\/alaska-france.fr\/boutique\/wp-content\/uploads\/2025\/10\/KRD101meuble-DROITE.jpg 482w, https:\/\/alaska-france.fr\/boutique\/wp-content\/uploads\/2025\/10\/KRD101meuble-DROITE-236x300.jpg 236w\" sizes=\"auto, (max-width: 482px) 100vw, 482px\" \/><br \/>\n\t\t\t\t\t\t\t\t\t\t\t\t\t\t\t<img loading=\"lazy\" decoding=\"async\" width=\"480\" height=\"612\" src=\"https:\/\/alaska-france.fr\/boutique\/wp-content\/uploads\/2025\/10\/KRD102Meuble-DROITE.jpg\" alt=\"\" srcset=\"https:\/\/alaska-france.fr\/boutique\/wp-content\/uploads\/2025\/10\/KRD102Meuble-DROITE.jpg 480w, https:\/\/alaska-france.fr\/boutique\/wp-content\/uploads\/2025\/10\/KRD102Meuble-DROITE-235x300.jpg 235w\" sizes=\"auto, (max-width: 480px) 100vw, 480px\" \/><br \/>\n\t\t\t\t\t\t\t\t\t\t\t\t\t\t\t<img loading=\"lazy\" decoding=\"async\" width=\"480\" height=\"612\" src=\"https:\/\/alaska-france.fr\/boutique\/wp-content\/uploads\/2025\/10\/KRDC01Meuble-Droite.jpg\" alt=\"\" srcset=\"https:\/\/alaska-france.fr\/boutique\/wp-content\/uploads\/2025\/10\/KRDC01Meuble-Droite.jpg 480w, https:\/\/alaska-france.fr\/boutique\/wp-content\/uploads\/2025\/10\/KRDC01Meuble-Droite-235x300.jpg 235w\" sizes=\"auto, (max-width: 480px) 100vw, 480px\" \/><br \/>\n\t\t\t\t\t\t\t\t\t\t\t\t\t\t\t<img loading=\"lazy\" decoding=\"async\" width=\"480\" height=\"612\" src=\"https:\/\/alaska-france.fr\/boutique\/wp-content\/uploads\/2025\/10\/KRDC02Meuble-Droite.jpg\" alt=\"\" srcset=\"https:\/\/alaska-france.fr\/boutique\/wp-content\/uploads\/2025\/10\/KRDC02Meuble-Droite.jpg 480w, https:\/\/alaska-france.fr\/boutique\/wp-content\/uploads\/2025\/10\/KRDC02Meuble-Droite-235x300.jpg 235w\" sizes=\"auto, (max-width: 480px) 100vw, 480px\" \/><br \/>\n\t\t\t\t\t\t\t\t\t\t\t\t\t\t\t<img loading=\"lazy\" decoding=\"async\" width=\"481\" height=\"618\" src=\"https:\/\/alaska-france.fr\/boutique\/wp-content\/uploads\/2025\/10\/PLDMeuble-DROITE.jpg\" alt=\"\" srcset=\"https:\/\/alaska-france.fr\/boutique\/wp-content\/uploads\/2025\/10\/PLDMeuble-DROITE.jpg 481w, https:\/\/alaska-france.fr\/boutique\/wp-content\/uploads\/2025\/10\/PLDMeuble-DROITE-233x300.jpg 233w\" sizes=\"auto, (max-width: 481px) 100vw, 481px\" \/><br \/>\n\t\t\t\t\t\t\t\t\t\t\t\t\t\t\t<img loading=\"lazy\" decoding=\"async\" width=\"480\" height=\"610\" src=\"https:\/\/alaska-france.fr\/boutique\/wp-content\/uploads\/2025\/10\/KRM-PL-Meuble-droite-1.jpg\" alt=\"\" srcset=\"https:\/\/alaska-france.fr\/boutique\/wp-content\/uploads\/2025\/10\/KRM-PL-Meuble-droite-1.jpg 480w, https:\/\/alaska-france.fr\/boutique\/wp-content\/uploads\/2025\/10\/KRM-PL-Meuble-droite-1-236x300.jpg 236w\" sizes=\"auto, (max-width: 480px) 100vw, 480px\" \/><br \/>\n\t\t\t\t\t\t\t\t\t\t\t\t\t\t\t<img loading=\"lazy\" decoding=\"async\" width=\"1097\" height=\"66\" src=\"https:\/\/alaska-france.fr\/boutique\/wp-content\/uploads\/2025\/10\/1-1.png\" alt=\"\" srcset=\"https:\/\/alaska-france.fr\/boutique\/wp-content\/uploads\/2025\/10\/1-1.png 1097w, https:\/\/alaska-france.fr\/boutique\/wp-content\/uploads\/2025\/10\/1-1-300x18.png 300w, https:\/\/alaska-france.fr\/boutique\/wp-content\/uploads\/2025\/10\/1-1-1024x62.png 1024w, https:\/\/alaska-france.fr\/boutique\/wp-content\/uploads\/2025\/10\/1-1-768x46.png 768w, https:\/\/alaska-france.fr\/boutique\/wp-content\/uploads\/2025\/10\/1-1-600x36.png 600w\" sizes=\"auto, (max-width: 1097px) 100vw, 1097px\" \/><br \/>\n\t\t\t\t\t\t\t\t\t\t\t\t\t\t\t<img loading=\"lazy\" decoding=\"async\" width=\"1482\" height=\"116\" src=\"https:\/\/alaska-france.fr\/boutique\/wp-content\/uploads\/2025\/10\/2-16.jpg\" alt=\"\" srcset=\"https:\/\/alaska-france.fr\/boutique\/wp-content\/uploads\/2025\/10\/2-16.jpg 1482w, https:\/\/alaska-france.fr\/boutique\/wp-content\/uploads\/2025\/10\/2-16-300x23.jpg 300w, https:\/\/alaska-france.fr\/boutique\/wp-content\/uploads\/2025\/10\/2-16-1024x80.jpg 1024w, https:\/\/alaska-france.fr\/boutique\/wp-content\/uploads\/2025\/10\/2-16-768x60.jpg 768w, https:\/\/alaska-france.fr\/boutique\/wp-content\/uploads\/2025\/10\/2-16-600x47.jpg 600w\" sizes=\"auto, (max-width: 1482px) 100vw, 1482px\" \/><br \/>\n\t\t\t\t\t\t\t\t\t\t\t\t\t\t\t<img loading=\"lazy\" decoding=\"async\" width=\"1580\" height=\"957\" src=\"https:\/\/alaska-france.fr\/boutique\/wp-content\/uploads\/2025\/10\/3-16.jpg\" alt=\"\" srcset=\"https:\/\/alaska-france.fr\/boutique\/wp-content\/uploads\/2025\/10\/3-16.jpg 1580w, https:\/\/alaska-france.fr\/boutique\/wp-content\/uploads\/2025\/10\/3-16-300x182.jpg 300w, https:\/\/alaska-france.fr\/boutique\/wp-content\/uploads\/2025\/10\/3-16-1024x620.jpg 1024w, https:\/\/alaska-france.fr\/boutique\/wp-content\/uploads\/2025\/10\/3-16-768x465.jpg 768w, https:\/\/alaska-france.fr\/boutique\/wp-content\/uploads\/2025\/10\/3-16-1536x930.jpg 1536w, https:\/\/alaska-france.fr\/boutique\/wp-content\/uploads\/2025\/10\/3-16-600x363.jpg 600w\" sizes=\"auto, (max-width: 1580px) 100vw, 1580px\" \/><br \/>\n\t\t\t\t\t\t\t\t\t\t\t\t\t\t\t<img loading=\"lazy\" decoding=\"async\" width=\"1503\" height=\"139\" src=\"https:\/\/alaska-france.fr\/boutique\/wp-content\/uploads\/2025\/10\/4-12.jpg\" alt=\"\" srcset=\"https:\/\/alaska-france.fr\/boutique\/wp-content\/uploads\/2025\/10\/4-12.jpg 1503w, https:\/\/alaska-france.fr\/boutique\/wp-content\/uploads\/2025\/10\/4-12-300x28.jpg 300w, https:\/\/alaska-france.fr\/boutique\/wp-content\/uploads\/2025\/10\/4-12-1024x95.jpg 1024w, https:\/\/alaska-france.fr\/boutique\/wp-content\/uploads\/2025\/10\/4-12-768x71.jpg 768w, https:\/\/alaska-france.fr\/boutique\/wp-content\/uploads\/2025\/10\/4-12-600x55.jpg 600w\" sizes=\"auto, (max-width: 1503px) 100vw, 1503px\" \/><br \/>\n\t\t\t\t\t\t\t\t\t\t\t\t\t\t\t<img loading=\"lazy\" decoding=\"async\" width=\"480\" height=\"617\" src=\"https:\/\/alaska-france.fr\/boutique\/wp-content\/uploads\/2025\/10\/1-16.jpg\" alt=\"\" srcset=\"https:\/\/alaska-france.fr\/boutique\/wp-content\/uploads\/2025\/10\/1-16.jpg 480w, https:\/\/alaska-france.fr\/boutique\/wp-content\/uploads\/2025\/10\/1-16-233x300.jpg 233w\" sizes=\"auto, (max-width: 480px) 100vw, 480px\" \/><br \/>\n\t\t\t\t\t\t\t\t\t\t\t\t\t\t\t<img loading=\"lazy\" decoding=\"async\" width=\"479\" height=\"617\" src=\"https:\/\/alaska-france.fr\/boutique\/wp-content\/uploads\/2025\/10\/2-17.jpg\" alt=\"\" srcset=\"https:\/\/alaska-france.fr\/boutique\/wp-content\/uploads\/2025\/10\/2-17.jpg 479w, https:\/\/alaska-france.fr\/boutique\/wp-content\/uploads\/2025\/10\/2-17-233x300.jpg 233w\" sizes=\"auto, (max-width: 479px) 100vw, 479px\" \/><br \/>\n\t\t\t\t\t\t\t\t\t\t\t\t\t\t\t<img loading=\"lazy\" decoding=\"async\" width=\"479\" height=\"617\" src=\"https:\/\/alaska-france.fr\/boutique\/wp-content\/uploads\/2025\/10\/3-17.jpg\" alt=\"\" srcset=\"https:\/\/alaska-france.fr\/boutique\/wp-content\/uploads\/2025\/10\/3-17.jpg 479w, https:\/\/alaska-france.fr\/boutique\/wp-content\/uploads\/2025\/10\/3-17-233x300.jpg 233w\" sizes=\"auto, (max-width: 479px) 100vw, 479px\" \/><br \/>\n\t\t\t\t\t\t\t\t\t\t\t\t\t\t\t<img loading=\"lazy\" decoding=\"async\" width=\"1486\" height=\"172\" src=\"https:\/\/alaska-france.fr\/boutique\/wp-content\/uploads\/2025\/10\/3.png\" alt=\"\" srcset=\"https:\/\/alaska-france.fr\/boutique\/wp-content\/uploads\/2025\/10\/3.png 1486w, https:\/\/alaska-france.fr\/boutique\/wp-content\/uploads\/2025\/10\/3-300x35.png 300w, https:\/\/alaska-france.fr\/boutique\/wp-content\/uploads\/2025\/10\/3-1024x119.png 1024w, https:\/\/alaska-france.fr\/boutique\/wp-content\/uploads\/2025\/10\/3-768x89.png 768w, https:\/\/alaska-france.fr\/boutique\/wp-content\/uploads\/2025\/10\/3-600x69.png 600w\" sizes=\"auto, (max-width: 1486px) 100vw, 1486px\" \/><br \/>\n\t\t\t\t\t\t\t\t\t\t\t\t\t\t\t<img loading=\"lazy\" decoding=\"async\" width=\"480\" height=\"618\" src=\"https:\/\/alaska-france.fr\/boutique\/wp-content\/uploads\/2025\/10\/5-13.jpg\" alt=\"\" srcset=\"https:\/\/alaska-france.fr\/boutique\/wp-content\/uploads\/2025\/10\/5-13.jpg 480w, https:\/\/alaska-france.fr\/boutique\/wp-content\/uploads\/2025\/10\/5-13-233x300.jpg 233w\" sizes=\"auto, (max-width: 480px) 100vw, 480px\" \/><br \/>\n\t\t\t\t\t\t\t\t\t\t\t\t\t\t\t<img loading=\"lazy\" decoding=\"async\" width=\"480\" height=\"618\" src=\"https:\/\/alaska-france.fr\/boutique\/wp-content\/uploads\/2025\/10\/6-10.jpg\" alt=\"\" srcset=\"https:\/\/alaska-france.fr\/boutique\/wp-content\/uploads\/2025\/10\/6-10.jpg 480w, https:\/\/alaska-france.fr\/boutique\/wp-content\/uploads\/2025\/10\/6-10-233x300.jpg 233w\" sizes=\"auto, (max-width: 480px) 100vw, 480px\" \/><br \/>\n\t\t\t\t\t\t\t\t\t\t\t\t\t\t\t<img loading=\"lazy\" decoding=\"async\" width=\"480\" height=\"617\" src=\"https:\/\/alaska-france.fr\/boutique\/wp-content\/uploads\/2025\/10\/7-12.jpg\" alt=\"\" srcset=\"https:\/\/alaska-france.fr\/boutique\/wp-content\/uploads\/2025\/10\/7-12.jpg 480w, https:\/\/alaska-france.fr\/boutique\/wp-content\/uploads\/2025\/10\/7-12-233x300.jpg 233w\" sizes=\"auto, (max-width: 480px) 100vw, 480px\" \/><br \/>\n\t\t\t\t\t\t\t\t\t\t\t\t\t\t\t<img loading=\"lazy\" decoding=\"async\" width=\"761\" height=\"600\" src=\"https:\/\/alaska-france.fr\/boutique\/wp-content\/uploads\/2025\/10\/nos-services-2.jpg\" alt=\"\" srcset=\"https:\/\/alaska-france.fr\/boutique\/wp-content\/uploads\/2025\/10\/nos-services-2.jpg 761w, https:\/\/alaska-france.fr\/boutique\/wp-content\/uploads\/2025\/10\/nos-services-2-300x237.jpg 300w, https:\/\/alaska-france.fr\/boutique\/wp-content\/uploads\/2025\/10\/nos-services-2-600x473.jpg 600w\" sizes=\"auto, (max-width: 761px) 100vw, 761px\" \/><br \/>\n\t\t\t\t\t\t\t\t\t\t\t\t\t\t\t\t<a href=\"https:\/\/alaska-france.fr\/boutique\/equipements-pour-fourgonnette-l2-avec-pl-pack\/\"><br \/>\n\t\t\t\t\t\t\t<img loading=\"lazy\" decoding=\"async\" width=\"783\" height=\"603\" src=\"https:\/\/alaska-france.fr\/boutique\/wp-content\/uploads\/2025\/10\/nos-packs3-1.jpg\" alt=\"\" srcset=\"https:\/\/alaska-france.fr\/boutique\/wp-content\/uploads\/2025\/10\/nos-packs3-1.jpg 783w, https:\/\/alaska-france.fr\/boutique\/wp-content\/uploads\/2025\/10\/nos-packs3-1-300x231.jpg 300w, https:\/\/alaska-france.fr\/boutique\/wp-content\/uploads\/2025\/10\/nos-packs3-1-768x591.jpg 768w, https:\/\/alaska-france.fr\/boutique\/wp-content\/uploads\/2025\/10\/nos-packs3-1-600x462.jpg 600w\" sizes=\"auto, (max-width: 783px) 100vw, 783px\" \/>\t\t\t\t\t\t\t\t<\/a><\/p>\n","protected":false},"excerpt":{"rendered":"<p>Equipements pour FOURGONNETTE L2 avec PL Composez votre am\u00e9nagement \u00e0 la carte : plusieurs configurations de meubles vous sont propos\u00e9es pour votre v\u00e9hicule utilitaire ainsi que les planchers et protections de portes. C\u2019est simple :choisissez&hellip;<\/p>\n","protected":false},"author":1,"featured_media":0,"parent":0,"menu_order":0,"comment_status":"closed","ping_status":"closed","template":"template-parts\/template-page-builders.php","meta":{"footnotes":""},"class_list":["post-8581","page","type-page","status-publish","hentry"],"_links":{"self":[{"href":"https:\/\/alaska-france.fr\/boutique\/wp-json\/wp\/v2\/pages\/8581","targetHints":{"allow":["GET"]}}],"collection":[{"href":"https:\/\/alaska-france.fr\/boutique\/wp-json\/wp\/v2\/pages"}],"about":[{"href":"https:\/\/alaska-france.fr\/boutique\/wp-json\/wp\/v2\/types\/page"}],"author":[{"embeddable":true,"href":"https:\/\/alaska-france.fr\/boutique\/wp-json\/wp\/v2\/users\/1"}],"replies":[{"embeddable":true,"href":"https:\/\/alaska-france.fr\/boutique\/wp-json\/wp\/v2\/comments?post=8581"}],"version-history":[{"count":4,"href":"https:\/\/alaska-france.fr\/boutique\/wp-json\/wp\/v2\/pages\/8581\/revisions"}],"predecessor-version":[{"id":8585,"href":"https:\/\/alaska-france.fr\/boutique\/wp-json\/wp\/v2\/pages\/8581\/revisions\/8585"}],"wp:attachment":[{"href":"https:\/\/alaska-france.fr\/boutique\/wp-json\/wp\/v2\/media?parent=8581"}],"curies":[{"name":"wp","href":"https:\/\/api.w.org\/{rel}","templated":true}]}}