

{"id":8513,"date":"2025-10-03T13:02:58","date_gmt":"2025-10-03T11:02:58","guid":{"rendered":"https:\/\/alaska-france.fr\/boutique\/?page_id=8513"},"modified":"2025-10-03T13:46:36","modified_gmt":"2025-10-03T11:46:36","slug":"amenagements-bois-pour-fourgonnette-l2-avec-pl","status":"publish","type":"page","link":"https:\/\/alaska-france.fr\/boutique\/amenagements-bois-pour-fourgonnette-l2-avec-pl\/","title":{"rendered":"amenagements-bois-pour-fourgonnette-l2-avec-pl\/"},"content":{"rendered":"\t\t<div data-elementor-type=\"wp-page\" data-elementor-id=\"8513\" class=\"elementor elementor-8513\">\n\t\t\t\t\t\t<section class=\"elementor-section elementor-top-section elementor-element elementor-element-2f75ceb3 elementor-section-boxed elementor-section-height-default elementor-section-height-default\" data-id=\"2f75ceb3\" data-element_type=\"section\" data-e-type=\"section\">\n\t\t\t\t\t\t<div class=\"elementor-container elementor-column-gap-default\">\n\t\t\t\t\t<div class=\"elementor-column elementor-col-100 elementor-top-column elementor-element elementor-element-6048ea06\" data-id=\"6048ea06\" data-element_type=\"column\" data-e-type=\"column\">\n\t\t\t<div class=\"elementor-widget-wrap elementor-element-populated\">\n\t\t\t\t\t\t<div class=\"elementor-element elementor-element-42afae6f elementor-widget-divider--view-line_text elementor-widget-divider--element-align-center elementor-widget elementor-widget-divider\" data-id=\"42afae6f\" data-element_type=\"widget\" data-e-type=\"widget\" data-widget_type=\"divider.default\">\n\t\t\t\t<div class=\"elementor-widget-container\">\n\t\t\t\t\t\t\t<div class=\"elementor-divider\">\n\t\t\t<span class=\"elementor-divider-separator\">\n\t\t\t\t\t\t\t<span class=\"elementor-divider__text elementor-divider__element\">\n\t\t\t\tAm\u00e9nagements bois pour FOURGONNETTE L2 avec PL\t\t\t\t<\/span>\n\t\t\t\t\t\t<\/span>\n\t\t<\/div>\n\t\t\t\t\t\t<\/div>\n\t\t\t\t<\/div>\n\t\t\t\t\t<\/div>\n\t\t<\/div>\n\t\t\t\t\t<\/div>\n\t\t<\/section>\n\t\t\t\t<section class=\"elementor-section elementor-top-section elementor-element elementor-element-185d3e06 elementor-section-boxed elementor-section-height-default elementor-section-height-default\" data-id=\"185d3e06\" data-element_type=\"section\" data-e-type=\"section\">\n\t\t\t\t\t\t<div class=\"elementor-container elementor-column-gap-default\">\n\t\t\t\t\t<div class=\"elementor-column elementor-col-100 elementor-top-column elementor-element elementor-element-416c8942\" data-id=\"416c8942\" data-element_type=\"column\" data-e-type=\"column\">\n\t\t\t<div class=\"elementor-widget-wrap elementor-element-populated\">\n\t\t\t\t\t\t<div class=\"elementor-element elementor-element-4b2f5337 elementor-widget elementor-widget-image\" data-id=\"4b2f5337\" data-element_type=\"widget\" data-e-type=\"widget\" data-widget_type=\"image.default\">\n\t\t\t\t<div class=\"elementor-widget-container\">\n\t\t\t\t\t\t\t\t\t\t\t\t\t\t\t<img fetchpriority=\"high\" decoding=\"async\" width=\"1597\" height=\"124\" src=\"https:\/\/alaska-france.fr\/boutique\/wp-content\/uploads\/2025\/10\/imgpro1.jpg\" class=\"attachment-full size-full wp-image-8326\" alt=\"\" srcset=\"https:\/\/alaska-france.fr\/boutique\/wp-content\/uploads\/2025\/10\/imgpro1.jpg 1597w, https:\/\/alaska-france.fr\/boutique\/wp-content\/uploads\/2025\/10\/imgpro1-300x23.jpg 300w, https:\/\/alaska-france.fr\/boutique\/wp-content\/uploads\/2025\/10\/imgpro1-1024x80.jpg 1024w, https:\/\/alaska-france.fr\/boutique\/wp-content\/uploads\/2025\/10\/imgpro1-768x60.jpg 768w, https:\/\/alaska-france.fr\/boutique\/wp-content\/uploads\/2025\/10\/imgpro1-1536x119.jpg 1536w, https:\/\/alaska-france.fr\/boutique\/wp-content\/uploads\/2025\/10\/imgpro1-600x47.jpg 600w\" sizes=\"(max-width: 1597px) 100vw, 1597px\" \/>\t\t\t\t\t\t\t\t\t\t\t\t\t\t\t<\/div>\n\t\t\t\t<\/div>\n\t\t\t\t\t<\/div>\n\t\t<\/div>\n\t\t\t\t\t<\/div>\n\t\t<\/section>\n\t\t\t\t<section class=\"elementor-section elementor-top-section elementor-element elementor-element-7ce4945e elementor-section-boxed elementor-section-height-default elementor-section-height-default\" data-id=\"7ce4945e\" data-element_type=\"section\" data-e-type=\"section\">\n\t\t\t\t\t\t<div class=\"elementor-container elementor-column-gap-default\">\n\t\t\t\t\t<div class=\"elementor-column elementor-col-50 elementor-top-column elementor-element elementor-element-486e01bd\" data-id=\"486e01bd\" data-element_type=\"column\" data-e-type=\"column\">\n\t\t\t<div class=\"elementor-widget-wrap elementor-element-populated\">\n\t\t\t\t\t\t<div class=\"elementor-element elementor-element-28d326ac elementor-widget elementor-widget-image\" data-id=\"28d326ac\" data-element_type=\"widget\" data-e-type=\"widget\" data-widget_type=\"image.default\">\n\t\t\t\t<div class=\"elementor-widget-container\">\n\t\t\t\t\t\t\t\t\t\t\t\t\t\t\t\t<a href=\"https:\/\/alaska-france.fr\/boutique\/equipements-pour-fourgonnette-l2-avec-pl-pack\/\">\n\t\t\t\t\t\t\t<img decoding=\"async\" width=\"558\" height=\"1024\" src=\"https:\/\/alaska-france.fr\/boutique\/wp-content\/uploads\/2025\/10\/pack2-558x1024.jpg\" class=\"attachment-large size-large wp-image-8327\" alt=\"\" srcset=\"https:\/\/alaska-france.fr\/boutique\/wp-content\/uploads\/2025\/10\/pack2-558x1024.jpg 558w, https:\/\/alaska-france.fr\/boutique\/wp-content\/uploads\/2025\/10\/pack2-164x300.jpg 164w, https:\/\/alaska-france.fr\/boutique\/wp-content\/uploads\/2025\/10\/pack2-600x1101.jpg 600w, https:\/\/alaska-france.fr\/boutique\/wp-content\/uploads\/2025\/10\/pack2.jpg 755w\" sizes=\"(max-width: 558px) 100vw, 558px\" \/>\t\t\t\t\t\t\t\t<\/a>\n\t\t\t\t\t\t\t\t\t\t\t\t\t\t\t<\/div>\n\t\t\t\t<\/div>\n\t\t\t\t\t<\/div>\n\t\t<\/div>\n\t\t\t\t<div class=\"elementor-column elementor-col-50 elementor-top-column elementor-element elementor-element-153a5c8e\" data-id=\"153a5c8e\" data-element_type=\"column\" data-e-type=\"column\">\n\t\t\t<div class=\"elementor-widget-wrap elementor-element-populated\">\n\t\t\t\t\t\t<div class=\"elementor-element elementor-element-5c7fe812 elementor-widget elementor-widget-image\" data-id=\"5c7fe812\" data-element_type=\"widget\" data-e-type=\"widget\" data-widget_type=\"image.default\">\n\t\t\t\t<div class=\"elementor-widget-container\">\n\t\t\t\t\t\t\t\t\t\t\t\t\t\t\t\t<a href=\"https:\/\/alaska-france.fr\/boutique\/equipements-pour-fourgonnette-l2-avec-pl\/\">\n\t\t\t\t\t\t\t<img decoding=\"async\" width=\"557\" height=\"1024\" src=\"https:\/\/alaska-france.fr\/boutique\/wp-content\/uploads\/2025\/10\/carte-557x1024.jpg\" class=\"attachment-large size-large wp-image-8508\" alt=\"\" srcset=\"https:\/\/alaska-france.fr\/boutique\/wp-content\/uploads\/2025\/10\/carte-557x1024.jpg 557w, https:\/\/alaska-france.fr\/boutique\/wp-content\/uploads\/2025\/10\/carte-163x300.jpg 163w, https:\/\/alaska-france.fr\/boutique\/wp-content\/uploads\/2025\/10\/carte-600x1104.jpg 600w, https:\/\/alaska-france.fr\/boutique\/wp-content\/uploads\/2025\/10\/carte.jpg 753w\" sizes=\"(max-width: 557px) 100vw, 557px\" \/>\t\t\t\t\t\t\t\t<\/a>\n\t\t\t\t\t\t\t\t\t\t\t\t\t\t\t<\/div>\n\t\t\t\t<\/div>\n\t\t\t\t\t<\/div>\n\t\t<\/div>\n\t\t\t\t\t<\/div>\n\t\t<\/section>\n\t\t\t\t<section class=\"elementor-section elementor-top-section elementor-element elementor-element-5b834a36 elementor-section-boxed elementor-section-height-default elementor-section-height-default\" data-id=\"5b834a36\" data-element_type=\"section\" data-e-type=\"section\">\n\t\t\t\t\t\t<div class=\"elementor-container elementor-column-gap-default\">\n\t\t\t\t\t<div class=\"elementor-column elementor-col-100 elementor-top-column elementor-element elementor-element-22e3a68c\" data-id=\"22e3a68c\" data-element_type=\"column\" data-e-type=\"column\">\n\t\t\t<div class=\"elementor-widget-wrap\">\n\t\t\t\t\t\t\t<\/div>\n\t\t<\/div>\n\t\t\t\t\t<\/div>\n\t\t<\/section>\n\t\t\t\t<section class=\"elementor-section elementor-top-section elementor-element elementor-element-18fd35e4 elementor-section-boxed elementor-section-height-default elementor-section-height-default\" data-id=\"18fd35e4\" data-element_type=\"section\" data-e-type=\"section\">\n\t\t\t\t\t\t<div class=\"elementor-container elementor-column-gap-default\">\n\t\t\t\t\t<div class=\"elementor-column elementor-col-100 elementor-top-column elementor-element elementor-element-26131041\" data-id=\"26131041\" data-element_type=\"column\" data-e-type=\"column\">\n\t\t\t<div class=\"elementor-widget-wrap elementor-element-populated\">\n\t\t\t\t\t\t<div class=\"elementor-element elementor-element-4f666193 elementor-widget elementor-widget-image\" data-id=\"4f666193\" data-element_type=\"widget\" data-e-type=\"widget\" data-widget_type=\"image.default\">\n\t\t\t\t<div class=\"elementor-widget-container\">\n\t\t\t\t\t\t\t\t\t\t\t\t\t\t\t<img loading=\"lazy\" decoding=\"async\" width=\"1596\" height=\"376\" src=\"https:\/\/alaska-france.fr\/boutique\/wp-content\/uploads\/2025\/10\/fabricant4.jpg\" class=\"attachment-full size-full wp-image-8330\" alt=\"\" srcset=\"https:\/\/alaska-france.fr\/boutique\/wp-content\/uploads\/2025\/10\/fabricant4.jpg 1596w, https:\/\/alaska-france.fr\/boutique\/wp-content\/uploads\/2025\/10\/fabricant4-300x71.jpg 300w, https:\/\/alaska-france.fr\/boutique\/wp-content\/uploads\/2025\/10\/fabricant4-1024x241.jpg 1024w, https:\/\/alaska-france.fr\/boutique\/wp-content\/uploads\/2025\/10\/fabricant4-768x181.jpg 768w, https:\/\/alaska-france.fr\/boutique\/wp-content\/uploads\/2025\/10\/fabricant4-1536x362.jpg 1536w, https:\/\/alaska-france.fr\/boutique\/wp-content\/uploads\/2025\/10\/fabricant4-600x141.jpg 600w\" sizes=\"(max-width: 1596px) 100vw, 1596px\" \/>\t\t\t\t\t\t\t\t\t\t\t\t\t\t\t<\/div>\n\t\t\t\t<\/div>\n\t\t\t\t<div class=\"elementor-element elementor-element-76b9b730 elementor-widget elementor-widget-image\" data-id=\"76b9b730\" data-element_type=\"widget\" data-e-type=\"widget\" data-widget_type=\"image.default\">\n\t\t\t\t<div class=\"elementor-widget-container\">\n\t\t\t\t\t\t\t\t\t\t\t\t\t\t\t\t<a href=\"https:\/\/alaska-france.fr\/boutique\/packs-habillage-et-protection-bois-fourgonnette\/\">\n\t\t\t\t\t\t\t<img loading=\"lazy\" decoding=\"async\" width=\"1602\" height=\"436\" src=\"https:\/\/alaska-france.fr\/boutique\/wp-content\/uploads\/2025\/10\/ppp.jpg\" class=\"attachment-full size-full wp-image-8329\" alt=\"\" srcset=\"https:\/\/alaska-france.fr\/boutique\/wp-content\/uploads\/2025\/10\/ppp.jpg 1602w, https:\/\/alaska-france.fr\/boutique\/wp-content\/uploads\/2025\/10\/ppp-300x82.jpg 300w, https:\/\/alaska-france.fr\/boutique\/wp-content\/uploads\/2025\/10\/ppp-1024x279.jpg 1024w, https:\/\/alaska-france.fr\/boutique\/wp-content\/uploads\/2025\/10\/ppp-768x209.jpg 768w, https:\/\/alaska-france.fr\/boutique\/wp-content\/uploads\/2025\/10\/ppp-1536x418.jpg 1536w, https:\/\/alaska-france.fr\/boutique\/wp-content\/uploads\/2025\/10\/ppp-600x163.jpg 600w\" sizes=\"(max-width: 1602px) 100vw, 1602px\" \/>\t\t\t\t\t\t\t\t<\/a>\n\t\t\t\t\t\t\t\t\t\t\t\t\t\t\t<\/div>\n\t\t\t\t<\/div>\n\t\t\t\t\t<\/div>\n\t\t<\/div>\n\t\t\t\t\t<\/div>\n\t\t<\/section>\n\t\t\t\t<section class=\"elementor-section elementor-top-section elementor-element elementor-element-80f5a57 elementor-section-boxed elementor-section-height-default elementor-section-height-default\" data-id=\"80f5a57\" data-element_type=\"section\" data-e-type=\"section\">\n\t\t\t\t\t\t<div class=\"elementor-container elementor-column-gap-default\">\n\t\t\t\t\t<div class=\"elementor-column elementor-col-100 elementor-top-column elementor-element elementor-element-40072bf0\" data-id=\"40072bf0\" data-element_type=\"column\" data-e-type=\"column\">\n\t\t\t<div class=\"elementor-widget-wrap elementor-element-populated\">\n\t\t\t\t\t\t<div class=\"elementor-element elementor-element-40aaf160 elementor-widget elementor-widget-image\" data-id=\"40aaf160\" data-element_type=\"widget\" data-e-type=\"widget\" data-widget_type=\"image.default\">\n\t\t\t\t<div class=\"elementor-widget-container\">\n\t\t\t\t\t\t\t\t\t\t\t\t\t\t\t\t<a href=\"https:\/\/alaska-france.fr\/v2\/contact\/\">\n\t\t\t\t\t\t\t<img loading=\"lazy\" decoding=\"async\" width=\"1494\" height=\"256\" src=\"https:\/\/alaska-france.fr\/boutique\/wp-content\/uploads\/2025\/10\/recevoir-brochure.jpg\" class=\"attachment-full size-full wp-image-8331\" alt=\"\" srcset=\"https:\/\/alaska-france.fr\/boutique\/wp-content\/uploads\/2025\/10\/recevoir-brochure.jpg 1494w, https:\/\/alaska-france.fr\/boutique\/wp-content\/uploads\/2025\/10\/recevoir-brochure-300x51.jpg 300w, https:\/\/alaska-france.fr\/boutique\/wp-content\/uploads\/2025\/10\/recevoir-brochure-1024x175.jpg 1024w, https:\/\/alaska-france.fr\/boutique\/wp-content\/uploads\/2025\/10\/recevoir-brochure-768x132.jpg 768w, https:\/\/alaska-france.fr\/boutique\/wp-content\/uploads\/2025\/10\/recevoir-brochure-600x103.jpg 600w\" sizes=\"(max-width: 1494px) 100vw, 1494px\" \/>\t\t\t\t\t\t\t\t<\/a>\n\t\t\t\t\t\t\t\t\t\t\t\t\t\t\t<\/div>\n\t\t\t\t<\/div>\n\t\t\t\t\t<\/div>\n\t\t<\/div>\n\t\t\t\t\t<\/div>\n\t\t<\/section>\n\t\t\t\t<section class=\"elementor-section elementor-top-section elementor-element elementor-element-695318bf elementor-section-boxed elementor-section-height-default elementor-section-height-default\" data-id=\"695318bf\" data-element_type=\"section\" data-e-type=\"section\">\n\t\t\t\t\t\t<div class=\"elementor-container elementor-column-gap-default\">\n\t\t\t\t\t<div class=\"elementor-column elementor-col-100 elementor-top-column elementor-element elementor-element-43bdfd96\" data-id=\"43bdfd96\" data-element_type=\"column\" data-e-type=\"column\">\n\t\t\t<div class=\"elementor-widget-wrap elementor-element-populated\">\n\t\t\t\t\t\t<div class=\"elementor-element elementor-element-36cb5d7 elementor-hidden-tablet elementor-hidden-mobile elementor-widget elementor-widget-accordion\" data-id=\"36cb5d7\" data-element_type=\"widget\" data-e-type=\"widget\" data-widget_type=\"accordion.default\">\n\t\t\t\t<div class=\"elementor-widget-container\">\n\t\t\t\t\t\t\t<div class=\"elementor-accordion\">\n\t\t\t\t\t\t\t<div class=\"elementor-accordion-item\">\n\t\t\t\t\t<div id=\"elementor-tab-title-5741\" class=\"elementor-tab-title\" data-tab=\"1\" role=\"button\" aria-controls=\"elementor-tab-content-5741\" aria-expanded=\"false\">\n\t\t\t\t\t\t\t\t\t\t\t\t<a class=\"elementor-accordion-title\" tabindex=\"0\"><\/a>\n\t\t\t\t\t<\/div>\n\t\t\t\t\t<div id=\"elementor-tab-content-5741\" class=\"elementor-tab-content elementor-clearfix\" data-tab=\"1\" role=\"region\" aria-labelledby=\"elementor-tab-title-5741\"><\/div>\n\t\t\t\t<\/div>\n\t\t\t\t\t\t\t<div class=\"elementor-accordion-item\">\n\t\t\t\t\t<div id=\"elementor-tab-title-5742\" class=\"elementor-tab-title\" data-tab=\"2\" role=\"button\" aria-controls=\"elementor-tab-content-5742\" aria-expanded=\"false\">\n\t\t\t\t\t\t\t\t\t\t\t\t<a class=\"elementor-accordion-title\" tabindex=\"0\">En savoir plus <\/a>\n\t\t\t\t\t<\/div>\n\t\t\t\t\t<div id=\"elementor-tab-content-5742\" class=\"elementor-tab-content elementor-clearfix\" data-tab=\"2\" role=\"region\" aria-labelledby=\"elementor-tab-title-5742\"><h2>ALASKA : Am\u00e9nagements int\u00e9rieurs pour v\u00e9hicules utilitaires en contreplaqu\u00e9 okoum\u00e9<\/h2><h3>Des am\u00e9nagements int\u00e9rieurs en contreplaqu\u00e9 okoum\u00e9 r\u00e9sistant et durable<\/h3><p>ALASKA est une entreprise sp\u00e9cialis\u00e9e dans la fabrication d&rsquo;am\u00e9nagements int\u00e9rieurs pour les v\u00e9hicules utilitaires en utilisant du contreplaqu\u00e9 okoum\u00e9. Ce bois exotique est connu pour sa r\u00e9sistance et sa durabilit\u00e9, ce qui en fait un mat\u00e9riau de choix pour les v\u00e9hicules utilitaires. La gamme PRO d&rsquo;ALASKA propose des meubles optimis\u00e9s pour chaque mod\u00e8le de v\u00e9hicule utilitaire avec diff\u00e9rentes configurations de casiers et packs possibles, ainsi que des options sur-mesure.<\/p><h3>Une gamme PRO compl\u00e8te pour r\u00e9pondre \u00e0 tous les besoins<\/h3><p>La gamme PRO d&rsquo;ALASKA est disponible en contreplaqu\u00e9 okoum\u00e9 ou en contreplaqu\u00e9 film\u00e9 et comprend un pack de protection des parois pour \u00e9viter d&rsquo;endommager le v\u00e9hicule utilitaire. Tous les kits d&rsquo;am\u00e9nagement comprennent un plancher brut ou antid\u00e9rapant avec des barres de seuils en aluminium antid\u00e9rapant au niveau de la porte lat\u00e9rale et des portes arri\u00e8re pour \u00e9viter d&rsquo;endommager les planchers lors des mont\u00e9es et descentes successives. Les clients peuvent demander des am\u00e9nagements sp\u00e9cifiques pour leur v\u00e9hicule utilitaire, y compris des meubles en bois, en m\u00e9lamin\u00e9 de couleur ou en aluminium, en envoyant leurs plans par e-mail ou fax \u00e0 ALASKA.<\/p><h3>Un service client disponible pour conseiller les clients dans leur choix<\/h3><p>Le service commercial d&rsquo;ALASKA est disponible de 8h \u00e0 18h30 pour conseiller les clients dans le choix de leurs meubles en bois pour leur v\u00e9hicule utilitaire. Que ce soit pour un am\u00e9nagement standard ou sur-mesure, l&rsquo;\u00e9quipe d&rsquo;ALASKA est \u00e0 l&rsquo;\u00e9coute des besoins de chaque client pour leur offrir un produit qui r\u00e9pondra parfaitement \u00e0 leurs attentes.<\/p><\/div>\n\t\t\t\t<\/div>\n\t\t\t\t\t\t\t\t<\/div>\n\t\t\t\t\t\t<\/div>\n\t\t\t\t<\/div>\n\t\t\t\t\t<\/div>\n\t\t<\/div>\n\t\t\t\t\t<\/div>\n\t\t<\/section>\n\t\t\t\t<\/div>\n\t\t","protected":false},"excerpt":{"rendered":"<p>Am\u00e9nagements bois pour FOURGONNETTE L2 avec PL En savoir plus ALASKA : Am\u00e9nagements int\u00e9rieurs pour v\u00e9hicules utilitaires en contreplaqu\u00e9 okoum\u00e9 Des am\u00e9nagements int\u00e9rieurs en contreplaqu\u00e9 okoum\u00e9 r\u00e9sistant et durable ALASKA est une entreprise sp\u00e9cialis\u00e9e dans&hellip;<\/p>\n","protected":false},"author":1,"featured_media":0,"parent":0,"menu_order":0,"comment_status":"closed","ping_status":"closed","template":"template-parts\/template-page-builders.php","meta":{"footnotes":""},"class_list":["post-8513","page","type-page","status-publish","hentry"],"_links":{"self":[{"href":"https:\/\/alaska-france.fr\/boutique\/wp-json\/wp\/v2\/pages\/8513","targetHints":{"allow":["GET"]}}],"collection":[{"href":"https:\/\/alaska-france.fr\/boutique\/wp-json\/wp\/v2\/pages"}],"about":[{"href":"https:\/\/alaska-france.fr\/boutique\/wp-json\/wp\/v2\/types\/page"}],"author":[{"embeddable":true,"href":"https:\/\/alaska-france.fr\/boutique\/wp-json\/wp\/v2\/users\/1"}],"replies":[{"embeddable":true,"href":"https:\/\/alaska-france.fr\/boutique\/wp-json\/wp\/v2\/comments?post=8513"}],"version-history":[{"count":19,"href":"https:\/\/alaska-france.fr\/boutique\/wp-json\/wp\/v2\/pages\/8513\/revisions"}],"predecessor-version":[{"id":8595,"href":"https:\/\/alaska-france.fr\/boutique\/wp-json\/wp\/v2\/pages\/8513\/revisions\/8595"}],"wp:attachment":[{"href":"https:\/\/alaska-france.fr\/boutique\/wp-json\/wp\/v2\/media?parent=8513"}],"curies":[{"name":"wp","href":"https:\/\/api.w.org\/{rel}","templated":true}]}}