

{"id":8430,"date":"2025-10-03T11:56:31","date_gmt":"2025-10-03T09:56:31","guid":{"rendered":"https:\/\/alaska-france.fr\/boutique\/?page_id=8430"},"modified":"2025-10-03T12:25:29","modified_gmt":"2025-10-03T10:25:29","slug":"amenagements-bois-pour-fourgonnette-l1-sans-pl-2","status":"publish","type":"page","link":"https:\/\/alaska-france.fr\/boutique\/amenagements-bois-pour-fourgonnette-l1-sans-pl-2\/","title":{"rendered":"amenagements-bois-pour-fourgonnette-l1-sans-pl-2"},"content":{"rendered":"\t\t<div data-elementor-type=\"wp-page\" data-elementor-id=\"8430\" class=\"elementor elementor-8430\">\n\t\t\t\t\t\t<section class=\"elementor-section elementor-top-section elementor-element elementor-element-7cc2ae06 elementor-section-boxed elementor-section-height-default elementor-section-height-default\" data-id=\"7cc2ae06\" data-element_type=\"section\" data-e-type=\"section\">\n\t\t\t\t\t\t<div class=\"elementor-container elementor-column-gap-default\">\n\t\t\t\t\t<div class=\"elementor-column elementor-col-100 elementor-top-column elementor-element elementor-element-d46ceae\" data-id=\"d46ceae\" data-element_type=\"column\" data-e-type=\"column\">\n\t\t\t<div class=\"elementor-widget-wrap elementor-element-populated\">\n\t\t\t\t\t\t<div class=\"elementor-element elementor-element-3f6c836 elementor-widget-divider--view-line_text elementor-widget-divider--element-align-center elementor-widget elementor-widget-divider\" data-id=\"3f6c836\" data-element_type=\"widget\" data-e-type=\"widget\" data-widget_type=\"divider.default\">\n\t\t\t\t<div class=\"elementor-widget-container\">\n\t\t\t\t\t\t\t<div class=\"elementor-divider\">\n\t\t\t<span class=\"elementor-divider-separator\">\n\t\t\t\t\t\t\t<span class=\"elementor-divider__text elementor-divider__element\">\n\t\t\t\tAm\u00e9nagements bois pour FOURGONNETTE L1 sans PL\t\t\t\t<\/span>\n\t\t\t\t\t\t<\/span>\n\t\t<\/div>\n\t\t\t\t\t\t<\/div>\n\t\t\t\t<\/div>\n\t\t\t\t\t<\/div>\n\t\t<\/div>\n\t\t\t\t\t<\/div>\n\t\t<\/section>\n\t\t\t\t<section class=\"elementor-section elementor-top-section elementor-element elementor-element-293b0c78 elementor-section-boxed elementor-section-height-default elementor-section-height-default\" data-id=\"293b0c78\" data-element_type=\"section\" data-e-type=\"section\">\n\t\t\t\t\t\t<div class=\"elementor-container elementor-column-gap-default\">\n\t\t\t\t\t<div class=\"elementor-column elementor-col-100 elementor-top-column elementor-element elementor-element-53b362fe\" data-id=\"53b362fe\" data-element_type=\"column\" data-e-type=\"column\">\n\t\t\t<div class=\"elementor-widget-wrap elementor-element-populated\">\n\t\t\t\t\t\t<div class=\"elementor-element elementor-element-19e2fb67 elementor-widget elementor-widget-image\" data-id=\"19e2fb67\" data-element_type=\"widget\" data-e-type=\"widget\" data-widget_type=\"image.default\">\n\t\t\t\t<div class=\"elementor-widget-container\">\n\t\t\t\t\t\t\t\t\t\t\t\t\t\t\t<img fetchpriority=\"high\" decoding=\"async\" width=\"1597\" height=\"124\" src=\"https:\/\/alaska-france.fr\/boutique\/wp-content\/uploads\/2025\/10\/imgpro1.jpg\" class=\"attachment-full size-full wp-image-8326\" alt=\"\" srcset=\"https:\/\/alaska-france.fr\/boutique\/wp-content\/uploads\/2025\/10\/imgpro1.jpg 1597w, https:\/\/alaska-france.fr\/boutique\/wp-content\/uploads\/2025\/10\/imgpro1-300x23.jpg 300w, https:\/\/alaska-france.fr\/boutique\/wp-content\/uploads\/2025\/10\/imgpro1-1024x80.jpg 1024w, https:\/\/alaska-france.fr\/boutique\/wp-content\/uploads\/2025\/10\/imgpro1-768x60.jpg 768w, https:\/\/alaska-france.fr\/boutique\/wp-content\/uploads\/2025\/10\/imgpro1-1536x119.jpg 1536w, https:\/\/alaska-france.fr\/boutique\/wp-content\/uploads\/2025\/10\/imgpro1-600x47.jpg 600w\" sizes=\"(max-width: 1597px) 100vw, 1597px\" \/>\t\t\t\t\t\t\t\t\t\t\t\t\t\t\t<\/div>\n\t\t\t\t<\/div>\n\t\t\t\t\t<\/div>\n\t\t<\/div>\n\t\t\t\t\t<\/div>\n\t\t<\/section>\n\t\t\t\t<section class=\"elementor-section elementor-top-section elementor-element elementor-element-50656a91 elementor-section-boxed elementor-section-height-default elementor-section-height-default\" data-id=\"50656a91\" data-element_type=\"section\" data-e-type=\"section\">\n\t\t\t\t\t\t<div class=\"elementor-container elementor-column-gap-default\">\n\t\t\t\t\t<div class=\"elementor-column elementor-col-50 elementor-top-column elementor-element elementor-element-60e804d9\" data-id=\"60e804d9\" data-element_type=\"column\" data-e-type=\"column\">\n\t\t\t<div class=\"elementor-widget-wrap elementor-element-populated\">\n\t\t\t\t\t\t<div class=\"elementor-element elementor-element-6c0e6014 elementor-widget elementor-widget-image\" data-id=\"6c0e6014\" data-element_type=\"widget\" data-e-type=\"widget\" data-widget_type=\"image.default\">\n\t\t\t\t<div class=\"elementor-widget-container\">\n\t\t\t\t\t\t\t\t\t\t\t\t\t\t\t\t<a href=\"https:\/\/alaska-france.fr\/boutique\/equipements-pour-fourgonnette-l1-sans-pl\/\">\n\t\t\t\t\t\t\t<img decoding=\"async\" width=\"558\" height=\"1024\" src=\"https:\/\/alaska-france.fr\/boutique\/wp-content\/uploads\/2025\/10\/pack2-558x1024.jpg\" class=\"attachment-large size-large wp-image-8327\" alt=\"\" srcset=\"https:\/\/alaska-france.fr\/boutique\/wp-content\/uploads\/2025\/10\/pack2-558x1024.jpg 558w, https:\/\/alaska-france.fr\/boutique\/wp-content\/uploads\/2025\/10\/pack2-164x300.jpg 164w, https:\/\/alaska-france.fr\/boutique\/wp-content\/uploads\/2025\/10\/pack2-600x1101.jpg 600w, https:\/\/alaska-france.fr\/boutique\/wp-content\/uploads\/2025\/10\/pack2.jpg 755w\" sizes=\"(max-width: 558px) 100vw, 558px\" \/>\t\t\t\t\t\t\t\t<\/a>\n\t\t\t\t\t\t\t\t\t\t\t\t\t\t\t<\/div>\n\t\t\t\t<\/div>\n\t\t\t\t\t<\/div>\n\t\t<\/div>\n\t\t\t\t<div class=\"elementor-column elementor-col-50 elementor-top-column elementor-element elementor-element-978f890\" data-id=\"978f890\" data-element_type=\"column\" data-e-type=\"column\">\n\t\t\t<div class=\"elementor-widget-wrap elementor-element-populated\">\n\t\t\t\t\t\t<div class=\"elementor-element elementor-element-3b562317 elementor-widget elementor-widget-image\" data-id=\"3b562317\" data-element_type=\"widget\" data-e-type=\"widget\" data-widget_type=\"image.default\">\n\t\t\t\t<div class=\"elementor-widget-container\">\n\t\t\t\t\t\t\t\t\t\t\t\t\t\t\t\t<a href=\"https:\/\/alaska-france.fr\/boutique\/equipements-pour-fourgonnette-l1-sans-pl-2\/\">\n\t\t\t\t\t\t\t<img decoding=\"async\" width=\"557\" height=\"1024\" src=\"https:\/\/alaska-france.fr\/boutique\/wp-content\/uploads\/2025\/10\/carte-3-557x1024.jpg\" class=\"attachment-large size-large wp-image-8427\" alt=\"\" srcset=\"https:\/\/alaska-france.fr\/boutique\/wp-content\/uploads\/2025\/10\/carte-3-557x1024.jpg 557w, https:\/\/alaska-france.fr\/boutique\/wp-content\/uploads\/2025\/10\/carte-3-163x300.jpg 163w, https:\/\/alaska-france.fr\/boutique\/wp-content\/uploads\/2025\/10\/carte-3-600x1104.jpg 600w, https:\/\/alaska-france.fr\/boutique\/wp-content\/uploads\/2025\/10\/carte-3.jpg 753w\" sizes=\"(max-width: 557px) 100vw, 557px\" \/>\t\t\t\t\t\t\t\t<\/a>\n\t\t\t\t\t\t\t\t\t\t\t\t\t\t\t<\/div>\n\t\t\t\t<\/div>\n\t\t\t\t\t<\/div>\n\t\t<\/div>\n\t\t\t\t\t<\/div>\n\t\t<\/section>\n\t\t\t\t<section class=\"elementor-section elementor-top-section elementor-element elementor-element-431b5019 elementor-section-boxed elementor-section-height-default elementor-section-height-default\" data-id=\"431b5019\" data-element_type=\"section\" data-e-type=\"section\">\n\t\t\t\t\t\t<div class=\"elementor-container elementor-column-gap-default\">\n\t\t\t\t\t<div class=\"elementor-column elementor-col-100 elementor-top-column elementor-element elementor-element-1f94655b\" data-id=\"1f94655b\" data-element_type=\"column\" data-e-type=\"column\">\n\t\t\t<div class=\"elementor-widget-wrap elementor-element-populated\">\n\t\t\t\t\t\t<div class=\"elementor-element elementor-element-51dfefbe elementor-widget elementor-widget-image\" data-id=\"51dfefbe\" data-element_type=\"widget\" data-e-type=\"widget\" data-widget_type=\"image.default\">\n\t\t\t\t<div class=\"elementor-widget-container\">\n\t\t\t\t\t\t\t\t\t\t\t\t\t\t\t\t<a href=\"https:\/\/alaska-france.fr\/boutique\/packs-habillage-et-protection-bois-fourgonnette\/\">\n\t\t\t\t\t\t\t<img loading=\"lazy\" decoding=\"async\" width=\"1602\" height=\"436\" src=\"https:\/\/alaska-france.fr\/boutique\/wp-content\/uploads\/2025\/10\/ppp.jpg\" class=\"attachment-full size-full wp-image-8329\" alt=\"\" srcset=\"https:\/\/alaska-france.fr\/boutique\/wp-content\/uploads\/2025\/10\/ppp.jpg 1602w, https:\/\/alaska-france.fr\/boutique\/wp-content\/uploads\/2025\/10\/ppp-300x82.jpg 300w, https:\/\/alaska-france.fr\/boutique\/wp-content\/uploads\/2025\/10\/ppp-1024x279.jpg 1024w, https:\/\/alaska-france.fr\/boutique\/wp-content\/uploads\/2025\/10\/ppp-768x209.jpg 768w, https:\/\/alaska-france.fr\/boutique\/wp-content\/uploads\/2025\/10\/ppp-1536x418.jpg 1536w, https:\/\/alaska-france.fr\/boutique\/wp-content\/uploads\/2025\/10\/ppp-600x163.jpg 600w\" sizes=\"(max-width: 1602px) 100vw, 1602px\" \/>\t\t\t\t\t\t\t\t<\/a>\n\t\t\t\t\t\t\t\t\t\t\t\t\t\t\t<\/div>\n\t\t\t\t<\/div>\n\t\t\t\t\t<\/div>\n\t\t<\/div>\n\t\t\t\t\t<\/div>\n\t\t<\/section>\n\t\t\t\t<section class=\"elementor-section elementor-top-section elementor-element elementor-element-2dc9dd1d elementor-section-boxed elementor-section-height-default elementor-section-height-default\" data-id=\"2dc9dd1d\" data-element_type=\"section\" data-e-type=\"section\">\n\t\t\t\t\t\t<div class=\"elementor-container elementor-column-gap-default\">\n\t\t\t\t\t<div class=\"elementor-column elementor-col-100 elementor-top-column elementor-element elementor-element-10cd6421\" data-id=\"10cd6421\" data-element_type=\"column\" data-e-type=\"column\">\n\t\t\t<div class=\"elementor-widget-wrap elementor-element-populated\">\n\t\t\t\t\t\t<div class=\"elementor-element elementor-element-6e9ad09a elementor-widget elementor-widget-image\" data-id=\"6e9ad09a\" data-element_type=\"widget\" data-e-type=\"widget\" data-widget_type=\"image.default\">\n\t\t\t\t<div class=\"elementor-widget-container\">\n\t\t\t\t\t\t\t\t\t\t\t\t\t\t\t<img loading=\"lazy\" decoding=\"async\" width=\"1596\" height=\"376\" src=\"https:\/\/alaska-france.fr\/boutique\/wp-content\/uploads\/2025\/10\/fabricant4.jpg\" class=\"attachment-full size-full wp-image-8330\" alt=\"\" srcset=\"https:\/\/alaska-france.fr\/boutique\/wp-content\/uploads\/2025\/10\/fabricant4.jpg 1596w, https:\/\/alaska-france.fr\/boutique\/wp-content\/uploads\/2025\/10\/fabricant4-300x71.jpg 300w, https:\/\/alaska-france.fr\/boutique\/wp-content\/uploads\/2025\/10\/fabricant4-1024x241.jpg 1024w, https:\/\/alaska-france.fr\/boutique\/wp-content\/uploads\/2025\/10\/fabricant4-768x181.jpg 768w, https:\/\/alaska-france.fr\/boutique\/wp-content\/uploads\/2025\/10\/fabricant4-1536x362.jpg 1536w, https:\/\/alaska-france.fr\/boutique\/wp-content\/uploads\/2025\/10\/fabricant4-600x141.jpg 600w\" sizes=\"(max-width: 1596px) 100vw, 1596px\" \/>\t\t\t\t\t\t\t\t\t\t\t\t\t\t\t<\/div>\n\t\t\t\t<\/div>\n\t\t\t\t\t<\/div>\n\t\t<\/div>\n\t\t\t\t\t<\/div>\n\t\t<\/section>\n\t\t\t\t<section class=\"elementor-section elementor-top-section elementor-element elementor-element-214df6c1 elementor-section-boxed elementor-section-height-default elementor-section-height-default\" data-id=\"214df6c1\" data-element_type=\"section\" data-e-type=\"section\">\n\t\t\t\t\t\t<div class=\"elementor-container elementor-column-gap-default\">\n\t\t\t\t\t<div class=\"elementor-column elementor-col-100 elementor-top-column elementor-element elementor-element-219dd6d2\" data-id=\"219dd6d2\" data-element_type=\"column\" data-e-type=\"column\">\n\t\t\t<div class=\"elementor-widget-wrap elementor-element-populated\">\n\t\t\t\t\t\t<div class=\"elementor-element elementor-element-43988ec7 elementor-widget elementor-widget-image\" data-id=\"43988ec7\" data-element_type=\"widget\" data-e-type=\"widget\" data-widget_type=\"image.default\">\n\t\t\t\t<div class=\"elementor-widget-container\">\n\t\t\t\t\t\t\t\t\t\t\t\t\t\t\t\t<a href=\"https:\/\/alaska-france.fr\/v2\/contact\/\">\n\t\t\t\t\t\t\t<img loading=\"lazy\" decoding=\"async\" width=\"1494\" height=\"256\" src=\"https:\/\/alaska-france.fr\/boutique\/wp-content\/uploads\/2025\/10\/recevoir-brochure.jpg\" class=\"attachment-full size-full wp-image-8331\" alt=\"\" srcset=\"https:\/\/alaska-france.fr\/boutique\/wp-content\/uploads\/2025\/10\/recevoir-brochure.jpg 1494w, https:\/\/alaska-france.fr\/boutique\/wp-content\/uploads\/2025\/10\/recevoir-brochure-300x51.jpg 300w, https:\/\/alaska-france.fr\/boutique\/wp-content\/uploads\/2025\/10\/recevoir-brochure-1024x175.jpg 1024w, https:\/\/alaska-france.fr\/boutique\/wp-content\/uploads\/2025\/10\/recevoir-brochure-768x132.jpg 768w, https:\/\/alaska-france.fr\/boutique\/wp-content\/uploads\/2025\/10\/recevoir-brochure-600x103.jpg 600w\" sizes=\"(max-width: 1494px) 100vw, 1494px\" \/>\t\t\t\t\t\t\t\t<\/a>\n\t\t\t\t\t\t\t\t\t\t\t\t\t\t\t<\/div>\n\t\t\t\t<\/div>\n\t\t\t\t\t<\/div>\n\t\t<\/div>\n\t\t\t\t\t<\/div>\n\t\t<\/section>\n\t\t\t\t<section class=\"elementor-section elementor-top-section elementor-element elementor-element-295e93e2 elementor-section-boxed elementor-section-height-default elementor-section-height-default\" data-id=\"295e93e2\" data-element_type=\"section\" data-e-type=\"section\">\n\t\t\t\t\t\t<div class=\"elementor-container elementor-column-gap-default\">\n\t\t\t\t\t<div class=\"elementor-column elementor-col-100 elementor-top-column elementor-element elementor-element-214c8bf0\" data-id=\"214c8bf0\" data-element_type=\"column\" data-e-type=\"column\">\n\t\t\t<div class=\"elementor-widget-wrap elementor-element-populated\">\n\t\t\t\t\t\t<div class=\"elementor-element elementor-element-6d7c0ecb elementor-hidden-tablet elementor-hidden-mobile elementor-widget elementor-widget-accordion\" data-id=\"6d7c0ecb\" data-element_type=\"widget\" data-e-type=\"widget\" data-widget_type=\"accordion.default\">\n\t\t\t\t<div class=\"elementor-widget-container\">\n\t\t\t\t\t\t\t<div class=\"elementor-accordion\">\n\t\t\t\t\t\t\t<div class=\"elementor-accordion-item\">\n\t\t\t\t\t<div id=\"elementor-tab-title-1831\" class=\"elementor-tab-title\" data-tab=\"1\" role=\"button\" aria-controls=\"elementor-tab-content-1831\" aria-expanded=\"false\">\n\t\t\t\t\t\t\t\t\t\t\t\t<a class=\"elementor-accordion-title\" tabindex=\"0\"><\/a>\n\t\t\t\t\t<\/div>\n\t\t\t\t\t<div id=\"elementor-tab-content-1831\" class=\"elementor-tab-content elementor-clearfix\" data-tab=\"1\" role=\"region\" aria-labelledby=\"elementor-tab-title-1831\"><\/div>\n\t\t\t\t<\/div>\n\t\t\t\t\t\t\t<div class=\"elementor-accordion-item\">\n\t\t\t\t\t<div id=\"elementor-tab-title-1832\" class=\"elementor-tab-title\" data-tab=\"2\" role=\"button\" aria-controls=\"elementor-tab-content-1832\" aria-expanded=\"false\">\n\t\t\t\t\t\t\t\t\t\t\t\t<a class=\"elementor-accordion-title\" tabindex=\"0\">En savoir plus <\/a>\n\t\t\t\t\t<\/div>\n\t\t\t\t\t<div id=\"elementor-tab-content-1832\" class=\"elementor-tab-content elementor-clearfix\" data-tab=\"2\" role=\"region\" aria-labelledby=\"elementor-tab-title-1832\"><h2>Am\u00e9nagements int\u00e9rieurs en contreplaqu\u00e9 okoum\u00e9 pour v\u00e9hicules utilitaires chez ALASKA<\/h2><p>ALASKA est une entreprise sp\u00e9cialis\u00e9e dans les am\u00e9nagements int\u00e9rieurs pour les v\u00e9hicules utilitaires depuis plus de 16 ans. Utilisant du contreplaqu\u00e9 okoum\u00e9, un bois exotique r\u00e9sistant et dur en surface, ALASKA propose une gamme PRO de meubles optimis\u00e9s pour chaque mod\u00e8le de v\u00e9hicule, avec diff\u00e9rentes configurations de casiers et packs possibles, ainsi que des options sur-mesure.<\/p><h3>Des kits d&rsquo;am\u00e9nagement sur mesure pour v\u00e9hicules utilitaires<\/h3><p>Tous les kits d&rsquo;am\u00e9nagement propos\u00e9s par ALASKA comprennent un plancher brut ou antid\u00e9rapant avec des barres de seuils en aluminium antid\u00e9rapant pour prot\u00e9ger les planchers lors des mont\u00e9es et descentes successives. La gamme PRO est disponible en contreplaqu\u00e9 okoum\u00e9 ou en contreplaqu\u00e9 film\u00e9 et comprend un pack de protection des parois pour \u00e9viter d&rsquo;endommager le v\u00e9hicule utilitaire.<\/p><p>Les clients peuvent \u00e9galement demander des am\u00e9nagements sp\u00e9cifiques pour leur v\u00e9hicule utilitaire, en envoyant leurs plans par e-mail ou fax \u00e0 ALASKA. La soci\u00e9t\u00e9 offre un service sur mesure pour r\u00e9pondre aux besoins de chaque client, avec la possibilit\u00e9 de choisir des meubles en bois, en m\u00e9lamin\u00e9 de couleur ou en aluminium.<\/p><h3>Service commercial disponible pour conseiller les clients<\/h3><p>Le service commercial d&rsquo;ALASKA est disponible de 8h \u00e0 18h30 pour conseiller les clients dans le choix de leurs meubles en bois pour leur v\u00e9hicule utilitaire. Les experts d&rsquo;ALASKA sont en mesure de proposer des solutions d&rsquo;am\u00e9nagement pour optimiser l&rsquo;espace de rangement et la fonctionnalit\u00e9 des v\u00e9hicules utilitaires.<\/p><h4>Conclusion<\/h4><p>ALASKA est une entreprise de r\u00e9f\u00e9rence dans le domaine des am\u00e9nagements int\u00e9rieurs pour les v\u00e9hicules utilitaires en contreplaqu\u00e9 okoum\u00e9. La gamme PRO offre une solution sur mesure pour r\u00e9pondre aux besoins de chaque client, avec une grande vari\u00e9t\u00e9 de configurations de casiers et packs possibles, ainsi que des options sur-mesure.<\/p><\/div>\n\t\t\t\t<\/div>\n\t\t\t\t\t\t\t\t<\/div>\n\t\t\t\t\t\t<\/div>\n\t\t\t\t<\/div>\n\t\t\t\t\t<\/div>\n\t\t<\/div>\n\t\t\t\t\t<\/div>\n\t\t<\/section>\n\t\t\t\t<\/div>\n\t\t","protected":false},"excerpt":{"rendered":"<p>Am\u00e9nagements bois pour FOURGONNETTE L1 sans PL En savoir plus Am\u00e9nagements int\u00e9rieurs en contreplaqu\u00e9 okoum\u00e9 pour v\u00e9hicules utilitaires chez ALASKA ALASKA est une entreprise sp\u00e9cialis\u00e9e dans les am\u00e9nagements int\u00e9rieurs pour les v\u00e9hicules utilitaires depuis plus&hellip;<\/p>\n","protected":false},"author":1,"featured_media":0,"parent":0,"menu_order":0,"comment_status":"closed","ping_status":"closed","template":"template-parts\/template-page-builders.php","meta":{"footnotes":""},"class_list":["post-8430","page","type-page","status-publish","hentry"],"_links":{"self":[{"href":"https:\/\/alaska-france.fr\/boutique\/wp-json\/wp\/v2\/pages\/8430","targetHints":{"allow":["GET"]}}],"collection":[{"href":"https:\/\/alaska-france.fr\/boutique\/wp-json\/wp\/v2\/pages"}],"about":[{"href":"https:\/\/alaska-france.fr\/boutique\/wp-json\/wp\/v2\/types\/page"}],"author":[{"embeddable":true,"href":"https:\/\/alaska-france.fr\/boutique\/wp-json\/wp\/v2\/users\/1"}],"replies":[{"embeddable":true,"href":"https:\/\/alaska-france.fr\/boutique\/wp-json\/wp\/v2\/comments?post=8430"}],"version-history":[{"count":7,"href":"https:\/\/alaska-france.fr\/boutique\/wp-json\/wp\/v2\/pages\/8430\/revisions"}],"predecessor-version":[{"id":8495,"href":"https:\/\/alaska-france.fr\/boutique\/wp-json\/wp\/v2\/pages\/8430\/revisions\/8495"}],"wp:attachment":[{"href":"https:\/\/alaska-france.fr\/boutique\/wp-json\/wp\/v2\/media?parent=8430"}],"curies":[{"name":"wp","href":"https:\/\/api.w.org\/{rel}","templated":true}]}}