

{"id":8318,"date":"2025-10-03T09:50:07","date_gmt":"2025-10-03T07:50:07","guid":{"rendered":"https:\/\/alaska-france.fr\/boutique\/?page_id=8318"},"modified":"2025-10-03T11:16:27","modified_gmt":"2025-10-03T09:16:27","slug":"amenagements-bois-pour-fourgonnette-l1-avec-pl","status":"publish","type":"page","link":"https:\/\/alaska-france.fr\/boutique\/amenagements-bois-pour-fourgonnette-l1-avec-pl\/","title":{"rendered":"amenagements-bois-pour-fourgonnette-l1-avec-pl\/"},"content":{"rendered":"\t\t<div data-elementor-type=\"wp-page\" data-elementor-id=\"8318\" class=\"elementor elementor-8318\">\n\t\t\t\t\t\t<section class=\"elementor-section elementor-top-section elementor-element elementor-element-5f22b117 elementor-section-boxed elementor-section-height-default elementor-section-height-default\" data-id=\"5f22b117\" data-element_type=\"section\" data-e-type=\"section\">\n\t\t\t\t\t\t<div class=\"elementor-container elementor-column-gap-default\">\n\t\t\t\t\t<div class=\"elementor-column elementor-col-100 elementor-top-column elementor-element elementor-element-67d69fd1\" data-id=\"67d69fd1\" data-element_type=\"column\" data-e-type=\"column\">\n\t\t\t<div class=\"elementor-widget-wrap elementor-element-populated\">\n\t\t\t\t\t\t<div class=\"elementor-element elementor-element-276d863b elementor-widget-divider--view-line_text elementor-widget-divider--element-align-center elementor-widget elementor-widget-divider\" data-id=\"276d863b\" data-element_type=\"widget\" data-e-type=\"widget\" data-widget_type=\"divider.default\">\n\t\t\t\t<div class=\"elementor-widget-container\">\n\t\t\t\t\t\t\t<div class=\"elementor-divider\">\n\t\t\t<span class=\"elementor-divider-separator\">\n\t\t\t\t\t\t\t<span class=\"elementor-divider__text elementor-divider__element\">\n\t\t\t\tAm\u00e9nagements bois pour FOURGONNETTE L1 avec PL\t\t\t\t<\/span>\n\t\t\t\t\t\t<\/span>\n\t\t<\/div>\n\t\t\t\t\t\t<\/div>\n\t\t\t\t<\/div>\n\t\t\t\t\t<\/div>\n\t\t<\/div>\n\t\t\t\t\t<\/div>\n\t\t<\/section>\n\t\t\t\t<section class=\"elementor-section elementor-top-section elementor-element elementor-element-2d9d957c elementor-section-boxed elementor-section-height-default elementor-section-height-default\" data-id=\"2d9d957c\" data-element_type=\"section\" data-e-type=\"section\">\n\t\t\t\t\t\t<div class=\"elementor-container elementor-column-gap-default\">\n\t\t\t\t\t<div class=\"elementor-column elementor-col-100 elementor-top-column elementor-element elementor-element-468e3158\" data-id=\"468e3158\" data-element_type=\"column\" data-e-type=\"column\">\n\t\t\t<div class=\"elementor-widget-wrap elementor-element-populated\">\n\t\t\t\t\t\t<div class=\"elementor-element elementor-element-7a049cc0 elementor-widget elementor-widget-image\" data-id=\"7a049cc0\" data-element_type=\"widget\" data-e-type=\"widget\" data-widget_type=\"image.default\">\n\t\t\t\t<div class=\"elementor-widget-container\">\n\t\t\t\t\t\t\t\t\t\t\t\t\t\t\t<img fetchpriority=\"high\" decoding=\"async\" width=\"1597\" height=\"124\" src=\"https:\/\/alaska-france.fr\/boutique\/wp-content\/uploads\/2025\/10\/imgpro1.jpg\" class=\"attachment-full size-full wp-image-8326\" alt=\"\" srcset=\"https:\/\/alaska-france.fr\/boutique\/wp-content\/uploads\/2025\/10\/imgpro1.jpg 1597w, https:\/\/alaska-france.fr\/boutique\/wp-content\/uploads\/2025\/10\/imgpro1-300x23.jpg 300w, https:\/\/alaska-france.fr\/boutique\/wp-content\/uploads\/2025\/10\/imgpro1-1024x80.jpg 1024w, https:\/\/alaska-france.fr\/boutique\/wp-content\/uploads\/2025\/10\/imgpro1-768x60.jpg 768w, https:\/\/alaska-france.fr\/boutique\/wp-content\/uploads\/2025\/10\/imgpro1-1536x119.jpg 1536w, https:\/\/alaska-france.fr\/boutique\/wp-content\/uploads\/2025\/10\/imgpro1-600x47.jpg 600w\" sizes=\"(max-width: 1597px) 100vw, 1597px\" \/>\t\t\t\t\t\t\t\t\t\t\t\t\t\t\t<\/div>\n\t\t\t\t<\/div>\n\t\t\t\t\t<\/div>\n\t\t<\/div>\n\t\t\t\t\t<\/div>\n\t\t<\/section>\n\t\t\t\t<section class=\"elementor-section elementor-top-section elementor-element elementor-element-7a9ac847 elementor-section-boxed elementor-section-height-default elementor-section-height-default\" data-id=\"7a9ac847\" data-element_type=\"section\" data-e-type=\"section\">\n\t\t\t\t\t\t<div class=\"elementor-container elementor-column-gap-default\">\n\t\t\t\t\t<div class=\"elementor-column elementor-col-50 elementor-top-column elementor-element elementor-element-786bc796\" data-id=\"786bc796\" data-element_type=\"column\" data-e-type=\"column\">\n\t\t\t<div class=\"elementor-widget-wrap elementor-element-populated\">\n\t\t\t\t\t\t<div class=\"elementor-element elementor-element-1aa7e4c elementor-widget elementor-widget-image\" data-id=\"1aa7e4c\" data-element_type=\"widget\" data-e-type=\"widget\" data-widget_type=\"image.default\">\n\t\t\t\t<div class=\"elementor-widget-container\">\n\t\t\t\t\t\t\t\t\t\t\t\t\t\t\t\t<a href=\"https:\/\/alaska-france.fr\/boutique\/equipements-pour-fourgonnette-l1-avec-pl\/\">\n\t\t\t\t\t\t\t<img decoding=\"async\" width=\"558\" height=\"1024\" src=\"https:\/\/alaska-france.fr\/boutique\/wp-content\/uploads\/2025\/10\/pack2-558x1024.jpg\" class=\"attachment-large size-large wp-image-8327\" alt=\"\" srcset=\"https:\/\/alaska-france.fr\/boutique\/wp-content\/uploads\/2025\/10\/pack2-558x1024.jpg 558w, https:\/\/alaska-france.fr\/boutique\/wp-content\/uploads\/2025\/10\/pack2-164x300.jpg 164w, https:\/\/alaska-france.fr\/boutique\/wp-content\/uploads\/2025\/10\/pack2-600x1101.jpg 600w, https:\/\/alaska-france.fr\/boutique\/wp-content\/uploads\/2025\/10\/pack2.jpg 755w\" sizes=\"(max-width: 558px) 100vw, 558px\" \/>\t\t\t\t\t\t\t\t<\/a>\n\t\t\t\t\t\t\t\t\t\t\t\t\t\t\t<\/div>\n\t\t\t\t<\/div>\n\t\t\t\t\t<\/div>\n\t\t<\/div>\n\t\t\t\t<div class=\"elementor-column elementor-col-50 elementor-top-column elementor-element elementor-element-348ef770\" data-id=\"348ef770\" data-element_type=\"column\" data-e-type=\"column\">\n\t\t\t<div class=\"elementor-widget-wrap elementor-element-populated\">\n\t\t\t\t\t\t<div class=\"elementor-element elementor-element-4716bb58 elementor-widget elementor-widget-image\" data-id=\"4716bb58\" data-element_type=\"widget\" data-e-type=\"widget\" data-widget_type=\"image.default\">\n\t\t\t\t<div class=\"elementor-widget-container\">\n\t\t\t\t\t\t\t\t\t\t\t\t\t\t\t\t<a href=\"https:\/\/alaska-france.fr\/boutique\/equipements-pour-fourgonnette-l1-avec-pl-2\/\">\n\t\t\t\t\t\t\t<img decoding=\"async\" width=\"557\" height=\"1024\" src=\"https:\/\/alaska-france.fr\/boutique\/wp-content\/uploads\/2025\/10\/carte-2-557x1024.jpg\" class=\"attachment-large size-large wp-image-8328\" alt=\"\" srcset=\"https:\/\/alaska-france.fr\/boutique\/wp-content\/uploads\/2025\/10\/carte-2-557x1024.jpg 557w, https:\/\/alaska-france.fr\/boutique\/wp-content\/uploads\/2025\/10\/carte-2-163x300.jpg 163w, https:\/\/alaska-france.fr\/boutique\/wp-content\/uploads\/2025\/10\/carte-2-600x1104.jpg 600w, https:\/\/alaska-france.fr\/boutique\/wp-content\/uploads\/2025\/10\/carte-2.jpg 753w\" sizes=\"(max-width: 557px) 100vw, 557px\" \/>\t\t\t\t\t\t\t\t<\/a>\n\t\t\t\t\t\t\t\t\t\t\t\t\t\t\t<\/div>\n\t\t\t\t<\/div>\n\t\t\t\t\t<\/div>\n\t\t<\/div>\n\t\t\t\t\t<\/div>\n\t\t<\/section>\n\t\t\t\t<section class=\"elementor-section elementor-top-section elementor-element elementor-element-7158731e elementor-section-boxed elementor-section-height-default elementor-section-height-default\" data-id=\"7158731e\" data-element_type=\"section\" data-e-type=\"section\">\n\t\t\t\t\t\t<div class=\"elementor-container elementor-column-gap-default\">\n\t\t\t\t\t<div class=\"elementor-column elementor-col-100 elementor-top-column elementor-element elementor-element-65c220a2\" data-id=\"65c220a2\" data-element_type=\"column\" data-e-type=\"column\">\n\t\t\t<div class=\"elementor-widget-wrap elementor-element-populated\">\n\t\t\t\t\t\t<div class=\"elementor-element elementor-element-57592cbe elementor-widget elementor-widget-image\" data-id=\"57592cbe\" data-element_type=\"widget\" data-e-type=\"widget\" data-widget_type=\"image.default\">\n\t\t\t\t<div class=\"elementor-widget-container\">\n\t\t\t\t\t\t\t\t\t\t\t\t\t\t\t\t<a href=\"https:\/\/alaska-france.fr\/boutique\/packs-habillage-et-protection-bois-fourgonnette\">\n\t\t\t\t\t\t\t<img loading=\"lazy\" decoding=\"async\" width=\"1602\" height=\"436\" src=\"https:\/\/alaska-france.fr\/boutique\/wp-content\/uploads\/2025\/10\/ppp.jpg\" class=\"attachment-full size-full wp-image-8329\" alt=\"\" srcset=\"https:\/\/alaska-france.fr\/boutique\/wp-content\/uploads\/2025\/10\/ppp.jpg 1602w, https:\/\/alaska-france.fr\/boutique\/wp-content\/uploads\/2025\/10\/ppp-300x82.jpg 300w, https:\/\/alaska-france.fr\/boutique\/wp-content\/uploads\/2025\/10\/ppp-1024x279.jpg 1024w, https:\/\/alaska-france.fr\/boutique\/wp-content\/uploads\/2025\/10\/ppp-768x209.jpg 768w, https:\/\/alaska-france.fr\/boutique\/wp-content\/uploads\/2025\/10\/ppp-1536x418.jpg 1536w, https:\/\/alaska-france.fr\/boutique\/wp-content\/uploads\/2025\/10\/ppp-600x163.jpg 600w\" sizes=\"(max-width: 1602px) 100vw, 1602px\" \/>\t\t\t\t\t\t\t\t<\/a>\n\t\t\t\t\t\t\t\t\t\t\t\t\t\t\t<\/div>\n\t\t\t\t<\/div>\n\t\t\t\t\t<\/div>\n\t\t<\/div>\n\t\t\t\t\t<\/div>\n\t\t<\/section>\n\t\t\t\t<section class=\"elementor-section elementor-top-section elementor-element elementor-element-7878bcd4 elementor-section-boxed elementor-section-height-default elementor-section-height-default\" data-id=\"7878bcd4\" data-element_type=\"section\" data-e-type=\"section\">\n\t\t\t\t\t\t<div class=\"elementor-container elementor-column-gap-default\">\n\t\t\t\t\t<div class=\"elementor-column elementor-col-100 elementor-top-column elementor-element elementor-element-5f3da0dd\" data-id=\"5f3da0dd\" data-element_type=\"column\" data-e-type=\"column\">\n\t\t\t<div class=\"elementor-widget-wrap elementor-element-populated\">\n\t\t\t\t\t\t<div class=\"elementor-element elementor-element-56fe81e7 elementor-widget elementor-widget-image\" data-id=\"56fe81e7\" data-element_type=\"widget\" data-e-type=\"widget\" data-widget_type=\"image.default\">\n\t\t\t\t<div class=\"elementor-widget-container\">\n\t\t\t\t\t\t\t\t\t\t\t\t\t\t\t<img loading=\"lazy\" decoding=\"async\" width=\"1596\" height=\"376\" src=\"https:\/\/alaska-france.fr\/boutique\/wp-content\/uploads\/2025\/10\/fabricant4.jpg\" class=\"attachment-full size-full wp-image-8330\" alt=\"\" srcset=\"https:\/\/alaska-france.fr\/boutique\/wp-content\/uploads\/2025\/10\/fabricant4.jpg 1596w, https:\/\/alaska-france.fr\/boutique\/wp-content\/uploads\/2025\/10\/fabricant4-300x71.jpg 300w, https:\/\/alaska-france.fr\/boutique\/wp-content\/uploads\/2025\/10\/fabricant4-1024x241.jpg 1024w, https:\/\/alaska-france.fr\/boutique\/wp-content\/uploads\/2025\/10\/fabricant4-768x181.jpg 768w, https:\/\/alaska-france.fr\/boutique\/wp-content\/uploads\/2025\/10\/fabricant4-1536x362.jpg 1536w, https:\/\/alaska-france.fr\/boutique\/wp-content\/uploads\/2025\/10\/fabricant4-600x141.jpg 600w\" sizes=\"(max-width: 1596px) 100vw, 1596px\" \/>\t\t\t\t\t\t\t\t\t\t\t\t\t\t\t<\/div>\n\t\t\t\t<\/div>\n\t\t\t\t\t<\/div>\n\t\t<\/div>\n\t\t\t\t\t<\/div>\n\t\t<\/section>\n\t\t\t\t<section class=\"elementor-section elementor-top-section elementor-element elementor-element-30133402 elementor-section-boxed elementor-section-height-default elementor-section-height-default\" data-id=\"30133402\" data-element_type=\"section\" data-e-type=\"section\">\n\t\t\t\t\t\t<div class=\"elementor-container elementor-column-gap-default\">\n\t\t\t\t\t<div class=\"elementor-column elementor-col-100 elementor-top-column elementor-element elementor-element-2669cfd8\" data-id=\"2669cfd8\" data-element_type=\"column\" data-e-type=\"column\">\n\t\t\t<div class=\"elementor-widget-wrap elementor-element-populated\">\n\t\t\t\t\t\t<div class=\"elementor-element elementor-element-7cdd7ce8 elementor-widget elementor-widget-image\" data-id=\"7cdd7ce8\" data-element_type=\"widget\" data-e-type=\"widget\" data-widget_type=\"image.default\">\n\t\t\t\t<div class=\"elementor-widget-container\">\n\t\t\t\t\t\t\t\t\t\t\t\t\t\t\t\t<a href=\"https:\/\/alaska-france.fr\/v2\/contact\/\">\n\t\t\t\t\t\t\t<img loading=\"lazy\" decoding=\"async\" width=\"1494\" height=\"256\" src=\"https:\/\/alaska-france.fr\/boutique\/wp-content\/uploads\/2025\/10\/recevoir-brochure.jpg\" class=\"attachment-full size-full wp-image-8331\" alt=\"\" srcset=\"https:\/\/alaska-france.fr\/boutique\/wp-content\/uploads\/2025\/10\/recevoir-brochure.jpg 1494w, https:\/\/alaska-france.fr\/boutique\/wp-content\/uploads\/2025\/10\/recevoir-brochure-300x51.jpg 300w, https:\/\/alaska-france.fr\/boutique\/wp-content\/uploads\/2025\/10\/recevoir-brochure-1024x175.jpg 1024w, https:\/\/alaska-france.fr\/boutique\/wp-content\/uploads\/2025\/10\/recevoir-brochure-768x132.jpg 768w, https:\/\/alaska-france.fr\/boutique\/wp-content\/uploads\/2025\/10\/recevoir-brochure-600x103.jpg 600w\" sizes=\"(max-width: 1494px) 100vw, 1494px\" \/>\t\t\t\t\t\t\t\t<\/a>\n\t\t\t\t\t\t\t\t\t\t\t\t\t\t\t<\/div>\n\t\t\t\t<\/div>\n\t\t\t\t\t<\/div>\n\t\t<\/div>\n\t\t\t\t\t<\/div>\n\t\t<\/section>\n\t\t\t\t<section class=\"elementor-section elementor-top-section elementor-element elementor-element-4ab14c11 elementor-section-boxed elementor-section-height-default elementor-section-height-default\" data-id=\"4ab14c11\" data-element_type=\"section\" data-e-type=\"section\">\n\t\t\t\t\t\t<div class=\"elementor-container elementor-column-gap-default\">\n\t\t\t\t\t<div class=\"elementor-column elementor-col-100 elementor-top-column elementor-element elementor-element-37eede52\" data-id=\"37eede52\" data-element_type=\"column\" data-e-type=\"column\">\n\t\t\t<div class=\"elementor-widget-wrap elementor-element-populated\">\n\t\t\t\t\t\t<div class=\"elementor-element elementor-element-49694087 elementor-hidden-tablet elementor-hidden-mobile elementor-widget elementor-widget-accordion\" data-id=\"49694087\" data-element_type=\"widget\" data-e-type=\"widget\" data-widget_type=\"accordion.default\">\n\t\t\t\t<div class=\"elementor-widget-container\">\n\t\t\t\t\t\t\t<div class=\"elementor-accordion\">\n\t\t\t\t\t\t\t<div class=\"elementor-accordion-item\">\n\t\t\t\t\t<div id=\"elementor-tab-title-1231\" class=\"elementor-tab-title\" data-tab=\"1\" role=\"button\" aria-controls=\"elementor-tab-content-1231\" aria-expanded=\"false\">\n\t\t\t\t\t\t\t\t\t\t\t\t<a class=\"elementor-accordion-title\" tabindex=\"0\"><\/a>\n\t\t\t\t\t<\/div>\n\t\t\t\t\t<div id=\"elementor-tab-content-1231\" class=\"elementor-tab-content elementor-clearfix\" data-tab=\"1\" role=\"region\" aria-labelledby=\"elementor-tab-title-1231\"><\/div>\n\t\t\t\t<\/div>\n\t\t\t\t\t\t\t<div class=\"elementor-accordion-item\">\n\t\t\t\t\t<div id=\"elementor-tab-title-1232\" class=\"elementor-tab-title\" data-tab=\"2\" role=\"button\" aria-controls=\"elementor-tab-content-1232\" aria-expanded=\"false\">\n\t\t\t\t\t\t\t\t\t\t\t\t<a class=\"elementor-accordion-title\" tabindex=\"0\">En savoir plus <\/a>\n\t\t\t\t\t<\/div>\n\t\t\t\t\t<div id=\"elementor-tab-content-1232\" class=\"elementor-tab-content elementor-clearfix\" data-tab=\"2\" role=\"region\" aria-labelledby=\"elementor-tab-title-1232\"><h2>Optimisez votre v\u00e9hicule utilitaire avec ALASKA Am\u00e9nagement<\/h2><p>ALASKA Am\u00e9nagement est une entreprise sp\u00e9cialis\u00e9e dans la fabrication d&rsquo;am\u00e9nagements int\u00e9rieurs pour les v\u00e9hicules utilitaires. Leurs solutions sont con\u00e7ues pour r\u00e9pondre aux besoins de chaque client en termes de rangement et de protection de leur v\u00e9hicule utilitaire. La soci\u00e9t\u00e9 utilise du contreplaqu\u00e9 okoum\u00e9, un bois exotique r\u00e9sistant et durable en surface, pour fabriquer leurs meubles.<\/p><h3>Des solutions de rangement sur mesure<\/h3><p>La gamme PRO d&rsquo;ALASKA Am\u00e9nagement propose des meubles optimis\u00e9s pour chaque mod\u00e8le de v\u00e9hicule utilitaire, avec diff\u00e9rentes configurations de casiers et packs possibles. Les clients peuvent \u00e9galement demander des am\u00e9nagements sp\u00e9cifiques en envoyant leurs plans par e-mail ou fax. Tous les kits d&rsquo;am\u00e9nagement comprennent un plancher brut ou antid\u00e9rapant avec des barres de seuils en aluminium antid\u00e9rapant pour prot\u00e9ger les planchers des dommages lors des mont\u00e9es et descentes successives.<\/p><h3>Des options sur mesure pour r\u00e9pondre \u00e0 tous les besoins<\/h3><p>Les clients peuvent choisir entre des meubles en contreplaqu\u00e9 okoum\u00e9 ou en contreplaqu\u00e9 film\u00e9, ainsi que des options sur mesure en bois, m\u00e9lamin\u00e9 de couleur ou en aluminium. La gamme PRO comprend \u00e9galement un pack de protection des parois pour \u00e9viter d&rsquo;endommager le v\u00e9hicule utilitaire. Les \u00e9quipes commerciales d&rsquo;ALASKA Am\u00e9nagement sont disponibles de 8h \u00e0 18h30 pour conseiller les clients dans le choix de leurs meubles en bois pour leur v\u00e9hicule utilitaire.<\/p><h4>En conclusion<\/h4><p>ALASKA Am\u00e9nagement est un choix id\u00e9al pour tous les professionnels qui cherchent \u00e0 optimiser leur v\u00e9hicule utilitaire. Leurs solutions sur mesure en contreplaqu\u00e9 okoum\u00e9 sont r\u00e9sistantes, durables et faciles \u00e0 installer. Avec leur \u00e9quipe commerciale disponible pour r\u00e9pondre \u00e0 toutes les questions, les clients peuvent \u00eatre s\u00fbrs de trouver les solutions de rangement parfaites pour leur v\u00e9hicule utilitaire<\/p><\/div>\n\t\t\t\t<\/div>\n\t\t\t\t\t\t\t\t\t\t<script type=\"application\/ld+json\">{\"@context\":\"https:\\\/\\\/schema.org\",\"@type\":\"FAQPage\",\"mainEntity\":[{\"@type\":\"Question\",\"name\":\"\",\"acceptedAnswer\":{\"@type\":\"Answer\",\"text\":\"\"}},{\"@type\":\"Question\",\"name\":\"En savoir plus\",\"acceptedAnswer\":{\"@type\":\"Answer\",\"text\":\"<h2>Optimisez votre v\\u00e9hicule utilitaire avec ALASKA Am\\u00e9nagement<\\\/h2><p>ALASKA Am\\u00e9nagement est une entreprise sp\\u00e9cialis\\u00e9e dans la fabrication d&rsquo;am\\u00e9nagements int\\u00e9rieurs pour les v\\u00e9hicules utilitaires. Leurs solutions sont con\\u00e7ues pour r\\u00e9pondre aux besoins de chaque client en termes de rangement et de protection de leur v\\u00e9hicule utilitaire. La soci\\u00e9t\\u00e9 utilise du contreplaqu\\u00e9 okoum\\u00e9, un bois exotique r\\u00e9sistant et durable en surface, pour fabriquer leurs meubles.<\\\/p><h3>Des solutions de rangement sur mesure<\\\/h3><p>La gamme PRO d&rsquo;ALASKA Am\\u00e9nagement propose des meubles optimis\\u00e9s pour chaque mod\\u00e8le de v\\u00e9hicule utilitaire, avec diff\\u00e9rentes configurations de casiers et packs possibles. Les clients peuvent \\u00e9galement demander des am\\u00e9nagements sp\\u00e9cifiques en envoyant leurs plans par e-mail ou fax. Tous les kits d&rsquo;am\\u00e9nagement comprennent un plancher brut ou antid\\u00e9rapant avec des barres de seuils en aluminium antid\\u00e9rapant pour prot\\u00e9ger les planchers des dommages lors des mont\\u00e9es et descentes successives.<\\\/p><h3>Des options sur mesure pour r\\u00e9pondre \\u00e0 tous les besoins<\\\/h3><p>Les clients peuvent choisir entre des meubles en contreplaqu\\u00e9 okoum\\u00e9 ou en contreplaqu\\u00e9 film\\u00e9, ainsi que des options sur mesure en bois, m\\u00e9lamin\\u00e9 de couleur ou en aluminium. La gamme PRO comprend \\u00e9galement un pack de protection des parois pour \\u00e9viter d&rsquo;endommager le v\\u00e9hicule utilitaire. Les \\u00e9quipes commerciales d&rsquo;ALASKA Am\\u00e9nagement sont disponibles de 8h \\u00e0 18h30 pour conseiller les clients dans le choix de leurs meubles en bois pour leur v\\u00e9hicule utilitaire.<\\\/p><h4>En conclusion<\\\/h4><p>ALASKA Am\\u00e9nagement est un choix id\\u00e9al pour tous les professionnels qui cherchent \\u00e0 optimiser leur v\\u00e9hicule utilitaire. Leurs solutions sur mesure en contreplaqu\\u00e9 okoum\\u00e9 sont r\\u00e9sistantes, durables et faciles \\u00e0 installer. Avec leur \\u00e9quipe commerciale disponible pour r\\u00e9pondre \\u00e0 toutes les questions, les clients peuvent \\u00eatre s\\u00fbrs de trouver les solutions de rangement parfaites pour leur v\\u00e9hicule utilitaire<\\\/p>\"}}]}<\/script>\n\t\t\t\t\t<\/div>\n\t\t\t\t\t\t<\/div>\n\t\t\t\t<\/div>\n\t\t\t\t\t<\/div>\n\t\t<\/div>\n\t\t\t\t\t<\/div>\n\t\t<\/section>\n\t\t\t\t<\/div>\n\t\t","protected":false},"excerpt":{"rendered":"<p>Am\u00e9nagements bois pour FOURGONNETTE L1 avec PL En savoir plus Optimisez votre v\u00e9hicule utilitaire avec ALASKA Am\u00e9nagement ALASKA Am\u00e9nagement est une entreprise sp\u00e9cialis\u00e9e dans la fabrication d&rsquo;am\u00e9nagements int\u00e9rieurs pour les v\u00e9hicules utilitaires. Leurs solutions sont&hellip;<\/p>\n","protected":false},"author":1,"featured_media":0,"parent":0,"menu_order":0,"comment_status":"closed","ping_status":"closed","template":"template-parts\/template-page-builders.php","meta":{"footnotes":""},"class_list":["post-8318","page","type-page","status-publish","hentry"],"_links":{"self":[{"href":"https:\/\/alaska-france.fr\/boutique\/wp-json\/wp\/v2\/pages\/8318","targetHints":{"allow":["GET"]}}],"collection":[{"href":"https:\/\/alaska-france.fr\/boutique\/wp-json\/wp\/v2\/pages"}],"about":[{"href":"https:\/\/alaska-france.fr\/boutique\/wp-json\/wp\/v2\/types\/page"}],"author":[{"embeddable":true,"href":"https:\/\/alaska-france.fr\/boutique\/wp-json\/wp\/v2\/users\/1"}],"replies":[{"embeddable":true,"href":"https:\/\/alaska-france.fr\/boutique\/wp-json\/wp\/v2\/comments?post=8318"}],"version-history":[{"count":19,"href":"https:\/\/alaska-france.fr\/boutique\/wp-json\/wp\/v2\/pages\/8318\/revisions"}],"predecessor-version":[{"id":8426,"href":"https:\/\/alaska-france.fr\/boutique\/wp-json\/wp\/v2\/pages\/8318\/revisions\/8426"}],"wp:attachment":[{"href":"https:\/\/alaska-france.fr\/boutique\/wp-json\/wp\/v2\/media?parent=8318"}],"curies":[{"name":"wp","href":"https:\/\/api.w.org\/{rel}","templated":true}]}}