

{"id":14242,"date":"2026-01-15T11:14:51","date_gmt":"2026-01-15T10:14:51","guid":{"rendered":"https:\/\/alaska-france.fr\/boutique\/amenagement-utilitaire-pour-electricien-solutions-cablage\/"},"modified":"2026-01-15T11:14:51","modified_gmt":"2026-01-15T10:14:51","slug":"amenagement-utilitaire-pour-electricien-solutions-cablage","status":"publish","type":"page","link":"https:\/\/alaska-france.fr\/boutique\/amenagement-utilitaire-pour-electricien-solutions-cablage\/","title":{"rendered":"Am\u00e9nagement Utilitaire pour \u00c9lectricien : Solutions C\u00e2blage"},"content":{"rendered":"<p>[avt_page type=\u00a0\u00bbtrade\u00a0\u00bb metier=\u00a0\u00bb\u00c9lectricien\u00a0\u00bb sub=\u00a0\u00bbC\u00e2blage\u00a0\u00bb besoin=\u00a0\u00bbValises &#038; Petites Pi\u00e8ces\u00a0\u00bb]<\/p>\n","protected":false},"excerpt":{"rendered":"<p>[avt_page type=\u00a0\u00bbtrade\u00a0\u00bb metier=\u00a0\u00bb\u00c9lectricien\u00a0\u00bb sub=\u00a0\u00bbC\u00e2blage\u00a0\u00bb besoin=\u00a0\u00bbValises &#038; Petites Pi\u00e8ces\u00a0\u00bb]<\/p>\n","protected":false},"author":1,"featured_media":0,"parent":0,"menu_order":0,"comment_status":"closed","ping_status":"closed","template":"elementor_header_footer","meta":{"footnotes":""},"class_list":["post-14242","page","type-page","status-publish","hentry"],"_links":{"self":[{"href":"https:\/\/alaska-france.fr\/boutique\/wp-json\/wp\/v2\/pages\/14242","targetHints":{"allow":["GET"]}}],"collection":[{"href":"https:\/\/alaska-france.fr\/boutique\/wp-json\/wp\/v2\/pages"}],"about":[{"href":"https:\/\/alaska-france.fr\/boutique\/wp-json\/wp\/v2\/types\/page"}],"author":[{"embeddable":true,"href":"https:\/\/alaska-france.fr\/boutique\/wp-json\/wp\/v2\/users\/1"}],"replies":[{"embeddable":true,"href":"https:\/\/alaska-france.fr\/boutique\/wp-json\/wp\/v2\/comments?post=14242"}],"version-history":[{"count":0,"href":"https:\/\/alaska-france.fr\/boutique\/wp-json\/wp\/v2\/pages\/14242\/revisions"}],"wp:attachment":[{"href":"https:\/\/alaska-france.fr\/boutique\/wp-json\/wp\/v2\/media?parent=14242"}],"curies":[{"name":"wp","href":"https:\/\/api.w.org\/{rel}","templated":true}]}}