

{"id":14238,"date":"2026-01-15T11:14:51","date_gmt":"2026-01-15T10:14:51","guid":{"rendered":"https:\/\/alaska-france.fr\/boutique\/amenagement-citroen-berlingo-kits-bois-metal-pro\/"},"modified":"2026-01-15T11:14:51","modified_gmt":"2026-01-15T10:14:51","slug":"amenagement-citroen-berlingo-kits-bois-metal-pro","status":"publish","type":"page","link":"https:\/\/alaska-france.fr\/boutique\/amenagement-citroen-berlingo-kits-bois-metal-pro\/","title":{"rendered":"Am\u00e9nagement Citro\u00ebn Berlingo : Kits Bois &#038; M\u00e9tal Pro"},"content":{"rendered":"<p>[avt_page type=\u00a0\u00bbvehicle\u00a0\u00bb marque=\u00a0\u00bbCitro\u00ebn\u00a0\u00bb modele=\u00a0\u00bbBerlingo\u00a0\u00bb spec=\u00a0\u00bbM et XL\u00a0\u00bb]<\/p>\n","protected":false},"excerpt":{"rendered":"<p>[avt_page type=\u00a0\u00bbvehicle\u00a0\u00bb marque=\u00a0\u00bbCitro\u00ebn\u00a0\u00bb modele=\u00a0\u00bbBerlingo\u00a0\u00bb spec=\u00a0\u00bbM et XL\u00a0\u00bb]<\/p>\n","protected":false},"author":1,"featured_media":0,"parent":0,"menu_order":0,"comment_status":"closed","ping_status":"closed","template":"elementor_header_footer","meta":{"footnotes":""},"class_list":["post-14238","page","type-page","status-publish","hentry"],"_links":{"self":[{"href":"https:\/\/alaska-france.fr\/boutique\/wp-json\/wp\/v2\/pages\/14238","targetHints":{"allow":["GET"]}}],"collection":[{"href":"https:\/\/alaska-france.fr\/boutique\/wp-json\/wp\/v2\/pages"}],"about":[{"href":"https:\/\/alaska-france.fr\/boutique\/wp-json\/wp\/v2\/types\/page"}],"author":[{"embeddable":true,"href":"https:\/\/alaska-france.fr\/boutique\/wp-json\/wp\/v2\/users\/1"}],"replies":[{"embeddable":true,"href":"https:\/\/alaska-france.fr\/boutique\/wp-json\/wp\/v2\/comments?post=14238"}],"version-history":[{"count":0,"href":"https:\/\/alaska-france.fr\/boutique\/wp-json\/wp\/v2\/pages\/14238\/revisions"}],"wp:attachment":[{"href":"https:\/\/alaska-france.fr\/boutique\/wp-json\/wp\/v2\/media?parent=14238"}],"curies":[{"name":"wp","href":"https:\/\/api.w.org\/{rel}","templated":true}]}}