

{"id":14200,"date":"2026-01-13T11:43:48","date_gmt":"2026-01-13T10:43:48","guid":{"rendered":"https:\/\/alaska-france.fr\/boutique\/serrure-utilitaire-securite-renforcee\/"},"modified":"2026-01-13T11:45:28","modified_gmt":"2026-01-13T10:45:28","slug":"serrure-utilitaire-securite-renforcee","status":"publish","type":"page","link":"https:\/\/alaska-france.fr\/boutique\/serrure-utilitaire-securite-renforcee\/","title":{"rendered":"Serrure Utilitaire : S\u00e9curit\u00e9 Renforc\u00e9e"},"content":{"rendered":"<p>[asm_page type=\u00a0\u00bbsecurite\u00a0\u00bb keyword=\u00a0\u00bbSerrure Utilitaire\u00a0\u00bb]<\/p>\n","protected":false},"excerpt":{"rendered":"<p>[asm_page type=\u00a0\u00bbsecurite\u00a0\u00bb keyword=\u00a0\u00bbSerrure Utilitaire\u00a0\u00bb]<\/p>\n","protected":false},"author":1,"featured_media":0,"parent":0,"menu_order":0,"comment_status":"closed","ping_status":"closed","template":"template-parts\/template-page-builders.php","meta":{"footnotes":""},"class_list":["post-14200","page","type-page","status-publish","hentry"],"_links":{"self":[{"href":"https:\/\/alaska-france.fr\/boutique\/wp-json\/wp\/v2\/pages\/14200","targetHints":{"allow":["GET"]}}],"collection":[{"href":"https:\/\/alaska-france.fr\/boutique\/wp-json\/wp\/v2\/pages"}],"about":[{"href":"https:\/\/alaska-france.fr\/boutique\/wp-json\/wp\/v2\/types\/page"}],"author":[{"embeddable":true,"href":"https:\/\/alaska-france.fr\/boutique\/wp-json\/wp\/v2\/users\/1"}],"replies":[{"embeddable":true,"href":"https:\/\/alaska-france.fr\/boutique\/wp-json\/wp\/v2\/comments?post=14200"}],"version-history":[{"count":1,"href":"https:\/\/alaska-france.fr\/boutique\/wp-json\/wp\/v2\/pages\/14200\/revisions"}],"predecessor-version":[{"id":14201,"href":"https:\/\/alaska-france.fr\/boutique\/wp-json\/wp\/v2\/pages\/14200\/revisions\/14201"}],"wp:attachment":[{"href":"https:\/\/alaska-france.fr\/boutique\/wp-json\/wp\/v2\/media?parent=14200"}],"curies":[{"name":"wp","href":"https:\/\/api.w.org\/{rel}","templated":true}]}}