

{"id":14104,"date":"2026-01-11T16:34:09","date_gmt":"2026-01-11T15:34:09","guid":{"rendered":"https:\/\/alaska-france.fr\/boutique\/kits-et-amenagement-utilitaire-a-compiegne\/"},"modified":"2026-01-11T16:45:39","modified_gmt":"2026-01-11T15:45:39","slug":"kits-et-amenagement-utilitaire-a-compiegne","status":"publish","type":"page","link":"https:\/\/alaska-france.fr\/boutique\/kits-et-amenagement-utilitaire-a-compiegne\/","title":{"rendered":"Kits et Am\u00e9nagement Utilitaire \u00e0 Compi\u00e8gne"},"content":{"rendered":"<p>[alaska_nord_page ville=\u00a0\u00bbCompi\u00e8gne\u00a0\u00bb temps=\u00a0\u00bb50 min\u00a0\u00bb route=\u00a0\u00bbA1&Prime;]<\/p>\n","protected":false},"excerpt":{"rendered":"<p>[alaska_nord_page ville=\u00a0\u00bbCompi\u00e8gne\u00a0\u00bb temps=\u00a0\u00bb50 min\u00a0\u00bb route=\u00a0\u00bbA1&Prime;]<\/p>\n","protected":false},"author":1,"featured_media":0,"parent":0,"menu_order":0,"comment_status":"closed","ping_status":"closed","template":"template-parts\/template-page-builders.php","meta":{"footnotes":""},"class_list":["post-14104","page","type-page","status-publish","hentry"],"_links":{"self":[{"href":"https:\/\/alaska-france.fr\/boutique\/wp-json\/wp\/v2\/pages\/14104","targetHints":{"allow":["GET"]}}],"collection":[{"href":"https:\/\/alaska-france.fr\/boutique\/wp-json\/wp\/v2\/pages"}],"about":[{"href":"https:\/\/alaska-france.fr\/boutique\/wp-json\/wp\/v2\/types\/page"}],"author":[{"embeddable":true,"href":"https:\/\/alaska-france.fr\/boutique\/wp-json\/wp\/v2\/users\/1"}],"replies":[{"embeddable":true,"href":"https:\/\/alaska-france.fr\/boutique\/wp-json\/wp\/v2\/comments?post=14104"}],"version-history":[{"count":1,"href":"https:\/\/alaska-france.fr\/boutique\/wp-json\/wp\/v2\/pages\/14104\/revisions"}],"predecessor-version":[{"id":14120,"href":"https:\/\/alaska-france.fr\/boutique\/wp-json\/wp\/v2\/pages\/14104\/revisions\/14120"}],"wp:attachment":[{"href":"https:\/\/alaska-france.fr\/boutique\/wp-json\/wp\/v2\/media?parent=14104"}],"curies":[{"name":"wp","href":"https:\/\/api.w.org\/{rel}","templated":true}]}}