

{"id":13426,"date":"2025-12-27T14:49:33","date_gmt":"2025-12-27T13:49:33","guid":{"rendered":"https:\/\/alaska-france.fr\/boutique\/installation-securite-vehicule-atelier-95\/"},"modified":"2025-12-27T15:01:35","modified_gmt":"2025-12-27T14:01:35","slug":"installation-securite-vehicule-atelier-95","status":"publish","type":"page","link":"https:\/\/alaska-france.fr\/boutique\/installation-securite-vehicule-atelier-95\/","title":{"rendered":"Installation S\u00e9curit\u00e9 V\u00e9hicule (Atelier 95)"},"content":{"rendered":"\t\t<div data-elementor-type=\"wp-page\" data-elementor-id=\"13426\" class=\"elementor elementor-13426\">\n\t\t\t\t<div class=\"elementor-element elementor-element-4fed8b09 e-flex e-con-boxed e-con e-parent\" data-id=\"4fed8b09\" data-element_type=\"container\" data-e-type=\"container\">\n\t\t\t\t\t<div class=\"e-con-inner\">\n\t\t\t\t<div class=\"elementor-element elementor-element-66aa834e elementor-widget elementor-widget-shortcode\" data-id=\"66aa834e\" data-element_type=\"widget\" data-e-type=\"widget\" data-widget_type=\"shortcode.default\">\n\t\t\t\t<div class=\"elementor-widget-container\">\n\t\t\t\t\t\t\t<div class=\"elementor-shortcode\">[alaska_keyword motcle=\"S\u00e9curit\u00e9 V\u00e9hicule\"]<\/div>\n\t\t\t\t\t\t<\/div>\n\t\t\t\t<\/div>\n\t\t\t\t\t<\/div>\n\t\t\t\t<\/div>\n\t\t\t\t<\/div>\n\t\t","protected":false},"excerpt":{"rendered":"<p>[alaska_keyword motcle=\u00a0\u00bbS\u00e9curit\u00e9 V\u00e9hicule\u00a0\u00bb]<\/p>\n","protected":false},"author":1,"featured_media":0,"parent":0,"menu_order":0,"comment_status":"closed","ping_status":"closed","template":"template-parts\/template-page-builders.php","meta":{"footnotes":""},"class_list":["post-13426","page","type-page","status-publish","hentry"],"_links":{"self":[{"href":"https:\/\/alaska-france.fr\/boutique\/wp-json\/wp\/v2\/pages\/13426","targetHints":{"allow":["GET"]}}],"collection":[{"href":"https:\/\/alaska-france.fr\/boutique\/wp-json\/wp\/v2\/pages"}],"about":[{"href":"https:\/\/alaska-france.fr\/boutique\/wp-json\/wp\/v2\/types\/page"}],"author":[{"embeddable":true,"href":"https:\/\/alaska-france.fr\/boutique\/wp-json\/wp\/v2\/users\/1"}],"replies":[{"embeddable":true,"href":"https:\/\/alaska-france.fr\/boutique\/wp-json\/wp\/v2\/comments?post=13426"}],"version-history":[{"count":3,"href":"https:\/\/alaska-france.fr\/boutique\/wp-json\/wp\/v2\/pages\/13426\/revisions"}],"predecessor-version":[{"id":13454,"href":"https:\/\/alaska-france.fr\/boutique\/wp-json\/wp\/v2\/pages\/13426\/revisions\/13454"}],"wp:attachment":[{"href":"https:\/\/alaska-france.fr\/boutique\/wp-json\/wp\/v2\/media?parent=13426"}],"curies":[{"name":"wp","href":"https:\/\/api.w.org\/{rel}","templated":true}]}}